{"id":987513440,"date":"2024-02-22T22:37:05","date_gmt":"2024-02-22T21:37:05","guid":{"rendered":"https:\/\/bancodefotografias.com\/?post_type=product&#038;p=987513440"},"modified":"2024-02-22T22:42:33","modified_gmt":"2024-02-22T21:42:33","slug":"banco-de-fotografias-dt920","status":"publish","type":"product","link":"https:\/\/bancodefotografias.com\/inicio\/imagenes\/banco-de-fotografias-dt920\/","title":{"rendered":"Banco de fotografias Animales   dt920"},"content":{"rendered":"<h4>Banco de fotograf\u00edas e im\u00e1genes de Animales\u00a0 \u00bb shiba inu\u00bb<\/h4>\n<p>fotografia de un cachorro shiba inu tumbado<\/p>\n<p>&nbsp;<\/p>\n<p style=\"text-align: justify;\">Si necesitas realizar una sesi\u00f3n de fotograf\u00eda \u00fanica, \u00bb comuni\u00f3n, boda, bautizos, retrato, desnudo, lencer\u00eda, comercial, productos o de cualquier otro tipo\u00bb .<\/p>\n<p style=\"text-align: justify;\">Concierta una cita mandando un mensaje\u00a0 a INFORMACION@DETENIENDOELTIEMPO.ES o\u00a0 visitando\u00a0 nuestra pagina de fotograf\u00eda <a href=\"http:\/\/www.deteniendoeltiempo.es\" target=\"_blank\" rel=\"noopener\">http:\/\/www.deteniendoeltiempo.es<\/a><\/p>\n<p style=\"text-align: justify;\">Visita nuestro blog si te interesa leer alg\u00fan articulo, pulsa <a href=\"https:\/\/bancodefotografias.com\/blog\/\">AQUI<\/a><\/p>\n<p style=\"text-align: justify;\">Tambi\u00e9n PUEDES\u00a0 ver mas CATEGORIAS de fotograf\u00edas\u00a0 dentro del Banco de fotograf\u00edas , pulsa <a href=\"https:\/\/bancodefotografias.com\/banco-de-fotografias-2\/\">AQUI<\/a><\/p>\n","protected":false},"excerpt":{"rendered":"<p>BANCO DE FOTOGRAFIAS<\/p>\n<p><strong>CATEGORIA:\u00a0 animales .- perros\u00a0 \u00a0.- shiba inu<\/strong><\/p>\n<p><strong>N\u00ba de veces descarga maximo : 25<\/strong><\/p>\n<p><strong>DATOS IMAGEN:<\/strong><\/p>\n<div class=\"group-content-key-value group-content fileSize\">\n<div class=\"group-content-key-value group-content fileSize\">\n<div class=\"group-content-key-value group-content fileSize\">\n<div class=\"group-content-key-value group-content fileSize\">\n<div class=\"group-content-key-value group-content fileSize\">\n<div class=\"group-content-key-value group-content fileSize\">\n<div class=\"group-content-key-value group-content fileSize\">\n<div class=\"group-content-key-value group-content fileSize\">\n<div class=\"group-content-key-value group-content fileSize\">\n<p class=\"group-content-key-value-key\">Tama\u00f1o de archivo: 12,26 MB Dimensiones 5568 x 3712<\/p>\n<\/div>\n<\/div>\n<\/div>\n<\/div>\n<\/div>\n<\/div>\n<\/div>\n<\/div>\n<\/div>\n<div class=\"group-content-key-value group-content fileSize\">\n<div class=\"group-content-key-value group-content fileSize\">\n<div class=\"group-content-key-value group-content fileSize\">\n<div class=\"group-content-key-value group-content fileSize\">\n<div class=\"group-content-key-value group-content fileSize\">\n<div class=\"group-content-key-value group-content fileSize\">\n<div class=\"group-content-key-value group-content fileSize\">\n<div class=\"group-content-key-value group-content fileSize\">\n<div class=\"group-content-key-value group-content fileSize\">\n<div class=\"group-content-key-value group-content fileSize\">\n<div class=\"group-content-key-value group-content fileSize\">\n<div class=\"group-content-key-value group-content fileSize\">\n<div class=\"group-content-key-value group-content fileSize\">\n<div class=\"group-content-key-value group-content fileSize\">\n<div class=\"group-content-key-value group-content fileSize\">\n<p class=\"group-content-key-value-key\">\n<\/div>\n<\/div>\n<\/div>\n<\/div>\n<\/div>\n<\/div>\n<\/div>\n<\/div>\n<\/div>\n<\/div>\n<\/div>\n<\/div>\n<\/div>\n<\/div>\n<\/div>\n<p>&nbsp;<\/p>\n<p>&nbsp;<\/p>\n<p>Descarga de archivos y licencias<\/p>\n<p>El usuario tiene acceso privado completo al archivo descargado por tiempo ilimitado.<\/p>\n<p>Los derechos de autor de la imagen descargada seguir\u00e1n perteneciendo a su propietario.<\/p>\n<p>Descarga de archivos: Peque\u00f1o<\/p>\n<p>Archivo con una resoluci\u00f3n m\u00e1xima de 800 px<\/p>\n<p>Descarga de archivos: Pantalla<\/p>\n<p>Archivo con una resoluci\u00f3n m\u00e1xima de 1024 p\u00edxeles.<\/p>\n<p>Descarga de archivos: Tama\u00f1o completo<\/p>\n<p>Archivo original en la m\u00e1xima calidad para obtener un resultado \u00f3ptimo<\/p>\n<p>&nbsp;<\/p>\n<p>NO VALIDA SU UTILIZACION PARA VENTA DE LA PROPIA IMAGEN COMO FICHERO DE DESCARGA O SIMILAR.<\/p>\n","protected":false},"featured_media":987507775,"comment_status":"open","ping_status":"closed","template":"","meta":{"_et_pb_use_builder":"","_et_pb_old_content":"","_et_gb_content_width":""},"product_brand":[],"product_cat":[748,749,1501],"product_tag":[1518,1510,543,791,2294,544,1655,1513,1520,1658,1521,1507,1667,1657,1653,1663,1508,1511,1502,1515,1664,1649,862,1669,1666,1672,1519,1674,1517,1503,1509,1506,1670,1516,1652,1514,1512,1654,1651,1671,1505,1504,1661,1660,1662,1665,1659,1650,1668,1656,1673],"class_list":{"0":"post-987513440","1":"product","2":"type-product","3":"status-publish","4":"has-post-thumbnail","6":"product_cat-banco-de-fotografias","7":"product_cat-animales-banco-de-fotografias","8":"product_cat-perros","9":"product_tag-amor-canino-en-imagenes","10":"product_tag-arte-canino","11":"product_tag-banco-de-fotografias","12":"product_tag-banco-de-fotografias-de-animales","13":"product_tag-banco-de-fotografias-de-perros","14":"product_tag-banco-de-imagenes","15":"product_tag-belleza-peluda","16":"product_tag-belleza-perruna","17":"product_tag-coleccion-perruna","18":"product_tag-companero-leal","19":"product_tag-companeros-de-vida-en-fotos","20":"product_tag-companeros-peludos","21":"product_tag-dulzura-peluda","22":"product_tag-elegancia-canina","23":"product_tag-encanto-japones","24":"product_tag-encuentra-tu-shiba-inu-perfecto","25":"product_tag-fotografias-de-cachorros","26":"product_tag-fotografias-de-mascotas","27":"product_tag-fotografias-de-perros","28":"product_tag-fotografias-de-perros-en-alta-resolucion","29":"product_tag-fotografias-de-raza","30":"product_tag-fotografias-de-shiba-inu","31":"product_tag-fotografias-dinamicas","32":"product_tag-fotografias-escenicas","33":"product_tag-fotografias-juguetonas","34":"product_tag-fotografias-macro","35":"product_tag-fotografias-profesionales-de-perros","36":"product_tag-fotografias-tematicas","37":"product_tag-galeria-canina","38":"product_tag-imagenes-caninas","39":"product_tag-lealtad-canina","40":"product_tag-momentos-perrunos","41":"product_tag-pelaje-fascinante","42":"product_tag-peludos-y-encantadores","43":"product_tag-perro-shiba-inu-en-imagenes","44":"product_tag-perros-adorables","45":"product_tag-perros-en-accion","46":"product_tag-personalidad-del-shiba-inu-capturada","47":"product_tag-raza-canina-shiba-inu","48":"product_tag-raza-shiba-inu-en-detalle","49":"product_tag-razas-de-perros-en-fotos","50":"product_tag-retratos-perrunos","51":"product_tag-rostros-expresivos","52":"product_tag-shiba-inu-en-accion","53":"product_tag-shiba-inu-en-blanco-y-negro","54":"product_tag-shiba-inu-en-el-jardin","55":"product_tag-shiba-inu-en-fotos","56":"product_tag-shiba-inu-en-fotos-encantadoras","57":"product_tag-shiba-inu-en-la-naturaleza","58":"product_tag-shiba-inu-en-momentos-adorables","59":"product_tag-shiba-inu-en-todas-las-estaciones","61":"first","62":"instock","63":"taxable","64":"shipping-taxable","65":"product-type-external"},"_links":{"self":[{"href":"https:\/\/bancodefotografias.com\/inicio\/wp-json\/wp\/v2\/product\/987513440","targetHints":{"allow":["GET"]}}],"collection":[{"href":"https:\/\/bancodefotografias.com\/inicio\/wp-json\/wp\/v2\/product"}],"about":[{"href":"https:\/\/bancodefotografias.com\/inicio\/wp-json\/wp\/v2\/types\/product"}],"replies":[{"embeddable":true,"href":"https:\/\/bancodefotografias.com\/inicio\/wp-json\/wp\/v2\/comments?post=987513440"}],"wp:featuredmedia":[{"embeddable":true,"href":"https:\/\/bancodefotografias.com\/inicio\/wp-json\/wp\/v2\/media\/987507775"}],"wp:attachment":[{"href":"https:\/\/bancodefotografias.com\/inicio\/wp-json\/wp\/v2\/media?parent=987513440"}],"wp:term":[{"taxonomy":"product_brand","embeddable":true,"href":"https:\/\/bancodefotografias.com\/inicio\/wp-json\/wp\/v2\/product_brand?post=987513440"},{"taxonomy":"product_cat","embeddable":true,"href":"https:\/\/bancodefotografias.com\/inicio\/wp-json\/wp\/v2\/product_cat?post=987513440"},{"taxonomy":"product_tag","embeddable":true,"href":"https:\/\/bancodefotografias.com\/inicio\/wp-json\/wp\/v2\/product_tag?post=987513440"}],"curies":[{"name":"wp","href":"https:\/\/api.w.org\/{rel}","templated":true}]}}