{"id":987513320,"date":"2024-02-16T12:56:18","date_gmt":"2024-02-16T11:56:18","guid":{"rendered":"https:\/\/bancodefotografias.com\/?post_type=product&#038;p=987513320"},"modified":"2024-02-16T13:00:07","modified_gmt":"2024-02-16T12:00:07","slug":"banco-de-fotografias-dt1214","status":"publish","type":"product","link":"https:\/\/bancodefotografias.com\/inicio\/imagenes\/banco-de-fotografias-dt1214\/","title":{"rendered":"Banco de fotografias en blanco y negro  Paisaje Marino  dt1214"},"content":{"rendered":"<h4>Banco de fotograf\u00edas e im\u00e1genes en blanco y negro paisaje marino<\/h4>\n<div class=\"flex-1 overflow-hidden\">\n<div class=\"react-scroll-to-bottom--css-yjnsg-79elbk h-full dark:bg-gray-800\">\n<div class=\"react-scroll-to-bottom--css-yjnsg-1n7m0yu\">\n<div class=\"flex flex-col text-sm dark:bg-gray-800\">\n<div class=\"group final-completion w-full text-token-text-primary border-b border-black\/10 gizmo:border-0 dark:border-gray-900\/50 gizmo:dark:border-0 bg-gray-50 gizmo:bg-transparent dark:bg-[#444654] gizmo:dark:bg-transparent\" data-testid=\"conversation-turn-183\">\n<div class=\"p-4 justify-center text-base md:gap-6 md:py-6 m-auto\">\n<div class=\"flex flex-1 gap-4 text-base mx-auto md:gap-6 gizmo:gap-3 gizmo:md:px-5 gizmo:lg:px-1 gizmo:xl:px-5 md:max-w-2xl lg:max-w-[38rem] gizmo:md:max-w-3xl gizmo:lg:max-w-[40rem] gizmo:xl:max-w-[48rem] xl:max-w-3xl }\">\n<div class=\"relative flex w-[calc(100%-50px)] flex-col gizmo:w-full lg:w-[calc(100%-115px)] agent-turn\">\n<div class=\"flex-col gap-1 md:gap-3\">\n<div class=\"flex flex-grow flex-col gap-3 max-w-full\">\n<div class=\"min-h-[20px] flex flex-col items-start gap-3 whitespace-pre-wrap break-words overflow-x-auto\">\n<div class=\"markdown prose w-full break-words dark:prose-invert light\">\n<div class=\"flex-1 overflow-hidden\">\n<div class=\"react-scroll-to-bottom--css-yjnsg-79elbk h-full dark:bg-gray-800\">\n<div class=\"react-scroll-to-bottom--css-yjnsg-1n7m0yu\">\n<div class=\"flex flex-col text-sm dark:bg-gray-800\">\n<div class=\"group final-completion w-full text-token-text-primary border-b border-black\/10 gizmo:border-0 dark:border-gray-900\/50 gizmo:dark:border-0 bg-gray-50 gizmo:bg-transparent dark:bg-[#444654] gizmo:dark:bg-transparent\" data-testid=\"conversation-turn-183\">\n<div class=\"p-4 justify-center text-base md:gap-6 md:py-6 m-auto\">\n<div class=\"flex flex-1 gap-4 text-base mx-auto md:gap-6 gizmo:gap-3 gizmo:md:px-5 gizmo:lg:px-1 gizmo:xl:px-5 md:max-w-2xl lg:max-w-[38rem] gizmo:md:max-w-3xl gizmo:lg:max-w-[40rem] gizmo:xl:max-w-[48rem] xl:max-w-3xl }\">\n<div class=\"relative flex w-[calc(100%-50px)] flex-col gizmo:w-full lg:w-[calc(100%-115px)] agent-turn\">\n<div class=\"flex-col gap-1 md:gap-3\">\n<div class=\"flex flex-grow flex-col gap-3 max-w-full\">\n<div class=\"min-h-[20px] flex flex-col items-start gap-3 whitespace-pre-wrap break-words overflow-x-auto\">\n<div class=\"markdown prose w-full break-words dark:prose-invert light\">\n<p>fotografia en blanco y negro del puente del petroleo en barcelona<\/p>\n<p>Te invitamos a sumergirte en una experiencia visual \u00fanica a trav\u00e9s de nuestra exclusiva colecci\u00f3n de fotograf\u00edas en blanco y negro de paisajes.<\/p>\n<\/div>\n<\/div>\n<\/div>\n<\/div>\n<\/div>\n<\/div>\n<\/div>\n<\/div>\n<\/div>\n<\/div>\n<\/div>\n<\/div>\n<p style=\"text-align: justify;\">Si necesitas realizar una sesi\u00f3n de fotograf\u00eda \u00fanica, \u00bb comuni\u00f3n, boda, bautizos, retrato, desnudo, lencer\u00eda, comercial, productos o de cualquier otro tipo\u00bb .<\/p>\n<p style=\"text-align: justify;\">Concierta una cita mandando un mensaje\u00a0 a INFORMACION@DETENIENDOELTIEMPO.ES o\u00a0 visitando\u00a0 nuestra pagina de fotograf\u00eda <a href=\"http:\/\/www.deteniendoeltiempo.es\" target=\"_blank\" rel=\"noopener\">http:\/\/www.deteniendoeltiempo.es<\/a><\/p>\n<p style=\"text-align: justify;\">Visita nuestro blog si te interesa leer alg\u00fan articulo, pulsa <a href=\"https:\/\/bancodefotografias.com\/blog\/\">AQUI<\/a><\/p>\n<p style=\"text-align: justify;\">Tambi\u00e9n PUEDES\u00a0 ver mas CATEGORIAS de fotograf\u00edas\u00a0 dentro del Banco de fotograf\u00edas , pulsa <a href=\"https:\/\/bancodefotografias.com\/banco-de-fotografias-2\/\">AQUI<\/a><\/p>\n<\/div>\n<\/div>\n<\/div>\n<\/div>\n<\/div>\n<\/div>\n<\/div>\n<\/div>\n<\/div>\n<\/div>\n<\/div>\n<\/div>\n","protected":false},"excerpt":{"rendered":"<p>BANCO DE FOTOGRAFIAS<\/p>\n<p><strong>CATEGORIA:\u00a0 BLANCO Y NEGRO .- PAISAJES<\/strong><\/p>\n<p><strong>N\u00ba de veces que esta a la venta imagen: 25<\/strong><\/p>\n<p><strong>DATOS IMAGEN:<\/strong><\/p>\n<div class=\"group-content-key-value group-content fileSize\">\n<div class=\"group-content-key-value group-content fileSize\">\n<p class=\"group-content-key-value-key\">Tama\u00f1o de archivo:<\/p>\n<div class=\"group-content-key-value group-content fileSize\">\n<p class=\"group-content-key-value-key\">Tama\u00f1o de archivo: 10,67 MB Dimensiones 6000 x 4000<\/p>\n<\/div>\n<\/div>\n<\/div>\n<p><strong> Descarga de archivos y licencias<br \/>\nEl usuario tiene acceso privado completo al archivo descargado por tiempo ilimitado.<br \/>\nLos derechos de autor de la imagen descargada seguir\u00e1n perteneciendo a su propietario.<br \/>\nDescarga de archivos: Peque\u00f1o<br \/>\nArchivo con una resoluci\u00f3n m\u00e1xima de 800 px<br \/>\nDescarga de archivos: Pantalla<br \/>\nArchivo con una resoluci\u00f3n m\u00e1xima de 1024 p\u00edxeles.<br \/>\nDescarga de archivos: Tama\u00f1o completo<br \/>\nArchivo original en la m\u00e1xima calidad para obtener un resultado \u00f3ptimo<\/strong><\/p>\n<p>NO VALIDA SU UTILIZACION PARA VENTA DE LA PROPIA IMAGEN COMO FICHERO DE DESCARGA O SIMILAR.<\/p>\n","protected":false},"featured_media":0,"comment_status":"open","ping_status":"closed","template":"","meta":{"_et_pb_use_builder":"","_et_pb_old_content":"","_et_gb_content_width":""},"product_brand":[],"product_cat":[748,1050,1051],"product_tag":[1079,1089,1061,1058,1083,1082,1074,1085,1057,1087,1065,1072,1080,1054,1075,1069,1091,1067,1093,1056,1073,1078,1062,1070,1060,1076,1055,1071,1081,1066,1059,1068,1092,1086,1063,1090,1077,1084,1094,1064,1088],"class_list":{"0":"post-987513320","1":"product","2":"type-product","3":"status-publish","5":"product_cat-banco-de-fotografias","6":"product_cat-blanco-y-negro","7":"product_cat-paisajes-bn","8":"product_tag-armonia-natural-en-fotografias-monocromaticas","9":"product_tag-capturas-atemporales-de-paisajes-en-escala-de-grises","10":"product_tag-coleccion-de-fotografias-en-escala-de-grises","11":"product_tag-contrastes","12":"product_tag-detalles-naturales-en-escala-de-grises","13":"product_tag-elegancia-paisajistica-en-blanco-y-negro","14":"product_tag-estampas-en-escala-de-grises-para-cuadros","15":"product_tag-estampas-monocromaticas-de-escenarios-naturales","16":"product_tag-estilo-clasico-en-fotografias-en-blanco-y-negro","17":"product_tag-fotografias-artisticas-de-naturaleza-en-tonalidades-de-gris","18":"product_tag-fotografias-artisticas-en-monocromo","19":"product_tag-fotografias-artisticas-en-tonalidades-grises","20":"product_tag-fotografias-de-naturaleza-en-tonalidades-grises","21":"product_tag-fotografias-en-blanco-y-negro-de-alta-resolucion","22":"product_tag-fotografias-en-blanco-y-negro-de-paisajes-naturales","23":"product_tag-fotografias-en-blanco-y-negro-para-fondos-de-pantalla","24":"product_tag-fotografias-monocromaticas-de-entornos-naturales","25":"product_tag-fotos-de-arquitectura-en-escala-de-grises","26":"product_tag-fotos-de-escenarios-naturales-en-blanco-y-negro","27":"product_tag-fotos-en-blanco-y-negro-artisticas","28":"product_tag-fotos-en-blanco-y-negro-para-diseno-grafico","29":"product_tag-fotos-en-escala-de-grises-de-paisajes","30":"product_tag-fotos-monocromaticas-para-interiores-modernos","31":"product_tag-galeria-de-arte-en-escala-de-grises","32":"product_tag-galeria-de-fotografias-en-tonalidades-grises","33":"product_tag-imagenes-monocromaticas-de-escenarios-naturales","34":"product_tag-imagenes-monocromaticas-para-decoracion","35":"product_tag-imagenes-monocromaticas-para-proyectos-creativos","36":"product_tag-imagenes-serenas-de-paisajes-en-blanco-y-negro","37":"product_tag-imagenes-vintage-en-blanco-y-negro","38":"product_tag-impactantes-en-imagenes-monocromaticas","39":"product_tag-naturaleza-capturada-en-tonalidades-de-gris","40":"product_tag-naturaleza-en-blanco-y-negro-para-proyectos-artisticos","41":"product_tag-paisajes-en-blanco-y-negro-para-decoracion","42":"product_tag-paisajes-en-blanco-y-negro-para-decorar","43":"product_tag-paisajes-en-tonalidades-grises-para-cuadros","44":"product_tag-paisajes-impresionantes-en-blanco-y-negro","45":"product_tag-paisajes-pintorescos-en-blanco-y-negro","46":"product_tag-paisajes-serenos-en-tonalidades-de-gris","47":"product_tag-retratos-en-tonalidades-de-gris","48":"product_tag-vistas-panoramicas-en-blanco-y-negro","50":"first","51":"instock","52":"taxable","53":"shipping-taxable","54":"product-type-external"},"_links":{"self":[{"href":"https:\/\/bancodefotografias.com\/inicio\/wp-json\/wp\/v2\/product\/987513320","targetHints":{"allow":["GET"]}}],"collection":[{"href":"https:\/\/bancodefotografias.com\/inicio\/wp-json\/wp\/v2\/product"}],"about":[{"href":"https:\/\/bancodefotografias.com\/inicio\/wp-json\/wp\/v2\/types\/product"}],"replies":[{"embeddable":true,"href":"https:\/\/bancodefotografias.com\/inicio\/wp-json\/wp\/v2\/comments?post=987513320"}],"wp:attachment":[{"href":"https:\/\/bancodefotografias.com\/inicio\/wp-json\/wp\/v2\/media?parent=987513320"}],"wp:term":[{"taxonomy":"product_brand","embeddable":true,"href":"https:\/\/bancodefotografias.com\/inicio\/wp-json\/wp\/v2\/product_brand?post=987513320"},{"taxonomy":"product_cat","embeddable":true,"href":"https:\/\/bancodefotografias.com\/inicio\/wp-json\/wp\/v2\/product_cat?post=987513320"},{"taxonomy":"product_tag","embeddable":true,"href":"https:\/\/bancodefotografias.com\/inicio\/wp-json\/wp\/v2\/product_tag?post=987513320"}],"curies":[{"name":"wp","href":"https:\/\/api.w.org\/{rel}","templated":true}]}}