{"id":987513299,"date":"2024-02-15T19:52:17","date_gmt":"2024-02-15T18:52:17","guid":{"rendered":"https:\/\/bancodefotografias.com\/?post_type=product&#038;p=987513299"},"modified":"2024-02-15T20:05:52","modified_gmt":"2024-02-15T19:05:52","slug":"banco-de-fotografias-dt58","status":"publish","type":"product","link":"https:\/\/bancodefotografias.com\/inicio\/imagenes\/banco-de-fotografias-dt58\/","title":{"rendered":"Banco de fotografias de animales,  dt58"},"content":{"rendered":"<h4>Banco de fotograf\u00edas e im\u00e1genes de animales\u00a0 \u00abSuricata\u00bb<\/h4>\n<div class=\"flex-1 overflow-hidden\">\n<div class=\"react-scroll-to-bottom--css-yjnsg-79elbk h-full dark:bg-gray-800\">\n<div class=\"react-scroll-to-bottom--css-yjnsg-1n7m0yu\">\n<div class=\"flex flex-col text-sm dark:bg-gray-800\">\n<div class=\"group final-completion w-full text-token-text-primary border-b border-black\/10 gizmo:border-0 dark:border-gray-900\/50 gizmo:dark:border-0 bg-gray-50 gizmo:bg-transparent dark:bg-[#444654] gizmo:dark:bg-transparent\" data-testid=\"conversation-turn-183\">\n<div class=\"p-4 justify-center text-base md:gap-6 md:py-6 m-auto\">\n<div class=\"flex flex-1 gap-4 text-base mx-auto md:gap-6 gizmo:gap-3 gizmo:md:px-5 gizmo:lg:px-1 gizmo:xl:px-5 md:max-w-2xl lg:max-w-[38rem] gizmo:md:max-w-3xl gizmo:lg:max-w-[40rem] gizmo:xl:max-w-[48rem] xl:max-w-3xl }\">\n<div class=\"relative flex w-[calc(100%-50px)] flex-col gizmo:w-full lg:w-[calc(100%-115px)] agent-turn\">\n<div class=\"flex-col gap-1 md:gap-3\">\n<div class=\"flex flex-grow flex-col gap-3 max-w-full\">\n<div class=\"min-h-[20px] flex flex-col items-start gap-3 whitespace-pre-wrap break-words overflow-x-auto\">\n<div class=\"markdown prose w-full break-words dark:prose-invert light\">\n<p>imagen de un suricata sobre un tronco<\/p>\n<p>\u201cExplora el Fascinante Mundo de los Suricatos: Fotos Online de Alta Calidad\u201d<\/p>\n<p style=\"text-align: justify;\">Si necesitas realizar una sesi\u00f3n de fotograf\u00eda \u00fanica, \u00bb comuni\u00f3n, boda, bautizos, retrato, desnudo, lencer\u00eda, comercial, productos o de cualquier otro tipo\u00bb .<\/p>\n<p style=\"text-align: justify;\">Concierta una cita mandando un mensaje\u00a0 a INFORMACION@DETENIENDOELTIEMPO.ES o\u00a0 visitando\u00a0 nuestra pagina de fotograf\u00eda <a href=\"http:\/\/www.deteniendoeltiempo.es\" target=\"_blank\" rel=\"noopener\">http:\/\/www.deteniendoeltiempo.es<\/a><\/p>\n<p style=\"text-align: justify;\">Visita nuestro blog si te interesa leer alg\u00fan articulo, pulsa <a href=\"https:\/\/bancodefotografias.com\/blog\/\">AQUI<\/a><\/p>\n<p style=\"text-align: justify;\">Tambi\u00e9n PUEDES\u00a0 ver mas CATEGORIAS de fotograf\u00edas\u00a0 dentro del Banco de fotograf\u00edas , pulsa <a href=\"https:\/\/bancodefotografias.com\/banco-de-fotografias-2\/\">AQUI<\/a><\/p>\n<p>&nbsp;<\/p>\n<p>&nbsp;<\/p>\n<\/div>\n<\/div>\n<\/div>\n<\/div>\n<\/div>\n<\/div>\n<\/div>\n<\/div>\n<\/div>\n<\/div>\n<\/div>\n<\/div>\n","protected":false},"excerpt":{"rendered":"<p>BANCO DE FOTOGRAFIAS<\/p>\n<p><strong>CATEGORIA:\u00a0 ANIMALES .- SURICATAS\u00a0<\/strong><\/p>\n<p><strong>N\u00ba de veces que esta a la venta imagen:\u00a0 25<\/strong><\/p>\n<p><strong>DATOS IMAGEN:\u00a0<\/strong><\/p>\n<div class=\"group-content-key-value group-content fileSize\">\n<div class=\"group-content-key-value group-content fileSize\">\n<div class=\"group-content-key-value group-content fileSize\">\n<div class=\"group-content-key-value group-content fileSize\">\n<div class=\"group-content-key-value group-content fileSize\">\n<div class=\"group-content-key-value group-content fileSize\">\n<div class=\"group-content-key-value group-content fileSize\">\n<div class=\"group-content-key-value group-content fileSize\">\n<div class=\"group-content-key-value group-content fileSize\">\n<p class=\"group-content-key-value-key\">Tama\u00f1o de archivo: 13,51 MB Dimensiones 6016 x 4000<\/p>\n<\/div>\n<\/div>\n<\/div>\n<\/div>\n<\/div>\n<\/div>\n<\/div>\n<\/div>\n<\/div>\n<p>Descarga de archivos y licencias<br \/>\nEl usuario tiene acceso privado completo al archivo descargado por tiempo ilimitado.<br \/>\nLos derechos de autor de la imagen descargada seguir\u00e1n perteneciendo a su propietario.<\/p>\n<p>Descarga de archivos: Peque\u00f1o<br \/>\nArchivo con una resoluci\u00f3n m\u00e1xima de 800 px<\/p>\n<p>Descarga de archivos: Pantalla<br \/>\nArchivo con una resoluci\u00f3n m\u00e1xima de 1024 p\u00edxeles.<\/p>\n<p>Descarga de archivos: Tama\u00f1o completo<br \/>\nArchivo original en la m\u00e1xima calidad para obtener un resultado \u00f3ptimo<\/p>\n<p>NO VALIDA SU UTILIZACION PARA VENTA DE LA PROPIA IMAGEN COMO FICHERO DE DESCARGA O SIMILAR.<\/p>\n","protected":false},"featured_media":0,"comment_status":"open","ping_status":"closed","template":"","meta":{"_et_pb_use_builder":"","_et_pb_old_content":"","_et_gb_content_width":""},"product_brand":[],"product_cat":[748,749,897],"product_tag":[695,883,543,791,2295,544,820,906,921,876,889,890,873,904,699,894,891,892,895,700,709,708,707,706,701,698,697,881,917,696,704,880,898,915,908,694,879,920,914,885,900,902,877,899,905,911,901,910,878,893,518,912,918,916,606,903,919,909,907,913],"class_list":{"0":"post-987513299","1":"product","2":"type-product","3":"status-publish","5":"product_cat-banco-de-fotografias","6":"product_cat-animales-banco-de-fotografias","7":"product_cat-suricata","8":"product_tag-animales-en-su-habitat-natural","9":"product_tag-arte-animal","10":"product_tag-banco-de-fotografias","11":"product_tag-banco-de-fotografias-de-animales","12":"product_tag-banco-de-fotografias-de-suricatas","13":"product_tag-banco-de-imagenes","14":"product_tag-banco-de-imagenes-de-animales","15":"product_tag-cautivadoras-fotografias-de-suricatas","16":"product_tag-detalles-fascinantes","17":"product_tag-fotografia-de-animales","18":"product_tag-fotografia-de-animales-en-accion","19":"product_tag-fotografia-de-animales-en-su-habitat-natural","20":"product_tag-fotografias-artisticas","21":"product_tag-fotografias-asombrosas","22":"product_tag-fotografias-de-animales-en-accion","23":"product_tag-fotografias-de-animales-en-alta-resolucion","24":"product_tag-fotografias-de-animales-en-blanco-y-negro","25":"product_tag-fotografias-de-animales-en-colores-vivos","26":"product_tag-fotografias-de-animales-en-cuadros","27":"product_tag-fotografias-de-animales-en-el-bosque","28":"product_tag-fotografias-de-animales-en-el-invierno","29":"product_tag-fotografias-de-animales-en-el-otono","30":"product_tag-fotografias-de-animales-en-el-verano","31":"product_tag-fotografias-de-animales-en-la-primavera","32":"product_tag-fotografias-de-animales-en-la-selva","33":"product_tag-fotografias-de-animales-en-macro","34":"product_tag-fotografias-de-animales-exoticos","35":"product_tag-fotografias-de-animales-silvestres","36":"product_tag-fotografias-de-comunidad","37":"product_tag-fotografias-de-fauna-salvaje","38":"product_tag-fotografias-de-mamiferos-en-su-entorno-natural","39":"product_tag-fotografias-de-naturaleza","40":"product_tag-fotografias-de-suricatas-en-accion","41":"product_tag-fotografias-de-suricatas-en-la-sabana-africana","42":"product_tag-fotografias-de-suricatas-para-coleccionistas","43":"product_tag-fotografias-de-vida-animal","44":"product_tag-fotografias-de-vida-salvaje","45":"product_tag-fotografias-macro-de-suricatas","46":"product_tag-fotos-autenticas","47":"product_tag-fotos-de-animales-exoticos","48":"product_tag-fotos-de-vida-salvaje","49":"product_tag-fotos-profesionales-de-suricatas","50":"product_tag-imagenes-de-fauna","51":"product_tag-imagenes-de-suricatas-en-su-habitat-natural","52":"product_tag-imagenes-encantadoras-de-suricatas","53":"product_tag-momentos-cotidianos-de-suricatas-fotografiados","54":"product_tag-momentos-unicos-de-suricatas-capturados","55":"product_tag-naturaleza-africana-capturada","56":"product_tag-retratos-animales","57":"product_tag-retratos-de-animales-con-caracter","58":"product_tag-suricatas","59":"product_tag-suricatas-curiosas-en-fotografias-detalladas","60":"product_tag-suricatas-en-blanco-y-negro","61":"product_tag-suricatas-en-grupo","62":"product_tag-suricatas-en-imagenes","63":"product_tag-suricatas-en-la-naturaleza","64":"product_tag-suricatas-jovenes-en-fotos-adorables","65":"product_tag-suricatas-jugando-en-fotos-profesionales","66":"product_tag-vida-de-suricatas-en-fotografias-de-calidad","67":"product_tag-vida-social-de-suricatas","69":"first","70":"instock","71":"taxable","72":"shipping-taxable","73":"product-type-external"},"_links":{"self":[{"href":"https:\/\/bancodefotografias.com\/inicio\/wp-json\/wp\/v2\/product\/987513299","targetHints":{"allow":["GET"]}}],"collection":[{"href":"https:\/\/bancodefotografias.com\/inicio\/wp-json\/wp\/v2\/product"}],"about":[{"href":"https:\/\/bancodefotografias.com\/inicio\/wp-json\/wp\/v2\/types\/product"}],"replies":[{"embeddable":true,"href":"https:\/\/bancodefotografias.com\/inicio\/wp-json\/wp\/v2\/comments?post=987513299"}],"wp:attachment":[{"href":"https:\/\/bancodefotografias.com\/inicio\/wp-json\/wp\/v2\/media?parent=987513299"}],"wp:term":[{"taxonomy":"product_brand","embeddable":true,"href":"https:\/\/bancodefotografias.com\/inicio\/wp-json\/wp\/v2\/product_brand?post=987513299"},{"taxonomy":"product_cat","embeddable":true,"href":"https:\/\/bancodefotografias.com\/inicio\/wp-json\/wp\/v2\/product_cat?post=987513299"},{"taxonomy":"product_tag","embeddable":true,"href":"https:\/\/bancodefotografias.com\/inicio\/wp-json\/wp\/v2\/product_tag?post=987513299"}],"curies":[{"name":"wp","href":"https:\/\/api.w.org\/{rel}","templated":true}]}}