{"id":987513283,"date":"2024-02-14T13:18:55","date_gmt":"2024-02-14T12:18:55","guid":{"rendered":"https:\/\/bancodefotografias.com\/?post_type=product&#038;p=987513283"},"modified":"2024-02-14T13:20:33","modified_gmt":"2024-02-14T12:20:33","slug":"banco-de-fotografias-dt1579","status":"publish","type":"product","link":"https:\/\/bancodefotografias.com\/inicio\/imagenes\/banco-de-fotografias-dt1579\/","title":{"rendered":"Banco de fotografias de animales,  dt1579"},"content":{"rendered":"<h4>Banco de fotograf\u00edas e im\u00e1genes de animales\u00a0 \u00abMariposas\u00bb<\/h4>\n<div class=\"flex-1 overflow-hidden\">\n<div class=\"react-scroll-to-bottom--css-yjnsg-79elbk h-full dark:bg-gray-800\">\n<div class=\"react-scroll-to-bottom--css-yjnsg-1n7m0yu\">\n<div class=\"flex flex-col text-sm dark:bg-gray-800\">\n<div class=\"group final-completion w-full text-token-text-primary border-b border-black\/10 gizmo:border-0 dark:border-gray-900\/50 gizmo:dark:border-0 bg-gray-50 gizmo:bg-transparent dark:bg-[#444654] gizmo:dark:bg-transparent\" data-testid=\"conversation-turn-183\">\n<div class=\"p-4 justify-center text-base md:gap-6 md:py-6 m-auto\">\n<div class=\"flex flex-1 gap-4 text-base mx-auto md:gap-6 gizmo:gap-3 gizmo:md:px-5 gizmo:lg:px-1 gizmo:xl:px-5 md:max-w-2xl lg:max-w-[38rem] gizmo:md:max-w-3xl gizmo:lg:max-w-[40rem] gizmo:xl:max-w-[48rem] xl:max-w-3xl }\">\n<div class=\"relative flex w-[calc(100%-50px)] flex-col gizmo:w-full lg:w-[calc(100%-115px)] agent-turn\">\n<div class=\"flex-col gap-1 md:gap-3\">\n<div class=\"flex flex-grow flex-col gap-3 max-w-full\">\n<div class=\"min-h-[20px] flex flex-col items-start gap-3 whitespace-pre-wrap break-words overflow-x-auto\">\n<div class=\"markdown prose w-full break-words dark:prose-invert light\">\n<p>\u201cDescubre la Belleza Ef\u00edmera: Fotos Online de Mariposas Exquisitas\u201d<\/p>\n<p>fotografia de una mariposa\u00a0 sobre una flor generada por ia<\/p>\n<p>&nbsp;<\/p>\n<p style=\"text-align: justify;\">Si necesitas realizar una sesi\u00f3n de fotograf\u00eda \u00fanica, \u00bb comuni\u00f3n, boda, bautizos, retrato, desnudo, lencer\u00eda, comercial, productos o de cualquier otro tipo\u00bb .<\/p>\n<p style=\"text-align: justify;\">Concierta una cita mandando un mensaje\u00a0 a INFORMACION@DETENIENDOELTIEMPO.ES o\u00a0 visitando\u00a0 nuestra pagina de fotograf\u00eda <a href=\"http:\/\/www.deteniendoeltiempo.es\" target=\"_blank\" rel=\"noopener\">http:\/\/www.deteniendoeltiempo.es<\/a><\/p>\n<p style=\"text-align: justify;\">Visita nuestro blog si te interesa leer alg\u00fan articulo, pulsa <a href=\"https:\/\/bancodefotografias.com\/blog\/\">AQUI<\/a><\/p>\n<p style=\"text-align: justify;\">Tambi\u00e9n PUEDES\u00a0 ver mas CATEGORIAS de fotograf\u00edas\u00a0 dentro del Banco de fotograf\u00edas , pulsa <a href=\"https:\/\/bancodefotografias.com\/banco-de-fotografias-2\/\">AQUI<\/a><\/p>\n<p>&nbsp;<\/p>\n<\/div>\n<\/div>\n<\/div>\n<\/div>\n<\/div>\n<\/div>\n<\/div>\n<\/div>\n<\/div>\n<\/div>\n<\/div>\n<\/div>\n<p>&nbsp;<\/p>\n","protected":false},"excerpt":{"rendered":"<p>BANCO DE FOTOGRAFIAS<\/p>\n<p><strong>CATEGORIA:\u00a0 \u00a0animales.- mariposas\u00a0<\/strong><\/p>\n<p><strong>N\u00ba de veces descarga maximo :25<\/strong><\/p>\n<p><strong>DATOS IMAGEN:<\/strong><\/p>\n<div class=\"group-content-key-value group-content fileSize\">\n<div class=\"group-content-key-value group-content fileSize\">\n<p class=\"group-content-key-value-key\">Tama\u00f1o de archivo: 0,61 MB Dimensiones\u00a0 1200 x 1248<\/p>\n<\/div>\n<\/div>\n<p>&nbsp;<\/p>\n<p>&nbsp;<\/p>\n<p>Descarga de archivos y licencias<\/p>\n<p>El usuario tiene acceso privado completo al archivo descargado por tiempo ilimitado.<\/p>\n<p>Los derechos de autor de la imagen descargada seguir\u00e1n perteneciendo a su propietario.<\/p>\n<p>Descarga de archivos: Peque\u00f1o<\/p>\n<p>Archivo con una resoluci\u00f3n m\u00e1xima de 800 px<\/p>\n<p>Descarga de archivos: Pantalla<\/p>\n<p>Archivo con una resoluci\u00f3n m\u00e1xima de 1024 p\u00edxeles.<\/p>\n<p>Descarga de archivos: Tama\u00f1o completo<\/p>\n<p>Archivo original en la m\u00e1xima calidad para obtener un resultado \u00f3ptimo<\/p>\n<p>&nbsp;<\/p>\n<p>NO VALIDA SU UTILIZACION PARA VENTA DE LA PROPIA IMAGEN COMO FICHERO DE DESCARGA O SIMILAR.<\/p>\n","protected":false},"featured_media":0,"comment_status":"open","ping_status":"closed","template":"","meta":{"_et_pb_use_builder":"","_et_pb_old_content":"","_et_gb_content_width":""},"product_brand":[],"product_cat":[748,749,922],"product_tag":[934,543,791,951,544,820,932,927,921,931,873,930,950,923,937,862,869,942,928,944,946,925,874,926,945,929,939,935,943,933,948,938,924,941,949,947,936,940],"class_list":{"0":"post-987513283","1":"product","2":"type-product","3":"status-publish","5":"product_cat-banco-de-fotografias","6":"product_cat-animales-banco-de-fotografias","7":"product_cat-mariposas","8":"product_tag-alas-de-belleza","9":"product_tag-banco-de-fotografias","10":"product_tag-banco-de-fotografias-de-animales","11":"product_tag-banco-de-fotografias-de-mariposas","12":"product_tag-banco-de-imagenes","13":"product_tag-banco-de-imagenes-de-animales","14":"product_tag-coleccion-de-mariposas-en-fotos-de-calidad","15":"product_tag-detalle-increible","16":"product_tag-detalles-fascinantes","17":"product_tag-elegantes-mariposas-en-fotografias-artisticas","18":"product_tag-fotografias-artisticas","19":"product_tag-fotografias-autenticas","20":"product_tag-fotografias-de-galeria","21":"product_tag-fotografias-de-mariposas-en-alta-resolucion","22":"product_tag-fotografias-de-mariposas-raras","23":"product_tag-fotografias-dinamicas","24":"product_tag-fotografias-encantadoras","25":"product_tag-fotografias-impactantes","26":"product_tag-fotografias-macro-de-mariposas","27":"product_tag-fotografias-naturales","28":"product_tag-fotografias-nocturnas","29":"product_tag-imagenes-asombrosas","30":"product_tag-imagenes-detalladas","31":"product_tag-mariposas-coloridas-en-fotografias-profesionales","32":"product_tag-mariposas-de-noche","33":"product_tag-mariposas-del-mundo","34":"product_tag-mariposas-en-blanco-y-negro","35":"product_tag-mariposas-en-fotografias-hd","36":"product_tag-mariposas-en-jardines","37":"product_tag-mariposas-en-la-naturaleza","38":"product_tag-mariposas-en-macrofotografias-detalladas","39":"product_tag-mariposas-en-vuelo","40":"product_tag-mariposas-exoticas","41":"product_tag-mariposas-monarca","42":"product_tag-mariposas-tropicales-en-fotografias-de-alta-definicion","43":"product_tag-mariposas-y-flores-en-fotografias-romanticas","44":"product_tag-patrones-unicos","45":"product_tag-vida-de-mariposas-capturada-en-imagenes","47":"first","48":"instock","49":"taxable","50":"shipping-taxable","51":"product-type-external"},"_links":{"self":[{"href":"https:\/\/bancodefotografias.com\/inicio\/wp-json\/wp\/v2\/product\/987513283","targetHints":{"allow":["GET"]}}],"collection":[{"href":"https:\/\/bancodefotografias.com\/inicio\/wp-json\/wp\/v2\/product"}],"about":[{"href":"https:\/\/bancodefotografias.com\/inicio\/wp-json\/wp\/v2\/types\/product"}],"replies":[{"embeddable":true,"href":"https:\/\/bancodefotografias.com\/inicio\/wp-json\/wp\/v2\/comments?post=987513283"}],"wp:attachment":[{"href":"https:\/\/bancodefotografias.com\/inicio\/wp-json\/wp\/v2\/media?parent=987513283"}],"wp:term":[{"taxonomy":"product_brand","embeddable":true,"href":"https:\/\/bancodefotografias.com\/inicio\/wp-json\/wp\/v2\/product_brand?post=987513283"},{"taxonomy":"product_cat","embeddable":true,"href":"https:\/\/bancodefotografias.com\/inicio\/wp-json\/wp\/v2\/product_cat?post=987513283"},{"taxonomy":"product_tag","embeddable":true,"href":"https:\/\/bancodefotografias.com\/inicio\/wp-json\/wp\/v2\/product_tag?post=987513283"}],"curies":[{"name":"wp","href":"https:\/\/api.w.org\/{rel}","templated":true}]}}