{"id":987513263,"date":"2024-02-14T11:51:06","date_gmt":"2024-02-14T10:51:06","guid":{"rendered":"https:\/\/bancodefotografias.com\/?post_type=product&#038;p=987513263"},"modified":"2024-02-14T12:02:11","modified_gmt":"2024-02-14T11:02:11","slug":"banco-de-fotografias-dt69","status":"publish","type":"product","link":"https:\/\/bancodefotografias.com\/inicio\/imagenes\/banco-de-fotografias-dt69\/","title":{"rendered":"Banco de fotografias de animales,  dt69"},"content":{"rendered":"<h4>Banco de fotograf\u00edas im\u00e1genes de Monos<\/h4>\n<p>Imagen de un\u00a0 mono\u00a0 sobre un tronco mirando hacia arriba<\/p>\n<h4><span style=\"color: #666666; font-size: 14px;\">Explora la Vida Salvaje: Fotos Online de Monos en su Esplendor\u201d<\/span><\/h4>\n<p style=\"text-align: justify;\">Si necesitas realizar una sesi\u00f3n de fotograf\u00eda \u00fanica, \u00bb comuni\u00f3n, boda, bautizos, retrato, desnudo, lencer\u00eda, comercial, productos o de cualquier otro tipo\u00bb .<\/p>\n<p style=\"text-align: justify;\">Concierta una cita mandando un mensaje\u00a0 a INFORMACION@DETENIENDOELTIEMPO.ES o\u00a0 visitando\u00a0 nuestra pagina de fotograf\u00eda <a href=\"http:\/\/www.deteniendoeltiempo.es\" target=\"_blank\" rel=\"noopener\">http:\/\/www.deteniendoeltiempo.es<\/a><\/p>\n<p style=\"text-align: justify;\">Visita nuestro blog si te interesa leer alg\u00fan articulo, pulsa <a href=\"https:\/\/bancodefotografias.com\/blog\/\">AQUI<\/a><\/p>\n<p style=\"text-align: justify;\">Tambi\u00e9n PUEDES\u00a0 ver mas CATEGORIAS de fotograf\u00edas\u00a0 dentro del Banco de fotograf\u00edas , pulsa <a href=\"https:\/\/bancodefotografias.com\/banco-de-fotografias-2\/\">AQUI<\/a><\/p>\n","protected":false},"excerpt":{"rendered":"<p>BANCO DE FOTOGRAFIAS<\/p>\n<p><strong>CATEGORIA:\u00a0 \u00a0animales.-\u00a0 monos\u00a0<\/strong><\/p>\n<p><strong>N\u00ba de veces descarga maximo : 25<\/strong><\/p>\n<p><strong>DATOS IMAGEN:\u00a0<\/strong><\/p>\n<div class=\"group-content-key-value group-content fileSize\">\n<p class=\"group-content-key-value-key\">Tama\u00f1o de archivo:<\/p>\n<div class=\"group-content-key-value group-content fileSize\">\n<p class=\"group-content-key-value-key\">Tama\u00f1o de archivo:<\/p>\n<div class=\"group-content-key-value group-content fileSize\">\n<p class=\"group-content-key-value-key\">Tama\u00f1o de archivo: 13,01 MB Dimensiones 6016 x 4000<\/p>\n<\/div>\n<\/div>\n<\/div>\n<p>&nbsp;<\/p>\n<p>&nbsp;<\/p>\n<p>Descarga de archivos y licencias<\/p>\n<p>El usuario tiene acceso privado completo al archivo descargado por tiempo ilimitado.<\/p>\n<p>Los derechos de autor de la imagen descargada seguir\u00e1n perteneciendo a su propietario.<\/p>\n<p>Descarga de archivos: Peque\u00f1o<\/p>\n<p>Archivo con una resoluci\u00f3n m\u00e1xima de 800 px<\/p>\n<p>Descarga de archivos: Pantalla<\/p>\n<p>Archivo con una resoluci\u00f3n m\u00e1xima de 1024 p\u00edxeles.<\/p>\n<p>Descarga de archivos: Tama\u00f1o completo<\/p>\n<p>Archivo original en la m\u00e1xima calidad para obtener un resultado \u00f3ptimo<\/p>\n<p>&nbsp;<\/p>\n<p>NO VALIDA SU UTILIZACION PARA VENTA DE LA PROPIA IMAGEN COMO FICHERO DE DESCARGA O SIMILAR.<\/p>\n","protected":false},"featured_media":0,"comment_status":"open","ping_status":"closed","template":"","meta":{"_et_pb_use_builder":"","_et_pb_old_content":"","_et_gb_content_width":""},"product_brand":[],"product_cat":[748,749,952],"product_tag":[543,791,956,544,820,971,963,960,927,873,930,979,982,637,978,967,972,975,981,862,970,869,961,944,925,966,959,874,977,962,964,965,980,646,976,969,958,968,974,973,852],"class_list":{"0":"post-987513263","1":"product","2":"type-product","3":"status-publish","5":"product_cat-banco-de-fotografias","6":"product_cat-animales-banco-de-fotografias","7":"product_cat-monos","8":"product_tag-banco-de-fotografias","9":"product_tag-banco-de-fotografias-de-animales","10":"product_tag-banco-de-fotografias-de-monos","11":"product_tag-banco-de-imagenes","12":"product_tag-banco-de-imagenes-de-animales","13":"product_tag-belleza-natural","14":"product_tag-capturados-en-imagenes","15":"product_tag-curiosos-en-fotografias-profesionales","16":"product_tag-detalle-increible","17":"product_tag-fotografias-artisticas","18":"product_tag-fotografias-autenticas","19":"product_tag-fotografias-de-exploracion","20":"product_tag-fotografias-de-la-vida-salvaje","21":"product_tag-fotografias-de-monos-en-alta-resolucion","22":"product_tag-fotografias-de-monos-en-familia","23":"product_tag-fotografias-de-monos-en-su-elemento","24":"product_tag-fotografias-de-monos-en-su-habitat-natural","25":"product_tag-fotografias-de-monos-para-coleccionistas","26":"product_tag-fotografias-de-natacion","27":"product_tag-fotografias-dinamicas","28":"product_tag-fotografias-dinamicas-de-monos","29":"product_tag-fotografias-encantadoras","30":"product_tag-fotografias-macro-de-monos","31":"product_tag-fotografias-naturales","32":"product_tag-imagenes-asombrosas","33":"product_tag-imagenes-de-monos-en-la-selva","34":"product_tag-imagenes-de-monos-juguetones","35":"product_tag-imagenes-detalladas","36":"product_tag-momentos-de-intimidad","37":"product_tag-momentos-unicos-de-monos","38":"product_tag-monos-del-mundo","39":"product_tag-monos-en-blanco-y-negro","40":"product_tag-monos-en-el-agua","41":"product_tag-monos-en-la-selva-tropical","42":"product_tag-monos-en-los-arboles","43":"product_tag-monos-en-movimiento","44":"product_tag-monos-en-su-entorno-natural","45":"product_tag-monos-jugando-y-socializando","46":"product_tag-monos-salvajes-en-fotografias-de-calidad-premium","47":"product_tag-monos-y-sus-crias-en-fotografias-adorables","48":"product_tag-vida-salvaje","50":"first","51":"instock","52":"taxable","53":"shipping-taxable","54":"product-type-external"},"_links":{"self":[{"href":"https:\/\/bancodefotografias.com\/inicio\/wp-json\/wp\/v2\/product\/987513263","targetHints":{"allow":["GET"]}}],"collection":[{"href":"https:\/\/bancodefotografias.com\/inicio\/wp-json\/wp\/v2\/product"}],"about":[{"href":"https:\/\/bancodefotografias.com\/inicio\/wp-json\/wp\/v2\/types\/product"}],"replies":[{"embeddable":true,"href":"https:\/\/bancodefotografias.com\/inicio\/wp-json\/wp\/v2\/comments?post=987513263"}],"wp:attachment":[{"href":"https:\/\/bancodefotografias.com\/inicio\/wp-json\/wp\/v2\/media?parent=987513263"}],"wp:term":[{"taxonomy":"product_brand","embeddable":true,"href":"https:\/\/bancodefotografias.com\/inicio\/wp-json\/wp\/v2\/product_brand?post=987513263"},{"taxonomy":"product_cat","embeddable":true,"href":"https:\/\/bancodefotografias.com\/inicio\/wp-json\/wp\/v2\/product_cat?post=987513263"},{"taxonomy":"product_tag","embeddable":true,"href":"https:\/\/bancodefotografias.com\/inicio\/wp-json\/wp\/v2\/product_tag?post=987513263"}],"curies":[{"name":"wp","href":"https:\/\/api.w.org\/{rel}","templated":true}]}}