{"id":987513242,"date":"2024-02-13T22:25:38","date_gmt":"2024-02-13T21:25:38","guid":{"rendered":"https:\/\/bancodefotografias.com\/?post_type=product&#038;p=987513242"},"modified":"2024-02-13T22:29:54","modified_gmt":"2024-02-13T21:29:54","slug":"banco-de-fotografias-dt44","status":"publish","type":"product","link":"https:\/\/bancodefotografias.com\/inicio\/imagenes\/banco-de-fotografias-dt44\/","title":{"rendered":"Banco de fotografias de animales, insectos dt44"},"content":{"rendered":"<h4><\/h4>\n<h4>Banco de fotograf\u00edas e im\u00e1genes de animales\u00a0 \u00abinsectos\u00bb<\/h4>\n<p>fotograf\u00eda de una mantis religiosa<\/p>\n<p style=\"text-align: justify;\">Si necesitas realizar una sesi\u00f3n de fotograf\u00eda \u00fanica, \u00bb comuni\u00f3n, boda, bautizos, retrato, desnudo, lencer\u00eda, comercial, productos o de cualquier otro tipo\u00bb .<\/p>\n<p style=\"text-align: justify;\">Concierta una cita mandando un mensaje\u00a0 a INFORMACION@DETENIENDOELTIEMPO.ES o\u00a0 visitando\u00a0 nuestra pagina de fotograf\u00eda <a href=\"http:\/\/www.deteniendoeltiempo.es\" target=\"_blank\" rel=\"noopener\">http:\/\/www.deteniendoeltiempo.es<\/a><\/p>\n<p style=\"text-align: justify;\">Visita nuestro blog si te interesa leer alg\u00fan articulo, pulsa <a href=\"https:\/\/bancodefotografias.com\/blog\/\">AQUI<\/a><\/p>\n<p style=\"text-align: justify;\">Tambi\u00e9n PUEDES\u00a0 ver mas CATEGORIAS de fotograf\u00edas\u00a0 dentro del Banco de fotograf\u00edas , pulsa <a href=\"https:\/\/bancodefotografias.com\/banco-de-fotografias-2\/\">AQUI<\/a><\/p>\n<div class=\"flex-1 overflow-hidden\">\n<div class=\"react-scroll-to-bottom--css-yjnsg-79elbk h-full dark:bg-gray-800\">\n<div class=\"react-scroll-to-bottom--css-yjnsg-1n7m0yu\">\n<div class=\"flex flex-col text-sm dark:bg-gray-800\">\n<div class=\"group final-completion w-full text-token-text-primary border-b border-black\/10 gizmo:border-0 dark:border-gray-900\/50 gizmo:dark:border-0 bg-gray-50 gizmo:bg-transparent dark:bg-[#444654] gizmo:dark:bg-transparent\" data-testid=\"conversation-turn-183\">\n<div class=\"p-4 justify-center text-base md:gap-6 md:py-6 m-auto\">\n<div class=\"flex flex-1 gap-4 text-base mx-auto md:gap-6 gizmo:gap-3 gizmo:md:px-5 gizmo:lg:px-1 gizmo:xl:px-5 md:max-w-2xl lg:max-w-[38rem] gizmo:md:max-w-3xl gizmo:lg:max-w-[40rem] gizmo:xl:max-w-[48rem] xl:max-w-3xl }\">\n<div class=\"relative flex w-[calc(100%-50px)] flex-col gizmo:w-full lg:w-[calc(100%-115px)] agent-turn\">\n<div class=\"flex-col gap-1 md:gap-3\">\n<div class=\"flex flex-grow flex-col gap-3 max-w-full\">\n<div class=\"min-h-[20px] flex flex-col items-start gap-3 whitespace-pre-wrap break-words overflow-x-auto\">\n<div class=\"markdown prose w-full break-words dark:prose-invert light\"><\/div>\n<\/div>\n<\/div>\n<\/div>\n<\/div>\n<\/div>\n<\/div>\n<\/div>\n<\/div>\n<\/div>\n<\/div>\n<\/div>\n<p>&nbsp;<\/p>\n","protected":false},"excerpt":{"rendered":"<p>banco de fotograf\u00edas<\/p>\n<p><strong>CATEGORIA:\u00a0 \u00a0ANIMALES.- INSECTOS.-\u00a0<\/strong><\/p>\n<p><strong>N\u00ba de veces descarga maximo : 25<\/strong><\/p>\n<p><strong>DATOS IMAGEN:<\/strong><\/p>\n<div class=\"group-content-key-value group-content fileSize\">\n<p class=\"group-content-key-value-key\">Tama\u00f1o de archivo:<\/p>\n<div class=\"group-content-key-value group-content fileSize\">\n<p class=\"group-content-key-value-key\">Tama\u00f1o de archivo:<\/p>\n<div class=\"group-content-key-value group-content fileSize\">\n<p class=\"group-content-key-value-key\">Tama\u00f1o de archivo:<\/p>\n<div class=\"group-content-key-value group-content fileSize\">\n<p class=\"group-content-key-value-key\">Tama\u00f1o de archivo: 7,04 MB Dimensiones 6000 x 4000<\/p>\n<\/div>\n<\/div>\n<\/div>\n<\/div>\n<p>&nbsp;<\/p>\n<p>Descarga de archivos y licencias<\/p>\n<p>El usuario tiene acceso privado completo al archivo descargado por tiempo ilimitado.<\/p>\n<p>Los derechos de autor de la imagen descargada seguir\u00e1n perteneciendo a su propietario.<\/p>\n<p>Descarga de archivos: Peque\u00f1o<\/p>\n<p>Archivo con una resoluci\u00f3n m\u00e1xima de 800 px<\/p>\n<p>Descarga de archivos: Pantalla<\/p>\n<p>Archivo con una resoluci\u00f3n m\u00e1xima de 1024 p\u00edxeles.<\/p>\n<p>Descarga de archivos: Tama\u00f1o completo<\/p>\n<p>Archivo original en la m\u00e1xima calidad para obtener un resultado \u00f3ptimo<\/p>\n<p>&nbsp;<\/p>\n<p>NO VALIDA SU UTILIZACION PARA VENTA DE LA PROPIA IMAGEN COMO FICHERO DE DESCARGA O SIMILAR.<\/p>\n","protected":false},"featured_media":0,"comment_status":"open","ping_status":"closed","template":"","meta":{"_et_pb_use_builder":"","_et_pb_old_content":"","_et_gb_content_width":""},"product_brand":[],"product_cat":[748,749,799],"product_tag":[2378,543,791,843,544,820,825,838,826,822,829,840,832,823,839,837,835,678,827,842,828,834,841,2379,831,833,824,836,830],"class_list":{"0":"post-987513242","1":"product","2":"type-product","3":"status-publish","5":"product_cat-banco-de-fotografias","6":"product_cat-animales-banco-de-fotografias","7":"product_cat-insectos","8":"product_tag-amantis-religiosa","9":"product_tag-banco-de-fotografias","10":"product_tag-banco-de-fotografias-de-animales","11":"product_tag-banco-de-fotografias-de-insectos","12":"product_tag-banco-de-imagenes","13":"product_tag-banco-de-imagenes-de-animales","14":"product_tag-belleza-en-lo-pequeno-fotos-de-insectos","15":"product_tag-especies-raras-de-insectos-en-fotografias","16":"product_tag-explorando-el-reino-de-los-insectos-en-fotos","17":"product_tag-fotografias-de-insectos-asombrosos","18":"product_tag-fotografias-unicas","19":"product_tag-fotos-inolvidables","20":"product_tag-insectos-coloridos-en-fotos-detalladas","21":"product_tag-insectos-en-detalle-fotografias-profesionales","22":"product_tag-insectos-en-la-fauna-silvestre","23":"product_tag-insectos-en-la-naturaleza-fotografias-inspiradoras","24":"product_tag-insectos-en-movimiento-fotografias-impactantes","25":"product_tag-insectos-en-su-habitat-natural","26":"product_tag-insectos-exoticos-en-fotografias-de-alta-calidad","27":"product_tag-insectos-fascinantes-en-imagenes-detalladas","28":"product_tag-macrofotografias-de-insectos-en-accion","29":"product_tag-macrofotografias-de-insectos-para-coleccionistas","30":"product_tag-macrofotografias-de-insectos-para-entusiastas-de-la-naturaleza","31":"product_tag-mantis","32":"product_tag-maravillas-insectiles-en-imagenes","33":"product_tag-momentos-unicos-de-insectos-capturados","34":"product_tag-mundo-minusculo-capturado-en-imagenes","35":"product_tag-texturas-y-colores-de-insectos-en-fotografias","36":"product_tag-vida-microscopica-revelada-en-fotografias","38":"first","39":"instock","40":"taxable","41":"shipping-taxable","42":"product-type-external"},"_links":{"self":[{"href":"https:\/\/bancodefotografias.com\/inicio\/wp-json\/wp\/v2\/product\/987513242","targetHints":{"allow":["GET"]}}],"collection":[{"href":"https:\/\/bancodefotografias.com\/inicio\/wp-json\/wp\/v2\/product"}],"about":[{"href":"https:\/\/bancodefotografias.com\/inicio\/wp-json\/wp\/v2\/types\/product"}],"replies":[{"embeddable":true,"href":"https:\/\/bancodefotografias.com\/inicio\/wp-json\/wp\/v2\/comments?post=987513242"}],"wp:attachment":[{"href":"https:\/\/bancodefotografias.com\/inicio\/wp-json\/wp\/v2\/media?parent=987513242"}],"wp:term":[{"taxonomy":"product_brand","embeddable":true,"href":"https:\/\/bancodefotografias.com\/inicio\/wp-json\/wp\/v2\/product_brand?post=987513242"},{"taxonomy":"product_cat","embeddable":true,"href":"https:\/\/bancodefotografias.com\/inicio\/wp-json\/wp\/v2\/product_cat?post=987513242"},{"taxonomy":"product_tag","embeddable":true,"href":"https:\/\/bancodefotografias.com\/inicio\/wp-json\/wp\/v2\/product_tag?post=987513242"}],"curies":[{"name":"wp","href":"https:\/\/api.w.org\/{rel}","templated":true}]}}