{"id":987513191,"date":"2024-02-11T20:29:05","date_gmt":"2024-02-11T19:29:05","guid":{"rendered":"https:\/\/bancodefotografias.com\/?post_type=product&#038;p=987513191"},"modified":"2024-02-11T20:41:52","modified_gmt":"2024-02-11T19:41:52","slug":"banco-de-fotografias-ia-dt1699","status":"publish","type":"product","link":"https:\/\/bancodefotografias.com\/inicio\/imagenes\/banco-de-fotografias-ia-dt1699\/","title":{"rendered":"Banco de fotografias IA dt1699"},"content":{"rendered":"<h4><\/h4>\n<h4>Banco de fotograf\u00edas e im\u00e1genes .<\/h4>\n<p>imagen generada por ia de una ardilla tomando cafe<\/p>\n<p>&nbsp;<\/p>\n<p>Descarga de archivos y licencias<\/p>\n<p>El usuario tiene acceso privado completo al archivo descargado.<\/p>\n<p>Los derechos de autor de la imagen descargada seguir\u00e1n perteneciendo a su propietario.<\/p>\n<p>Descarga de archivos: .<\/p>\n<p>Archivo con una resoluci\u00f3n m\u00e1xima de 1024 p\u00edxeles, pensado para visualizaci\u00f3n en pantalla y presentaciones<\/p>\n<div class=\"group-content-key-value group-content fileSize\">\n<div class=\"group-content-key-value group-content fileSize\">\n<div class=\"group-content-key-value group-content fileSize\">\n<div class=\"group-content-key-value group-content fileSize\">\n<div class=\"group-content-key-value group-content fileSize\">\n<div class=\"group-content-key-value group-content fileSize\">\n<div class=\"group-content-key-value group-content fileSize\">\n<div class=\"group-content-key-value group-content fileSize\">\n<div class=\"group-content-key-value group-content fileSize\">\n<div class=\"group-content-key-value group-content fileSize\">\n<div class=\"group-content-key-value group-content fileSize\">\n<div class=\"group-content-key-value group-content fileSize\">\n<div class=\"group-content-key-value group-content fileSize\">\n<div class=\"group-content-key-value group-content fileSize\">\n<div class=\"group-content-key-value group-content fileSize\">\n<div class=\"group-content-key-value group-content fileSize\">\n<div class=\"group-content-key-value group-content fileSize\">\n<p class=\"group-content-key-value-key\">NO VALIDA SU UTILIZACION PARA VENTA DE LA PROPIA IMAGEN COMO FICHERO DE DESCARGA O SIMILAR.<\/p>\n<\/div>\n<\/div>\n<\/div>\n<\/div>\n<\/div>\n<\/div>\n<\/div>\n<\/div>\n<\/div>\n<\/div>\n<\/div>\n<\/div>\n<\/div>\n<\/div>\n<\/div>\n<\/div>\n<\/div>\n<p>&nbsp;<\/p>\n<p>&nbsp;<\/p>\n<p>Si necesitas realizar una sesi\u00f3n de fotograf\u00eda \u00fanica, \u00bb comuni\u00f3n, boda, bautizos, retrato, desnudo, lencer\u00eda, comercial, productos o de cualquier otro tipo\u00bb .<\/p>\n<p>Concierta una cita mandando un mensaje\u00a0 a INFORMACION@DETENIENDOELTIEMPO.ES o\u00a0 visitando\u00a0 nuestra pagina de fotograf\u00eda <a href=\"http:\/\/www.deteniendoeltiempo.es\" target=\"_blank\" rel=\"noopener\">http:\/\/www.deteniendoeltiempo.es<\/a><\/p>\n<p>Visita nuestro blog si te interesa leer alg\u00fan articulo, pulsa <a href=\"https:\/\/bancodefotografias.com\/blog\/\">AQUI<\/a><\/p>\n<p>Tambi\u00e9n PUEDES\u00a0 ver mas CATEGORIAS de fotograf\u00edas\u00a0 dentro del Banco de fotograf\u00edas , pulsa <a href=\"https:\/\/bancodefotografias.com\/banco-de-fotografias-2\/\">AQUI<\/a><\/p>\n","protected":false},"excerpt":{"rendered":"<h4><\/h4>\n<h4>Banco de fotograf\u00edas e im\u00e1genes<\/h4>\n<p><strong>CATEGORIA:\u00a0 INTELIGENCIA ARTIFICIAL\u00a0 .-\u00a0 ARDILLAS<\/strong><\/p>\n<p><strong>N\u00ba de descargas a la venta : 25<\/strong><\/p>\n<p>&nbsp;<\/p>\n<p>Descarga de archivos: Peque\u00f1o<\/p>\n<p>Archivo con una resoluci\u00f3n m\u00e1xima de 800 px .<\/p>\n<p><span style=\"color: #ff0000;\"><strong>Precio en \u20ac\u00a0 15,00<\/strong><\/span><\/p>\n<p>Descarga de archivos: .<\/p>\n<p>Archivo con una resoluci\u00f3n m\u00e1xima de 1024 p\u00edxeles, pensado para visualizaci\u00f3n en pantalla y presentaciones<\/p>\n<p><strong><span style=\"color: #ff0000;\">Precio en \u20ac 25,00<\/span><\/strong><\/p>\n<p>Descarga de archivos: Tama\u00f1o completo<\/p>\n<p>Archivo original en la m\u00e1xima calidad para obtener un resultado\u00a0 \u00f3ptimo<\/p>\n<p><strong><span style=\"color: #ff0000;\">Precio en \u20ac\u00a0 50,00<\/span><\/strong><\/p>\n<div class=\"group-content-key-value group-content fileSize\">\n<div class=\"group-content-key-value group-content fileSize\">\n<div class=\"group-content-key-value group-content fileSize\">\n<div class=\"group-content-key-value group-content fileSize\">\n<div class=\"group-content-key-value group-content fileSize\">\n<div class=\"group-content-key-value group-content fileSize\">\n<div class=\"group-content-key-value group-content fileSize\">\n<div class=\"group-content-key-value group-content fileSize\">\n<div class=\"group-content-key-value group-content fileSize\">\n<div class=\"group-content-key-value group-content fileSize\">\n<div class=\"group-content-key-value group-content fileSize\">\n<div class=\"group-content-key-value group-content fileSize\">\n<div class=\"group-content-key-value group-content fileSize\">\n<div class=\"group-content-key-value group-content fileSize\">\n<div class=\"group-content-key-value group-content fileSize\">\n<div class=\"group-content-key-value group-content fileSize\">\n<div class=\"group-content-key-value group-content fileSize\">\n<div class=\"group-content-key-value group-content fileSize\">\n<div class=\"group-content-key-value group-content fileSize\">\n<div class=\"group-content-key-value group-content fileSize\">\n<div class=\"group-content-key-value group-content fileSize\">\n<p class=\"group-content-key-value-key\">Tama\u00f1o de archivo: 14,85 MB Dimensiones 4793 x 7380<\/p>\n<\/div>\n<\/div>\n<\/div>\n<\/div>\n<\/div>\n<\/div>\n<p>&nbsp;<\/p>\n<\/div>\n<\/div>\n<\/div>\n<\/div>\n<\/div>\n<\/div>\n<\/div>\n<\/div>\n<\/div>\n<\/div>\n<\/div>\n<\/div>\n<\/div>\n<\/div>\n<\/div>\n","protected":false},"featured_media":987512593,"comment_status":"open","ping_status":"closed","template":"","meta":{"_et_pb_use_builder":"","_et_pb_old_content":"","_et_gb_content_width":""},"product_brand":[],"product_cat":[748,749,775,2229],"product_tag":[2308,713,2344,2313,2309,2300,543,2332,544,2327,2317,2299,2311,2318,2307,2328,2315,2322,2330,2325,2329,1286,2319,2312,2305,1287,2310,2297,2376,2320,2375,2331,2314,2377,2321,2303,2298,2316,2301,2306,2324,2302,2304,2323,2326],"class_list":{"0":"post-987513191","1":"product","2":"type-product","3":"status-publish","4":"has-post-thumbnail","6":"product_cat-banco-de-fotografias","7":"product_cat-animales-banco-de-fotografias","8":"product_cat-ardillas","9":"product_cat-i-a","10":"product_tag-algoritmos-visuales","11":"product_tag-ardillas","12":"product_tag-ardillas-unicas","13":"product_tag-arte-digital","14":"product_tag-arte-digital-contemporaneo","15":"product_tag-arte-generativo","16":"product_tag-banco-de-fotografias","17":"product_tag-banco-de-fotografias-ia","18":"product_tag-banco-de-imagenes","19":"product_tag-composiciones-abstractas","20":"product_tag-composiciones-surrealistas","21":"product_tag-creatividad-algoritmica","22":"product_tag-creatividad-digital","23":"product_tag-diseno-digital-avanzado","24":"product_tag-estetica-digital","25":"product_tag-estetica-futurista","26":"product_tag-estilo-futurista","27":"product_tag-estilo-moderno","28":"product_tag-estilo-vanguardista","29":"product_tag-experimentacion-fotografica","30":"product_tag-exploracion-creativa-digital","31":"product_tag-exploracion-visual","32":"product_tag-expresion-algoritmica","33":"product_tag-fotografia-algoritmica","34":"product_tag-fotografia-computacional","35":"product_tag-fotografia-contemporanea","36":"product_tag-fotografia-de-vanguardia","37":"product_tag-fotografia-digital","38":"product_tag-fotografia-generada-por-ia","39":"product_tag-fotografia-tecnologica","40":"product_tag-ia","41":"product_tag-imagenes-digitales-inspiradoras","42":"product_tag-imagenes-generadas-por-computadora","43":"product_tag-imagenes-generadas-por-ia","44":"product_tag-innovacion-en-arte-visual","45":"product_tag-innovacion-fotografica","46":"product_tag-inteligencia-artificial","47":"product_tag-mundos-virtuales","48":"product_tag-paisajes-digitales","49":"product_tag-paisajes-imaginarios","50":"product_tag-paisajes-urbanos-virtuales","51":"product_tag-retratos-surrealistas","52":"product_tag-tecnologia-creativa","53":"product_tag-transformacion-digital-de-imagenes","54":"product_tag-vision-algoritmica-del-arte","56":"first","57":"instock","58":"taxable","59":"shipping-taxable","60":"product-type-external"},"_links":{"self":[{"href":"https:\/\/bancodefotografias.com\/inicio\/wp-json\/wp\/v2\/product\/987513191","targetHints":{"allow":["GET"]}}],"collection":[{"href":"https:\/\/bancodefotografias.com\/inicio\/wp-json\/wp\/v2\/product"}],"about":[{"href":"https:\/\/bancodefotografias.com\/inicio\/wp-json\/wp\/v2\/types\/product"}],"replies":[{"embeddable":true,"href":"https:\/\/bancodefotografias.com\/inicio\/wp-json\/wp\/v2\/comments?post=987513191"}],"wp:featuredmedia":[{"embeddable":true,"href":"https:\/\/bancodefotografias.com\/inicio\/wp-json\/wp\/v2\/media\/987512593"}],"wp:attachment":[{"href":"https:\/\/bancodefotografias.com\/inicio\/wp-json\/wp\/v2\/media?parent=987513191"}],"wp:term":[{"taxonomy":"product_brand","embeddable":true,"href":"https:\/\/bancodefotografias.com\/inicio\/wp-json\/wp\/v2\/product_brand?post=987513191"},{"taxonomy":"product_cat","embeddable":true,"href":"https:\/\/bancodefotografias.com\/inicio\/wp-json\/wp\/v2\/product_cat?post=987513191"},{"taxonomy":"product_tag","embeddable":true,"href":"https:\/\/bancodefotografias.com\/inicio\/wp-json\/wp\/v2\/product_tag?post=987513191"}],"curies":[{"name":"wp","href":"https:\/\/api.w.org\/{rel}","templated":true}]}}