{"id":987513086,"date":"2024-02-09T20:37:09","date_gmt":"2024-02-09T19:37:09","guid":{"rendered":"https:\/\/bancodefotografias.com\/?post_type=product&#038;p=987513086"},"modified":"2024-02-16T08:55:33","modified_gmt":"2024-02-16T07:55:33","slug":"banco-de-fotografias-dt171","status":"publish","type":"product","link":"https:\/\/bancodefotografias.com\/inicio\/imagenes\/banco-de-fotografias-dt171\/","title":{"rendered":"Banco de fotograf\u00edas e im\u00e1genes  dt171"},"content":{"rendered":"<h4>Banco de fotograf\u00edas e im\u00e1genes alimentacion<\/h4>\n<div class=\"flex-1 overflow-hidden\">\n<div class=\"react-scroll-to-bottom--css-yjnsg-79elbk h-full dark:bg-gray-800\">\n<div class=\"react-scroll-to-bottom--css-yjnsg-1n7m0yu\">\n<div class=\"flex flex-col text-sm dark:bg-gray-800\">\n<div class=\"group final-completion w-full text-token-text-primary border-b border-black\/10 gizmo:border-0 dark:border-gray-900\/50 gizmo:dark:border-0 bg-gray-50 gizmo:bg-transparent dark:bg-[#444654] gizmo:dark:bg-transparent\" data-testid=\"conversation-turn-183\">\n<div class=\"p-4 justify-center text-base md:gap-6 md:py-6 m-auto\">\n<div class=\"flex flex-1 gap-4 text-base mx-auto md:gap-6 gizmo:gap-3 gizmo:md:px-5 gizmo:lg:px-1 gizmo:xl:px-5 md:max-w-2xl lg:max-w-[38rem] gizmo:md:max-w-3xl gizmo:lg:max-w-[40rem] gizmo:xl:max-w-[48rem] xl:max-w-3xl }\">\n<div class=\"relative flex w-[calc(100%-50px)] flex-col gizmo:w-full lg:w-[calc(100%-115px)] agent-turn\">\n<div class=\"flex-col gap-1 md:gap-3\">\n<div class=\"flex flex-grow flex-col gap-3 max-w-full\">\n<div class=\"min-h-[20px] flex flex-col items-start gap-3 whitespace-pre-wrap break-words overflow-x-auto\">\n<div class=\"markdown prose w-full break-words dark:prose-invert light\">\n<div class=\"flex-1 overflow-hidden\">\n<div class=\"react-scroll-to-bottom--css-yjnsg-79elbk h-full dark:bg-gray-800\">\n<div class=\"react-scroll-to-bottom--css-yjnsg-1n7m0yu\">\n<div class=\"flex flex-col text-sm dark:bg-gray-800\">\n<div class=\"group final-completion w-full text-token-text-primary border-b border-black\/10 gizmo:border-0 dark:border-gray-900\/50 gizmo:dark:border-0 bg-gray-50 gizmo:bg-transparent dark:bg-[#444654] gizmo:dark:bg-transparent\" data-testid=\"conversation-turn-183\">\n<div class=\"p-4 justify-center text-base md:gap-6 md:py-6 m-auto\">\n<div class=\"flex flex-1 gap-4 text-base mx-auto md:gap-6 gizmo:gap-3 gizmo:md:px-5 gizmo:lg:px-1 gizmo:xl:px-5 md:max-w-2xl lg:max-w-[38rem] gizmo:md:max-w-3xl gizmo:lg:max-w-[40rem] gizmo:xl:max-w-[48rem] xl:max-w-3xl }\">\n<div class=\"relative flex w-[calc(100%-50px)] flex-col gizmo:w-full lg:w-[calc(100%-115px)] agent-turn\">\n<div class=\"flex-col gap-1 md:gap-3\">\n<div class=\"flex flex-grow flex-col gap-3 max-w-full\">\n<div class=\"min-h-[20px] flex flex-col items-start gap-3 whitespace-pre-wrap break-words overflow-x-auto\">\n<div class=\"markdown prose w-full break-words dark:prose-invert light\">\n<div class=\"flex-1 overflow-hidden\">\n<div class=\"react-scroll-to-bottom--css-tyrzp-79elbk h-full\">\n<div class=\"react-scroll-to-bottom--css-tyrzp-1n7m0yu\">\n<div class=\"flex flex-col text-sm gizmo:pb-9 dark:bg-gray-800 gizmo:dark:bg-transparent\">\n<div class=\"group w-full text-token-text-primary border-b border-black\/10 gizmo:border-0 dark:border-gray-900\/50 gizmo:dark:border-0 bg-gray-50 gizmo:bg-transparent dark:bg-[#444654] gizmo:dark:bg-transparent\" data-testid=\"conversation-turn-286\">\n<div class=\"p-4 gizmo:py-2 justify-center text-base md:gap-6 md:py-6 m-auto\">\n<div class=\"flex flex-1 gap-4 text-base mx-auto md:gap-6 gizmo:gap-3 gizmo:md:px-5 gizmo:lg:px-1 gizmo:xl:px-5 md:max-w-2xl lg:max-w-[38rem] gizmo:md:max-w-3xl gizmo:lg:max-w-[40rem] gizmo:xl:max-w-[48rem] xl:max-w-3xl }\">\n<div class=\"relative flex w-[calc(100%-50px)] flex-col gizmo:w-full lg:w-[calc(100%-115px)] agent-turn\">\n<div class=\"flex-col gap-1 md:gap-3\">\n<div class=\"flex flex-grow flex-col gap-3 max-w-full\">\n<div class=\"min-h-[20px] flex flex-col items-start gap-3 whitespace-pre-wrap break-words overflow-x-auto\" data-message-author-role=\"assistant\" data-message-id=\"d05bf352-5868-4a5e-a85f-735e3d17a351\">\n<div class=\"markdown prose w-full break-words dark:prose-invert light\"><\/div>\n<\/div>\n<\/div>\n<\/div>\n<\/div>\n<\/div>\n<\/div>\n<\/div>\n<\/div>\n<\/div>\n<\/div>\n<\/div>\n<p>\u00abDeliciosamente Visual: Fotograf\u00edas de Alimentos que Despiertan los Sentidos \ud83c\udf54\ud83d\udcf8<\/p>\n<p>Explora nuestra exquisita colecci\u00f3n de fotograf\u00edas de alimentos, donde cada imagen es una invitaci\u00f3n visual a la experiencia culinaria.<\/p>\n<p>Desde platos gourmet hasta tentadoras delicias caseras, nuestras fotograf\u00edas capturan la esencia de la gastronom\u00eda en su m\u00e1xima expresi\u00f3n.<\/p>\n<p><strong>Platos que Hablan:<\/strong> Nuestros fot\u00f3grafos expertos han inmortalizado momentos culinarios con una atenci\u00f3n meticulosa a los detalles.<\/p>\n<p>Cada imagen cuenta una historia, desde la frescura de los ingredientes hasta la presentaci\u00f3n art\u00edstica en el plato.<\/p>\n<p>V<strong>ariedad Culinary:<\/strong> Desde la comida reconfortante hasta los manjares ex\u00f3ticos, nuestra colecci\u00f3n abarca una amplia gama de opciones.<\/p>\n<p>Encuentra la imagen perfecta para despertar el apetito y deleitar a tus sentidos.<\/p>\n<p><strong>Decoraci\u00f3n Gastron\u00f3mica:<\/strong> Dale vida a tu cocina, restaurante o blog culinario con nuestras fotograf\u00edas.<\/p>\n<p>Cada imagen es una pieza de arte lista para decorar y transmitir la pasi\u00f3n por la buena comida.<\/p>\n<p>Explora la Colecci\u00f3n Ahora y Sum\u00e9rgete en el Mundo Visual de los Sabores. \ud83c\udf2e\ud83c\udf5c\ud83d\udcf7\u00bb<\/p>\n<\/div>\n<\/div>\n<\/div>\n<\/div>\n<\/div>\n<\/div>\n<\/div>\n<\/div>\n<\/div>\n<\/div>\n<\/div>\n<\/div>\n<\/div>\n<\/div>\n<\/div>\n<\/div>\n<\/div>\n<\/div>\n<\/div>\n<\/div>\n<\/div>\n<\/div>\n<\/div>\n<\/div>\n<p>&nbsp;<\/p>\n","protected":false},"excerpt":{"rendered":"<p>&nbsp;<\/p>\n<p>banco de fotografias<\/p>\n<p>CATEGORIA:\u00a0 \u00a0ALIMENTACION<\/p>\n<p>N\u00ba de veces que esta a la venta imagen: 25<\/p>\n<p>DATOS IMAGEN:<\/p>\n<p>FICHERO NORMAL<\/p>\n<p>Descarga de archivos y licencias<\/p>\n<p>El usuario tiene acceso privado completo al archivo descargado por tiempo ilimitado.<\/p>\n<p>Los derechos de autor de la imagen descargada seguir\u00e1n perteneciendo a su propietario.<\/p>\n<p>Descarga de archivos: Peque\u00f1o<\/p>\n<p>Archivo con una resoluci\u00f3n m\u00e1xima de 800 px para compartir la vista previa<\/p>\n<p><strong><span style=\"color: #ff0000;\">Precio en \u20ac\u00a0 5,00<\/span><\/strong><\/p>\n<p>Descarga de archivos: Pantalla<\/p>\n<p>Archivo con una resoluci\u00f3n m\u00e1xima de 1024 p\u00edxeles, pensado para visualizaci\u00f3n en pantalla y presentaciones<\/p>\n<p><span style=\"color: #ff0000;\"><strong>Precio en \u20ac 10,00<\/strong><\/span><\/p>\n<p>Descarga de archivos: Tama\u00f1o completo<\/p>\n<p>Archivo original en la m\u00e1xima calidad para obtener un resultado de impresi\u00f3n \u00f3ptimo<\/p>\n<p><strong><span style=\"color: #ff0000;\">Precio en \u20ac\u00a0 25,00<\/span><\/strong><\/p>\n<div class=\"group-content-key-value group-content fileSize\">\n<div class=\"group-content-key-value group-content fileSize\">\n<div class=\"group-content-key-value group-content fileSize\">\n<p class=\"group-content-key-value-key\"><span style=\"color: #ff6600;\">Tama\u00f1o de archivo: 15,8 MB Dimensiones 7360 x 4912<\/span><\/p>\n<\/div>\n<\/div>\n<\/div>\n<p>NO VALIDA SU UTILIZACION PARA VENTA DE LA PROPIA IMAGEN COMO FICHERO DE DESCARGA O SIMILAR.<\/p>\n<p>Si necesitas realizar una sesi\u00f3n de fotograf\u00eda \u00fanica, \u00bb comuni\u00f3n, boda, bautizos, retrato, desnudo, lencer\u00eda, comercial, productos o de cualquier otro tipo\u00bb .<\/p>\n<p>Concierta una cita mandando un mensaje\u00a0 a INFORMACION@DETENIENDOELTIEMPO.ES o\u00a0 visitando\u00a0 nuestra pagina de fotograf\u00eda <a href=\"http:\/\/www.deteniendoeltiempo.es\">http:\/\/www.deteniendoeltiempo.es<\/a><\/p>\n<p>Visita nuestro blog si te interesa leer alg\u00fan articulo, pulsa <a href=\"https:\/\/bancodefotografias.com\/blog\/\">AQUI<\/a><\/p>\n<p>Tambi\u00e9n PUEDES\u00a0 ver mas CATEGORIAS de fotograf\u00edas\u00a0 dentro del Banco de fotograf\u00edas , pulsa <a href=\"https:\/\/bancodefotografias.com\/banco-de-fotografias-2\/\">AQUI\u00a0<\/a><\/p>\n","protected":false},"featured_media":0,"comment_status":"open","ping_status":"closed","template":"","meta":{"_et_pb_use_builder":"","_et_pb_old_content":"","_et_gb_content_width":""},"product_brand":[],"product_cat":[748,1452,1453],"product_tag":[1402,1410,1438,1446,1414,1450,1400,1392,543,544,1206,1212,1202,1412,1395,1448,1439,1408,1445,1449,1407,1406,1393,2374,1199,1440,1214,1205,1437,1203,1209,1201,1216,1211,1207,1442,1443,1210,1215,1217,1204,1200,1213,1403,1208,1451,1447,1441,1444],"class_list":{"0":"post-987513086","1":"product","2":"type-product","3":"status-publish","5":"product_cat-banco-de-fotografias","6":"product_cat-alimentacion","7":"product_cat-comida","8":"product_tag-abstraccion-artistica-en-fotografias","9":"product_tag-abstraccion-visual-en-fotografia","10":"product_tag-alimentacion-visual","11":"product_tag-apetitosas-fotografias-de-alimentos","12":"product_tag-arte-contemporaneo-en-fotografias","13":"product_tag-arte-gastronomico-en-fotografias","14":"product_tag-arte-sin-limites","15":"product_tag-arte-visual-abstracto","16":"product_tag-banco-de-fotografias","17":"product_tag-banco-de-imagenes","18":"product_tag-capturas-artisticas","19":"product_tag-capturas-artisticas-en-alta-resolucion","20":"product_tag-capturas-creativas","21":"product_tag-creatividad-desbordante-en-imagenes","22":"product_tag-creatividad-visual-en-imagenes","23":"product_tag-decoracion-culinaria-con-fotos","24":"product_tag-delicias-en-imagenes","25":"product_tag-detalles-intrigantes-en-imagenes","26":"product_tag-estilo-visual-culinario","27":"product_tag-experiencia-sensorial-en-imagenes","28":"product_tag-exploracion-creativa-en-fotografias","29":"product_tag-expresiones-artisticas-en-imagenes","30":"product_tag-expresiones-artisticas-fotograficas","31":"product_tag-fotografias-alimentos","32":"product_tag-fotografias-creativas","33":"product_tag-fotografias-culinarias","34":"product_tag-fotografias-de-autor","35":"product_tag-fotografias-de-concepto","36":"product_tag-fotografias-gastronomicas","37":"product_tag-fotografias-originales","38":"product_tag-fotografias-visionarias","39":"product_tag-fotos-artisticas","40":"product_tag-fotos-artisticas-para-decoracion","41":"product_tag-fotos-creativas-de-alta-calidad","42":"product_tag-fotos-innovadoras","43":"product_tag-frescura-en-imagenes-de-comida","44":"product_tag-gourmet-en-fotografias","45":"product_tag-imagenes-conceptuales","46":"product_tag-imagenes-creativas-para-diseno","47":"product_tag-imagenes-creativas-para-publicidad","48":"product_tag-imagenes-experimentales","49":"product_tag-imagenes-innovadoras","50":"product_tag-imagenes-inspiradoras","51":"product_tag-imagenes-que-desafian-la-realidad","52":"product_tag-imagenes-unicas","53":"product_tag-momentos-culinarios-inmortalizados","54":"product_tag-placer-visual-en-la-comida","55":"product_tag-presentacion-de-platos-en-fotos","56":"product_tag-sabores-capturados-en-fotos","58":"first","59":"instock","60":"taxable","61":"shipping-taxable","62":"product-type-external"},"_links":{"self":[{"href":"https:\/\/bancodefotografias.com\/inicio\/wp-json\/wp\/v2\/product\/987513086","targetHints":{"allow":["GET"]}}],"collection":[{"href":"https:\/\/bancodefotografias.com\/inicio\/wp-json\/wp\/v2\/product"}],"about":[{"href":"https:\/\/bancodefotografias.com\/inicio\/wp-json\/wp\/v2\/types\/product"}],"replies":[{"embeddable":true,"href":"https:\/\/bancodefotografias.com\/inicio\/wp-json\/wp\/v2\/comments?post=987513086"}],"wp:attachment":[{"href":"https:\/\/bancodefotografias.com\/inicio\/wp-json\/wp\/v2\/media?parent=987513086"}],"wp:term":[{"taxonomy":"product_brand","embeddable":true,"href":"https:\/\/bancodefotografias.com\/inicio\/wp-json\/wp\/v2\/product_brand?post=987513086"},{"taxonomy":"product_cat","embeddable":true,"href":"https:\/\/bancodefotografias.com\/inicio\/wp-json\/wp\/v2\/product_cat?post=987513086"},{"taxonomy":"product_tag","embeddable":true,"href":"https:\/\/bancodefotografias.com\/inicio\/wp-json\/wp\/v2\/product_tag?post=987513086"}],"curies":[{"name":"wp","href":"https:\/\/api.w.org\/{rel}","templated":true}]}}