{"id":987513049,"date":"2024-02-09T12:12:31","date_gmt":"2024-02-09T11:12:31","guid":{"rendered":"https:\/\/bancodefotografias.com\/?post_type=product&#038;p=987513049"},"modified":"2024-02-09T12:18:01","modified_gmt":"2024-02-09T11:18:01","slug":"banco-de-fotografias-dt358","status":"publish","type":"product","link":"https:\/\/bancodefotografias.com\/inicio\/imagenes\/banco-de-fotografias-dt358\/","title":{"rendered":"Banco de fotografias  dt358"},"content":{"rendered":"<h4>Banco de fotograf\u00edas e im\u00e1genes AMOR<\/h4>\n<div class=\"flex-1 overflow-hidden\">\n<div class=\"react-scroll-to-bottom--css-yjnsg-79elbk h-full dark:bg-gray-800\">\n<div class=\"react-scroll-to-bottom--css-yjnsg-1n7m0yu\">\n<div class=\"flex flex-col text-sm dark:bg-gray-800\">\n<div class=\"group final-completion w-full text-token-text-primary border-b border-black\/10 gizmo:border-0 dark:border-gray-900\/50 gizmo:dark:border-0 bg-gray-50 gizmo:bg-transparent dark:bg-[#444654] gizmo:dark:bg-transparent\" data-testid=\"conversation-turn-183\">\n<div class=\"p-4 justify-center text-base md:gap-6 md:py-6 m-auto\">\n<div class=\"flex flex-1 gap-4 text-base mx-auto md:gap-6 gizmo:gap-3 gizmo:md:px-5 gizmo:lg:px-1 gizmo:xl:px-5 md:max-w-2xl lg:max-w-[38rem] gizmo:md:max-w-3xl gizmo:lg:max-w-[40rem] gizmo:xl:max-w-[48rem] xl:max-w-3xl }\">\n<div class=\"relative flex w-[calc(100%-50px)] flex-col gizmo:w-full lg:w-[calc(100%-115px)] agent-turn\">\n<div class=\"flex-col gap-1 md:gap-3\">\n<div class=\"flex flex-grow flex-col gap-3 max-w-full\">\n<div class=\"min-h-[20px] flex flex-col items-start gap-3 whitespace-pre-wrap break-words overflow-x-auto\">\n<div class=\"markdown prose w-full break-words dark:prose-invert light\">\n<div class=\"flex-1 overflow-hidden\">\n<div class=\"react-scroll-to-bottom--css-yjnsg-79elbk h-full dark:bg-gray-800\">\n<div class=\"react-scroll-to-bottom--css-yjnsg-1n7m0yu\">\n<div class=\"flex flex-col text-sm dark:bg-gray-800\">\n<div class=\"group final-completion w-full text-token-text-primary border-b border-black\/10 gizmo:border-0 dark:border-gray-900\/50 gizmo:dark:border-0 bg-gray-50 gizmo:bg-transparent dark:bg-[#444654] gizmo:dark:bg-transparent\" data-testid=\"conversation-turn-183\">\n<div class=\"p-4 justify-center text-base md:gap-6 md:py-6 m-auto\">\n<div class=\"flex flex-1 gap-4 text-base mx-auto md:gap-6 gizmo:gap-3 gizmo:md:px-5 gizmo:lg:px-1 gizmo:xl:px-5 md:max-w-2xl lg:max-w-[38rem] gizmo:md:max-w-3xl gizmo:lg:max-w-[40rem] gizmo:xl:max-w-[48rem] xl:max-w-3xl }\">\n<div class=\"relative flex w-[calc(100%-50px)] flex-col gizmo:w-full lg:w-[calc(100%-115px)] agent-turn\">\n<div class=\"flex-col gap-1 md:gap-3\">\n<div class=\"flex flex-grow flex-col gap-3 max-w-full\">\n<div class=\"min-h-[20px] flex flex-col items-start gap-3 whitespace-pre-wrap break-words overflow-x-auto\">\n<div class=\"markdown prose w-full break-words dark:prose-invert light\">\n<div class=\"flex-1 overflow-hidden\">\n<div class=\"react-scroll-to-bottom--css-tyrzp-79elbk h-full\">\n<div class=\"react-scroll-to-bottom--css-tyrzp-1n7m0yu\">\n<div class=\"flex flex-col text-sm gizmo:pb-9 dark:bg-gray-800 gizmo:dark:bg-transparent\">\n<div class=\"group w-full text-token-text-primary border-b border-black\/10 gizmo:border-0 dark:border-gray-900\/50 gizmo:dark:border-0 bg-gray-50 gizmo:bg-transparent dark:bg-[#444654] gizmo:dark:bg-transparent\" data-testid=\"conversation-turn-286\">\n<div class=\"p-4 gizmo:py-2 justify-center text-base md:gap-6 md:py-6 m-auto\">\n<div class=\"flex flex-1 gap-4 text-base mx-auto md:gap-6 gizmo:gap-3 gizmo:md:px-5 gizmo:lg:px-1 gizmo:xl:px-5 md:max-w-2xl lg:max-w-[38rem] gizmo:md:max-w-3xl gizmo:lg:max-w-[40rem] gizmo:xl:max-w-[48rem] xl:max-w-3xl }\">\n<div class=\"relative flex w-[calc(100%-50px)] flex-col gizmo:w-full lg:w-[calc(100%-115px)] agent-turn\">\n<div class=\"flex-col gap-1 md:gap-3\">\n<div class=\"flex flex-grow flex-col gap-3 max-w-full\">\n<div class=\"min-h-[20px] flex flex-col items-start gap-3 whitespace-pre-wrap break-words overflow-x-auto\" data-message-author-role=\"assistant\" data-message-id=\"d05bf352-5868-4a5e-a85f-735e3d17a351\">\n<div class=\"markdown prose w-full break-words dark:prose-invert light\">\n<p>Fotografia de un libro de poemas con un reloj de fondo, para detener el tiempo<\/p>\n<p>Descubre el poder del amor a trav\u00e9s de nuestras cautivadoras fotograf\u00edas.<\/p>\n<p>Capturamos momentos llenos de emoci\u00f3n, ternura y conexi\u00f3n que reflejan la belleza intemporal del amor.<\/p>\n<p>Desde dulces gestos hasta miradas profundas, nuestras im\u00e1genes transmiten la esencia pura y universal de este sentimiento \u00fanico.<\/p>\n<p>Cada fotograf\u00eda cuenta una historia de amor, congelando momentos que perdurar\u00e1n para siempre.<\/p>\n<p>Ya sea para decorar tu espacio con un toque rom\u00e1ntico o para regalar una muestra de afecto, nuestras im\u00e1genes de amor son el regalo perfecto.<\/p>\n<p>Explora nuestra colecci\u00f3n y sum\u00e9rgete en la magia del amor.<\/p>\n<p>Lleva a casa una pieza que celebra la conexi\u00f3n humana y agrega un toque especial a tu entorno<\/p>\n<p>\u00a1Haz que tus paredes hablen de amor con nuestras hermosas fotograf\u00edas!<\/p>\n<\/div>\n<\/div>\n<\/div>\n<\/div>\n<\/div>\n<\/div>\n<\/div>\n<\/div>\n<\/div>\n<\/div>\n<\/div>\n<\/div>\n<\/div>\n<\/div>\n<\/div>\n<\/div>\n<\/div>\n<\/div>\n<\/div>\n<\/div>\n<\/div>\n<\/div>\n<\/div>\n<\/div>\n<\/div>\n<\/div>\n<\/div>\n<\/div>\n<\/div>\n<\/div>\n<\/div>\n<\/div>\n<\/div>\n<\/div>\n<\/div>\n<\/div>\n","protected":false},"excerpt":{"rendered":"<p>&nbsp;<\/p>\n<p>Banco de fotografias AMOR<\/p>\n<p><strong>CATEGORIA:\u00a0 \u00a0AMOR<\/strong><\/p>\n<p><strong>N\u00ba de veces que esta a la venta imagen: 25<\/strong><\/p>\n<h4>\u00a0\u00a0FICHERO NORMAL<\/h4>\n<p>Descarga de archivos y licencias<\/p>\n<p>El usuario tiene acceso privado completo al archivo descargado por tiempo ilimitado. Los derechos de autor de la imagen descargada seguir\u00e1n perteneciendo a su propietario.<\/p>\n<p><strong>Descarga de archivos: Peque\u00f1o<\/strong><\/p>\n<p><strong>Archivo con una resoluci\u00f3n m\u00e1xima de 800 px para compartir la vista previa<\/strong><\/p>\n<p><strong><em><span style=\"color: #ff6600;\">Precio en \u20ac\u00a0 15,00<\/span><\/em><\/strong><\/p>\n<p><strong>Descarga de archivos: Pantalla<\/strong><\/p>\n<p><strong>Archivo con una resoluci\u00f3n m\u00e1xima de 1024 p\u00edxeles, pensado para visualizaci\u00f3n en pantalla y presentaciones<\/strong><\/p>\n<p><span style=\"color: #ff6600;\"><em><strong>Precio en \u20ac\u00a0 25,00<\/strong><\/em><\/span><\/p>\n<p><strong>Descarga de archivos: Tama\u00f1o completo<\/strong><\/p>\n<p><strong>Archivo original en la m\u00e1xima calidad para obtener un resultado\u00a0 \u00f3ptimo<\/strong><\/p>\n<p><span style=\"color: #ff6600;\"><em><strong>Precio en \u20ac\u00a0 50,00<\/strong><\/em><\/span><\/p>\n<div class=\"group-content-key-value group-content fileSize\">\n<div class=\"group-content-key-value group-content fileSize\">\n<div class=\"group-content-key-value group-content fileSize\">\n<div class=\"group-content-key-value group-content fileSize\">\n<div class=\"group-content-key-value group-content fileSize\">\n<div class=\"group-content-key-value group-content fileSize\">\n<div class=\"group-content-key-value group-content fileSize\">\n<p class=\"group-content-key-value-key\">Tama\u00f1o de archivo: 6,74 MB Dimensiones 3712 x 5568<\/p>\n<\/div>\n<\/div>\n<\/div>\n<\/div>\n<\/div>\n<\/div>\n<\/div>\n<p>NO VALIDA SU UTILIZACION PARA VENTA DE LA PROPIA IMAGEN COMO FICHERO DE DESCARGA O SIMILAR.<\/p>\n<p>&nbsp;<\/p>\n<p>Si necesitas realizar una sesi\u00f3n de fotograf\u00eda \u00fanica, \u00bb comuni\u00f3n, boda, bautizos, retrato, desnudo, lencer\u00eda, comercial, productos o de cualquier otro tipo\u00bb .<\/p>\n<p>Concierta una cita mandando un mensaje\u00a0 a INFORMACION@DETENIENDOELTIEMPO.ES o\u00a0 visitando\u00a0 nuestra pagina de fotograf\u00eda <a href=\"http:\/\/www.deteniendoeltiempo.es\">http:\/\/www.deteniendoeltiempo.es<\/a><\/p>\n<p>Visita nuestro blog si te interesa leer alg\u00fan articulo, pulsa <a href=\"https:\/\/bancodefotografias.com\/blog\/\">AQUI<\/a><\/p>\n<p>Tambi\u00e9n PUEDES\u00a0 ver mas CATEGORIAS de fotograf\u00edas\u00a0 dentro del Banco de fotograf\u00edas , pulsa <a href=\"https:\/\/bancodefotografias.com\/banco-de-fotografias-2\/\">AQUI<\/a><\/p>\n","protected":false},"featured_media":0,"comment_status":"open","ping_status":"closed","template":"","meta":{"_et_pb_use_builder":"","_et_pb_old_content":"","_et_gb_content_width":""},"product_brand":[],"product_cat":[748,1908,1239,1354],"product_tag":[2365,2359,2368,2352,543,2350,544,2351,2364,2361,2372,2358,2371,2353,2342,2360,2370,2362,2356,2373,2354,1921,2366,2367,2363,2357,1894,1885,2355,2369],"class_list":{"0":"post-987513049","1":"product","2":"type-product","3":"status-publish","5":"product_cat-banco-de-fotografias","6":"product_cat-amor","7":"product_cat-creativa","8":"product_cat-creativa-varios","9":"product_tag-abrazos","10":"product_tag-afecto","11":"product_tag-amistad","12":"product_tag-amor-sin-mas","13":"product_tag-banco-de-fotografias","14":"product_tag-banco-de-fotografias-del-amor","15":"product_tag-banco-de-imagenes","16":"product_tag-banco-de-imagenes-del-amor","17":"product_tag-besos","18":"product_tag-carino","19":"product_tag-complicidad","20":"product_tag-compromiso","21":"product_tag-conexion","22":"product_tag-corazones","23":"product_tag-creando-suenos","24":"product_tag-dulzura","25":"product_tag-emociones","26":"product_tag-enamorados","27":"product_tag-enamorarse","28":"product_tag-felicidad","29":"product_tag-ilusion","30":"product_tag-intimidad","31":"product_tag-momentos-especiales","32":"product_tag-pasion","33":"product_tag-relaciones","34":"product_tag-romance-parejas","35":"product_tag-sentimientos","36":"product_tag-suenos","37":"product_tag-suenos-de-amor","38":"product_tag-valentia","40":"first","41":"instock","42":"taxable","43":"shipping-taxable","44":"product-type-external"},"_links":{"self":[{"href":"https:\/\/bancodefotografias.com\/inicio\/wp-json\/wp\/v2\/product\/987513049","targetHints":{"allow":["GET"]}}],"collection":[{"href":"https:\/\/bancodefotografias.com\/inicio\/wp-json\/wp\/v2\/product"}],"about":[{"href":"https:\/\/bancodefotografias.com\/inicio\/wp-json\/wp\/v2\/types\/product"}],"replies":[{"embeddable":true,"href":"https:\/\/bancodefotografias.com\/inicio\/wp-json\/wp\/v2\/comments?post=987513049"}],"wp:attachment":[{"href":"https:\/\/bancodefotografias.com\/inicio\/wp-json\/wp\/v2\/media?parent=987513049"}],"wp:term":[{"taxonomy":"product_brand","embeddable":true,"href":"https:\/\/bancodefotografias.com\/inicio\/wp-json\/wp\/v2\/product_brand?post=987513049"},{"taxonomy":"product_cat","embeddable":true,"href":"https:\/\/bancodefotografias.com\/inicio\/wp-json\/wp\/v2\/product_cat?post=987513049"},{"taxonomy":"product_tag","embeddable":true,"href":"https:\/\/bancodefotografias.com\/inicio\/wp-json\/wp\/v2\/product_tag?post=987513049"}],"curies":[{"name":"wp","href":"https:\/\/api.w.org\/{rel}","templated":true}]}}