{"id":987512990,"date":"2024-02-06T21:35:50","date_gmt":"2024-02-06T20:35:50","guid":{"rendered":"https:\/\/bancodefotografias.com\/?post_type=product&#038;p=987512990"},"modified":"2024-02-16T11:25:37","modified_gmt":"2024-02-16T10:25:37","slug":"banco-de-fotografias-dt1942","status":"publish","type":"product","link":"https:\/\/bancodefotografias.com\/inicio\/imagenes\/banco-de-fotografias-dt1942\/","title":{"rendered":"Banco de fotografias Bodegones DT1942"},"content":{"rendered":"<h4>Banco de fotograf\u00edas e im\u00e1genes Bodegones<\/h4>\n<div class=\"flex-1 overflow-hidden\">\n<div class=\"react-scroll-to-bottom--css-yjnsg-79elbk h-full dark:bg-gray-800\">\n<div class=\"react-scroll-to-bottom--css-yjnsg-1n7m0yu\">\n<div class=\"flex flex-col text-sm dark:bg-gray-800\">\n<div class=\"group final-completion w-full text-token-text-primary border-b border-black\/10 gizmo:border-0 dark:border-gray-900\/50 gizmo:dark:border-0 bg-gray-50 gizmo:bg-transparent dark:bg-[#444654] gizmo:dark:bg-transparent\" data-testid=\"conversation-turn-183\">\n<div class=\"p-4 justify-center text-base md:gap-6 md:py-6 m-auto\">\n<div class=\"flex flex-1 gap-4 text-base mx-auto md:gap-6 gizmo:gap-3 gizmo:md:px-5 gizmo:lg:px-1 gizmo:xl:px-5 md:max-w-2xl lg:max-w-[38rem] gizmo:md:max-w-3xl gizmo:lg:max-w-[40rem] gizmo:xl:max-w-[48rem] xl:max-w-3xl }\">\n<div class=\"relative flex w-[calc(100%-50px)] flex-col gizmo:w-full lg:w-[calc(100%-115px)] agent-turn\">\n<div class=\"flex-col gap-1 md:gap-3\">\n<div class=\"flex flex-grow flex-col gap-3 max-w-full\">\n<div class=\"min-h-[20px] flex flex-col items-start gap-3 whitespace-pre-wrap break-words overflow-x-auto\">\n<div class=\"markdown prose w-full break-words dark:prose-invert light\">\n<div class=\"flex-1 overflow-hidden\">\n<div class=\"react-scroll-to-bottom--css-yjnsg-79elbk h-full dark:bg-gray-800\">\n<div class=\"react-scroll-to-bottom--css-yjnsg-1n7m0yu\">\n<div class=\"flex flex-col text-sm dark:bg-gray-800\">\n<div class=\"group final-completion w-full text-token-text-primary border-b border-black\/10 gizmo:border-0 dark:border-gray-900\/50 gizmo:dark:border-0 bg-gray-50 gizmo:bg-transparent dark:bg-[#444654] gizmo:dark:bg-transparent\" data-testid=\"conversation-turn-183\">\n<div class=\"p-4 justify-center text-base md:gap-6 md:py-6 m-auto\">\n<div class=\"flex flex-1 gap-4 text-base mx-auto md:gap-6 gizmo:gap-3 gizmo:md:px-5 gizmo:lg:px-1 gizmo:xl:px-5 md:max-w-2xl lg:max-w-[38rem] gizmo:md:max-w-3xl gizmo:lg:max-w-[40rem] gizmo:xl:max-w-[48rem] xl:max-w-3xl }\">\n<div class=\"relative flex w-[calc(100%-50px)] flex-col gizmo:w-full lg:w-[calc(100%-115px)] agent-turn\">\n<div class=\"flex-col gap-1 md:gap-3\">\n<div class=\"flex flex-grow flex-col gap-3 max-w-full\">\n<div class=\"min-h-[20px] flex flex-col items-start gap-3 whitespace-pre-wrap break-words overflow-x-auto\">\n<div class=\"markdown prose w-full break-words dark:prose-invert light\">\n<div class=\"flex-1 overflow-hidden\">\n<div class=\"react-scroll-to-bottom--css-tyrzp-79elbk h-full\">\n<div class=\"react-scroll-to-bottom--css-tyrzp-1n7m0yu\">\n<div class=\"flex flex-col text-sm gizmo:pb-9 dark:bg-gray-800 gizmo:dark:bg-transparent\">\n<div class=\"group w-full text-token-text-primary border-b border-black\/10 gizmo:border-0 dark:border-gray-900\/50 gizmo:dark:border-0 bg-gray-50 gizmo:bg-transparent dark:bg-[#444654] gizmo:dark:bg-transparent\" data-testid=\"conversation-turn-286\">\n<div class=\"p-4 gizmo:py-2 justify-center text-base md:gap-6 md:py-6 m-auto\">\n<div class=\"flex flex-1 gap-4 text-base mx-auto md:gap-6 gizmo:gap-3 gizmo:md:px-5 gizmo:lg:px-1 gizmo:xl:px-5 md:max-w-2xl lg:max-w-[38rem] gizmo:md:max-w-3xl gizmo:lg:max-w-[40rem] gizmo:xl:max-w-[48rem] xl:max-w-3xl }\">\n<div class=\"relative flex w-[calc(100%-50px)] flex-col gizmo:w-full lg:w-[calc(100%-115px)] agent-turn\">\n<div class=\"flex-col gap-1 md:gap-3\">\n<div class=\"flex flex-grow flex-col gap-3 max-w-full\">\n<div class=\"min-h-[20px] flex flex-col items-start gap-3 whitespace-pre-wrap break-words overflow-x-auto\" data-message-author-role=\"assistant\" data-message-id=\"d05bf352-5868-4a5e-a85f-735e3d17a351\">\n<div class=\"markdown prose w-full break-words dark:prose-invert light\">\n<p><strong>Descubre la Belleza en los Detalles: Fotograf\u00edas de Bodegones a tu Alcance<\/strong><\/p>\n<p>imagen de un bodegon de fruta, botella de vino,<\/p>\n<p style=\"text-align: justify;\">Si necesitas realizar una sesi\u00f3n de fotograf\u00eda \u00fanica, \u00bb comuni\u00f3n, boda, bautizos, retrato, desnudo, lencer\u00eda, comercial, productos o de cualquier otro tipo\u00bb .<\/p>\n<p style=\"text-align: justify;\">Concierta una cita mandando un mensaje\u00a0 a INFORMACION@DETENIENDOELTIEMPO.ES o\u00a0 visitando\u00a0 nuestra pagina de fotograf\u00eda <a href=\"http:\/\/www.deteniendoeltiempo.es\" target=\"_blank\" rel=\"noopener\">http:\/\/www.deteniendoeltiempo.es<\/a><\/p>\n<p style=\"text-align: justify;\">Visita nuestro blog si te interesa leer alg\u00fan articulo, pulsa <a href=\"https:\/\/bancodefotografias.com\/blog\/\">AQUI<\/a><\/p>\n<p style=\"text-align: justify;\">Tambi\u00e9n PUEDES\u00a0 ver mas CATEGORIAS de fotograf\u00edas\u00a0 dentro del Banco de fotograf\u00edas , pulsa <a href=\"https:\/\/bancodefotografias.com\/banco-de-fotografias-2\/\">AQUI<\/a><\/p>\n<\/div>\n<\/div>\n<\/div>\n<\/div>\n<\/div>\n<\/div>\n<\/div>\n<\/div>\n<\/div>\n<\/div>\n<\/div>\n<\/div>\n<\/div>\n<\/div>\n<\/div>\n<\/div>\n<\/div>\n<\/div>\n<\/div>\n<\/div>\n<\/div>\n<\/div>\n<\/div>\n<\/div>\n<p style=\"text-align: center;\"><strong style=\"color: #333333; font-size: 22px;\">\u00a0<\/strong><\/p>\n<\/div>\n<\/div>\n<\/div>\n<\/div>\n<\/div>\n<\/div>\n<\/div>\n<\/div>\n<\/div>\n<\/div>\n<\/div>\n<\/div>\n","protected":false},"excerpt":{"rendered":"<p>Banco de fotograf\u00edas<\/p>\n<p><strong>CATEGORIA:\u00a0 \u00a0BODEGONES\u00a0<\/strong><\/p>\n<p><strong>N\u00ba de veces que esta a la venta imagen: 25<\/strong><\/p>\n<p><strong>DATOS IMAGEN:\u00a0<\/strong><\/p>\n<h4>Tama\u00f1o 13,6 MB Dimensiones 6877 x 4912 px Fecha 05\/10\/23<\/h4>\n<p>Descarga de archivos y licencias<br \/>\nEl usuario tiene acceso privado completo al archivo descargado por tiempo ilimitado.<br \/>\nLos derechos de autor de la imagen descargada seguir\u00e1n perteneciendo a su propietario.<br \/>\nDescarga de archivos: Peque\u00f1o<br \/>\nArchivo con una resoluci\u00f3n m\u00e1xima de 800 px<br \/>\nDescarga de archivos: Pantalla<br \/>\nArchivo con una resoluci\u00f3n m\u00e1xima de 1024 p\u00edxeles.<br \/>\nDescarga de archivos: Tama\u00f1o completo<br \/>\nArchivo original en la m\u00e1xima calidad para obtener un resultado \u00f3ptimo<\/p>\n<p>NO VALIDA SU UTILIZACION PARA VENTA DE LA PROPIA IMAGEN COMO FICHERO DE DESCARGA O SIMILAR.<\/p>\n","protected":false},"featured_media":0,"comment_status":"open","ping_status":"closed","template":"","meta":{"_et_pb_use_builder":"","_et_pb_old_content":"","_et_gb_content_width":""},"product_brand":[],"product_cat":[748,1949],"product_tag":[1402,1410,1414,1400,1392,543,2282,544,2281,1206,1212,1202,1409,1396,1413,1412,1395,1397,1408,1416,1415,1407,1398,1406,1393,1404,1394,1399,1391,1199,1214,1205,1203,1209,1201,1216,1211,1227,1207,1210,1215,1217,2343,1204,1200,1213,1403,1208,1411,1401,1405],"class_list":{"0":"post-987512990","1":"product","2":"type-product","3":"status-publish","5":"product_cat-banco-de-fotografias","6":"product_cat-bodegones","7":"product_tag-abstraccion-artistica-en-fotografias","8":"product_tag-abstraccion-visual-en-fotografia","9":"product_tag-arte-contemporaneo-en-fotografias","10":"product_tag-arte-sin-limites","11":"product_tag-arte-visual-abstracto","12":"product_tag-banco-de-fotografias","13":"product_tag-banco-de-fotografias-de-bodegones","14":"product_tag-banco-de-imagenes","15":"product_tag-bodegones","16":"product_tag-capturas-artisticas","17":"product_tag-capturas-artisticas-en-alta-resolucion","18":"product_tag-capturas-creativas","19":"product_tag-composiciones-geometricas-abstractas","20":"product_tag-composiciones-geometricas-fotograficas","21":"product_tag-conexiones-abstractas-capturadas","22":"product_tag-creatividad-desbordante-en-imagenes","23":"product_tag-creatividad-visual-en-imagenes","24":"product_tag-detalles-abstractos-en-fotografia","25":"product_tag-detalles-intrigantes-en-imagenes","26":"product_tag-detalles-que-transforman-fotografias-abstractas","27":"product_tag-estilo-abstracto-en-fotografia","28":"product_tag-exploracion-creativa-en-fotografias","29":"product_tag-exploracion-de-la-abstraccion-visual","30":"product_tag-expresiones-artisticas-en-imagenes","31":"product_tag-expresiones-artisticas-fotograficas","32":"product_tag-formas-fluidas-y-texturas-fotograficas","33":"product_tag-formas-y-colores-abstractos","34":"product_tag-fotografia-contemporanea-abstracta","35":"product_tag-fotografias-abstractas","36":"product_tag-fotografias-creativas","37":"product_tag-fotografias-de-autor","38":"product_tag-fotografias-de-concepto","39":"product_tag-fotografias-originales","40":"product_tag-fotografias-visionarias","41":"product_tag-fotos-artisticas","42":"product_tag-fotos-artisticas-para-decoracion","43":"product_tag-fotos-creativas-de-alta-calidad","44":"product_tag-fotos-de-espectaculos-de-luces","45":"product_tag-fotos-innovadoras","46":"product_tag-imagenes-conceptuales","47":"product_tag-imagenes-creativas-para-diseno","48":"product_tag-imagenes-creativas-para-publicidad","49":"product_tag-imagenes-de-bodegones","50":"product_tag-imagenes-experimentales","51":"product_tag-imagenes-innovadoras","52":"product_tag-imagenes-inspiradoras","53":"product_tag-imagenes-que-desafian-la-realidad","54":"product_tag-imagenes-unicas","55":"product_tag-juegos-de-luces-y-sombras-artisticas","56":"product_tag-juegos-de-luces-y-sombras-en-imagenes","57":"product_tag-perspectivas-abstractas-en-fotografia","59":"first","60":"instock","61":"taxable","62":"shipping-taxable","63":"product-type-external"},"_links":{"self":[{"href":"https:\/\/bancodefotografias.com\/inicio\/wp-json\/wp\/v2\/product\/987512990","targetHints":{"allow":["GET"]}}],"collection":[{"href":"https:\/\/bancodefotografias.com\/inicio\/wp-json\/wp\/v2\/product"}],"about":[{"href":"https:\/\/bancodefotografias.com\/inicio\/wp-json\/wp\/v2\/types\/product"}],"replies":[{"embeddable":true,"href":"https:\/\/bancodefotografias.com\/inicio\/wp-json\/wp\/v2\/comments?post=987512990"}],"wp:attachment":[{"href":"https:\/\/bancodefotografias.com\/inicio\/wp-json\/wp\/v2\/media?parent=987512990"}],"wp:term":[{"taxonomy":"product_brand","embeddable":true,"href":"https:\/\/bancodefotografias.com\/inicio\/wp-json\/wp\/v2\/product_brand?post=987512990"},{"taxonomy":"product_cat","embeddable":true,"href":"https:\/\/bancodefotografias.com\/inicio\/wp-json\/wp\/v2\/product_cat?post=987512990"},{"taxonomy":"product_tag","embeddable":true,"href":"https:\/\/bancodefotografias.com\/inicio\/wp-json\/wp\/v2\/product_tag?post=987512990"}],"curies":[{"name":"wp","href":"https:\/\/api.w.org\/{rel}","templated":true}]}}