{"id":987512929,"date":"2024-02-04T20:25:21","date_gmt":"2024-02-04T19:25:21","guid":{"rendered":"https:\/\/bancodefotografias.com\/?post_type=product&#038;p=987512929"},"modified":"2024-02-09T09:10:24","modified_gmt":"2024-02-09T08:10:24","slug":"banco-de-fotografias-dt1964","status":"publish","type":"product","link":"https:\/\/bancodefotografias.com\/inicio\/imagenes\/banco-de-fotografias-dt1964\/","title":{"rendered":"Banco de fotografias Abstractas dt 1964"},"content":{"rendered":"<h4>Banco de fotograf\u00edas e im\u00e1genes Abstractas<\/h4>\n<div class=\"flex-1 overflow-hidden\">\n<div class=\"react-scroll-to-bottom--css-yjnsg-79elbk h-full dark:bg-gray-800\">\n<div class=\"react-scroll-to-bottom--css-yjnsg-1n7m0yu\">\n<div class=\"flex flex-col text-sm dark:bg-gray-800\">\n<div class=\"group final-completion w-full text-token-text-primary border-b border-black\/10 gizmo:border-0 dark:border-gray-900\/50 gizmo:dark:border-0 bg-gray-50 gizmo:bg-transparent dark:bg-[#444654] gizmo:dark:bg-transparent\" data-testid=\"conversation-turn-183\">\n<div class=\"p-4 justify-center text-base md:gap-6 md:py-6 m-auto\">\n<div class=\"flex flex-1 gap-4 text-base mx-auto md:gap-6 gizmo:gap-3 gizmo:md:px-5 gizmo:lg:px-1 gizmo:xl:px-5 md:max-w-2xl lg:max-w-[38rem] gizmo:md:max-w-3xl gizmo:lg:max-w-[40rem] gizmo:xl:max-w-[48rem] xl:max-w-3xl }\">\n<div class=\"relative flex w-[calc(100%-50px)] flex-col gizmo:w-full lg:w-[calc(100%-115px)] agent-turn\">\n<div class=\"flex-col gap-1 md:gap-3\">\n<div class=\"flex flex-grow flex-col gap-3 max-w-full\">\n<div class=\"min-h-[20px] flex flex-col items-start gap-3 whitespace-pre-wrap break-words overflow-x-auto\">\n<div class=\"markdown prose w-full break-words dark:prose-invert light\">\n<div class=\"flex-1 overflow-hidden\">\n<div class=\"react-scroll-to-bottom--css-yjnsg-79elbk h-full dark:bg-gray-800\">\n<div class=\"react-scroll-to-bottom--css-yjnsg-1n7m0yu\">\n<div class=\"flex flex-col text-sm dark:bg-gray-800\">\n<div class=\"group final-completion w-full text-token-text-primary border-b border-black\/10 gizmo:border-0 dark:border-gray-900\/50 gizmo:dark:border-0 bg-gray-50 gizmo:bg-transparent dark:bg-[#444654] gizmo:dark:bg-transparent\" data-testid=\"conversation-turn-183\">\n<div class=\"p-4 justify-center text-base md:gap-6 md:py-6 m-auto\">\n<div class=\"flex flex-1 gap-4 text-base mx-auto md:gap-6 gizmo:gap-3 gizmo:md:px-5 gizmo:lg:px-1 gizmo:xl:px-5 md:max-w-2xl lg:max-w-[38rem] gizmo:md:max-w-3xl gizmo:lg:max-w-[40rem] gizmo:xl:max-w-[48rem] xl:max-w-3xl }\">\n<div class=\"relative flex w-[calc(100%-50px)] flex-col gizmo:w-full lg:w-[calc(100%-115px)] agent-turn\">\n<div class=\"flex-col gap-1 md:gap-3\">\n<div class=\"flex flex-grow flex-col gap-3 max-w-full\">\n<div class=\"min-h-[20px] flex flex-col items-start gap-3 whitespace-pre-wrap break-words overflow-x-auto\">\n<div class=\"markdown prose w-full break-words dark:prose-invert light\">\n<div class=\"flex-1 overflow-hidden\">\n<div class=\"react-scroll-to-bottom--css-tyrzp-79elbk h-full\">\n<div class=\"react-scroll-to-bottom--css-tyrzp-1n7m0yu\">\n<div class=\"flex flex-col text-sm gizmo:pb-9 dark:bg-gray-800 gizmo:dark:bg-transparent\">\n<div class=\"group w-full text-token-text-primary border-b border-black\/10 gizmo:border-0 dark:border-gray-900\/50 gizmo:dark:border-0 bg-gray-50 gizmo:bg-transparent dark:bg-[#444654] gizmo:dark:bg-transparent\" data-testid=\"conversation-turn-286\">\n<div class=\"p-4 gizmo:py-2 justify-center text-base md:gap-6 md:py-6 m-auto\">\n<div class=\"flex flex-1 gap-4 text-base mx-auto md:gap-6 gizmo:gap-3 gizmo:md:px-5 gizmo:lg:px-1 gizmo:xl:px-5 md:max-w-2xl lg:max-w-[38rem] gizmo:md:max-w-3xl gizmo:lg:max-w-[40rem] gizmo:xl:max-w-[48rem] xl:max-w-3xl }\">\n<div class=\"relative flex w-[calc(100%-50px)] flex-col gizmo:w-full lg:w-[calc(100%-115px)] agent-turn\">\n<div class=\"flex-col gap-1 md:gap-3\">\n<div class=\"flex flex-grow flex-col gap-3 max-w-full\">\n<div class=\"min-h-[20px] flex flex-col items-start gap-3 whitespace-pre-wrap break-words overflow-x-auto\" data-message-author-role=\"assistant\" data-message-id=\"d05bf352-5868-4a5e-a85f-735e3d17a351\">\n<div class=\"markdown prose w-full break-words dark:prose-invert light\">\n<p>\u00abExplora el Universo de lo Abstracto: Fotograf\u00edas que Desaf\u00edan la Realidad<\/p>\n<p>Nuestra colecci\u00f3n de fotograf\u00edas abstractas te invita a sumergirte en un mundo donde las formas, colores y texturas se entrelazan para crear una experiencia visual \u00fanica.<\/p>\n<p>Cada imagen es una expresi\u00f3n art\u00edstica que despierta la imaginaci\u00f3n y evoca emociones, transformando lo ordinario en extraordinario.<\/p>\n<p><strong>Exploraci\u00f3n Visual:<\/strong> Cada fotograf\u00eda es una ventana a la creatividad desbordante. Desde composiciones geom\u00e9tricas hasta juegos de luces y sombras, nuestras im\u00e1genes desaf\u00edan las convenciones y te invitan a explorar lo inexplorado.<\/p>\n<p><strong>Detalles Intrigantes:<\/strong> Nuestros fot\u00f3grafos expertos han capturado detalles que escapan a la mirada com\u00fan.<\/p>\n<p>Cada imagen revela una historia propia, permiti\u00e9ndote descubrir significados y conexiones que evolucionan con cada observaci\u00f3n.<\/p>\n<p><strong>Arte Sin L\u00edmites:<\/strong> Ya sea que busques decorar tu espacio con algo \u00fanico o inspirar tu propia creatividad, nuestras fotograf\u00edas abstractas son una declaraci\u00f3n de arte sin restricciones.<\/p>\n<p>Cada imagen es una invitaci\u00f3n a mirar m\u00e1s all\u00e1 de lo evidente y encontrar belleza en la abstracci\u00f3n.<\/p>\n<p>Explora la Colecci\u00f3n Ahora y Eleva tu Espacio con Fotograf\u00edas que Desaf\u00edan los L\u00edmites de la Realidad.<\/p>\n<\/div>\n<\/div>\n<\/div>\n<\/div>\n<\/div>\n<\/div>\n<\/div>\n<\/div>\n<\/div>\n<\/div>\n<\/div>\n<\/div>\n<p>&nbsp;<\/p>\n<\/div>\n<\/div>\n<\/div>\n<\/div>\n<\/div>\n<\/div>\n<\/div>\n<\/div>\n<\/div>\n<\/div>\n<\/div>\n<\/div>\n<p style=\"text-align: center;\"><strong style=\"color: #333333; font-size: 22px;\">\u00a0<\/strong><\/p>\n<\/div>\n<\/div>\n<\/div>\n<\/div>\n<\/div>\n<\/div>\n<\/div>\n<\/div>\n<\/div>\n<\/div>\n<\/div>\n<\/div>\n","protected":false},"excerpt":{"rendered":"<p>Banco de fotografias Abstractas<\/p>\n<p><strong>CATEGORIA:\u00a0 \u00a0Abstracta<\/strong><\/p>\n<p><strong>N\u00ba de veces que esta a la venta imagen: 25<\/strong><\/p>\n<p><strong>DATOS IMAGEN:<\/strong><\/p>\n<h4>\u00a0 Tama\u00f1o\u00a0\u00a07,9 MB\u00a0\u00a0Dimensiones\u00a0\u00a07360 x 4912 px\u00a0 \u00a0Fecha\u00a0 \u00a005\/10\/23<\/h4>\n<p>FICHERO NORMAL<\/p>\n<p>&nbsp;<\/p>\n<p>Descarga de archivos y licencias<\/p>\n<p>El usuario tiene acceso privado completo al archivo descargado por tiempo ilimitado. Los derechos de autor de la imagen descargada seguir\u00e1n perteneciendo a su propietario.<\/p>\n<p>Descarga de archivos: Peque\u00f1o<\/p>\n<p>Archivo con una resoluci\u00f3n m\u00e1xima de 800 px para compartir la vista previa<\/p>\n<p>Precio en \u20ac\u00a0 5,00<\/p>\n<p>Descarga de archivos: Pantalla<\/p>\n<p>Archivo con una resoluci\u00f3n m\u00e1xima de 1024 p\u00edxeles, pensado para visualizaci\u00f3n en pantalla y presentaciones<\/p>\n<p>Precio en \u20ac 10,00<\/p>\n<p>Descarga de archivos: Tama\u00f1o completo<\/p>\n<p>Archivo original en la m\u00e1xima calidad para obtener un resultado de impresi\u00f3n \u00f3ptimo<\/p>\n<p>Precio en \u20ac\u00a0 25,00<\/p>\n<p>&nbsp;<\/p>\n<p>NO VALIDA SU UTILIZACION PARA VENTA DE LA PROPIA IMAGEN COMO FICHERO DE DESCARGA O SIMILAR.<\/p>\n<p>&nbsp;<\/p>\n<p>Si necesitas realizar una sesi\u00f3n de fotograf\u00eda \u00fanica, \u00bb comuni\u00f3n, boda, bautizos, retrato, desnudo, lencer\u00eda, comercial, productos o de cualquier otro tipo\u00bb .<\/p>\n<p>Concierta una cita mandando un mensaje\u00a0 a INFORMACION@DETENIENDOELTIEMPO.ES o\u00a0 visitando\u00a0 nuestra pagina de fotograf\u00eda <a href=\"http:\/\/www.deteniendoeltiempo.es\">http:\/\/www.deteniendoeltiempo.es<\/a><\/p>\n<p>Visita nuestro blog si te interesa leer alg\u00fan articulo, pulsa <a href=\"https:\/\/bancodefotografias.com\/blog\/\">AQUI<\/a><\/p>\n<p>Tambi\u00e9n PUEDES\u00a0 ver mas CATEGORIAS de fotograf\u00edas\u00a0 dentro del Banco de fotograf\u00edas , pulsa <a href=\"https:\/\/bancodefotografias.com\/banco-de-fotografias-2\/\">AQUI<\/a><\/p>\n","protected":false},"featured_media":0,"comment_status":"open","ping_status":"closed","template":"","meta":{"_et_pb_use_builder":"","_et_pb_old_content":"","_et_gb_content_width":""},"product_brand":[],"product_cat":[748,2238],"product_tag":[1402,1410,1414,1400,1392,543,544,1206,1212,1202,1409,1396,1413,1412,1395,1397,1408,1416,1415,1407,1398,1406,1393,1404,1394,1399,1391,1199,1214,1205,1203,1209,1201,1216,1211,1227,1207,1210,1215,1217,1204,1200,1213,1403,1208,1411,1401,1405],"class_list":{"0":"post-987512929","1":"product","2":"type-product","3":"status-publish","5":"product_cat-banco-de-fotografias","6":"product_cat-abstracta","7":"product_tag-abstraccion-artistica-en-fotografias","8":"product_tag-abstraccion-visual-en-fotografia","9":"product_tag-arte-contemporaneo-en-fotografias","10":"product_tag-arte-sin-limites","11":"product_tag-arte-visual-abstracto","12":"product_tag-banco-de-fotografias","13":"product_tag-banco-de-imagenes","14":"product_tag-capturas-artisticas","15":"product_tag-capturas-artisticas-en-alta-resolucion","16":"product_tag-capturas-creativas","17":"product_tag-composiciones-geometricas-abstractas","18":"product_tag-composiciones-geometricas-fotograficas","19":"product_tag-conexiones-abstractas-capturadas","20":"product_tag-creatividad-desbordante-en-imagenes","21":"product_tag-creatividad-visual-en-imagenes","22":"product_tag-detalles-abstractos-en-fotografia","23":"product_tag-detalles-intrigantes-en-imagenes","24":"product_tag-detalles-que-transforman-fotografias-abstractas","25":"product_tag-estilo-abstracto-en-fotografia","26":"product_tag-exploracion-creativa-en-fotografias","27":"product_tag-exploracion-de-la-abstraccion-visual","28":"product_tag-expresiones-artisticas-en-imagenes","29":"product_tag-expresiones-artisticas-fotograficas","30":"product_tag-formas-fluidas-y-texturas-fotograficas","31":"product_tag-formas-y-colores-abstractos","32":"product_tag-fotografia-contemporanea-abstracta","33":"product_tag-fotografias-abstractas","34":"product_tag-fotografias-creativas","35":"product_tag-fotografias-de-autor","36":"product_tag-fotografias-de-concepto","37":"product_tag-fotografias-originales","38":"product_tag-fotografias-visionarias","39":"product_tag-fotos-artisticas","40":"product_tag-fotos-artisticas-para-decoracion","41":"product_tag-fotos-creativas-de-alta-calidad","42":"product_tag-fotos-de-espectaculos-de-luces","43":"product_tag-fotos-innovadoras","44":"product_tag-imagenes-conceptuales","45":"product_tag-imagenes-creativas-para-diseno","46":"product_tag-imagenes-creativas-para-publicidad","47":"product_tag-imagenes-experimentales","48":"product_tag-imagenes-innovadoras","49":"product_tag-imagenes-inspiradoras","50":"product_tag-imagenes-que-desafian-la-realidad","51":"product_tag-imagenes-unicas","52":"product_tag-juegos-de-luces-y-sombras-artisticas","53":"product_tag-juegos-de-luces-y-sombras-en-imagenes","54":"product_tag-perspectivas-abstractas-en-fotografia","56":"first","57":"instock","58":"taxable","59":"shipping-taxable","60":"product-type-external"},"_links":{"self":[{"href":"https:\/\/bancodefotografias.com\/inicio\/wp-json\/wp\/v2\/product\/987512929","targetHints":{"allow":["GET"]}}],"collection":[{"href":"https:\/\/bancodefotografias.com\/inicio\/wp-json\/wp\/v2\/product"}],"about":[{"href":"https:\/\/bancodefotografias.com\/inicio\/wp-json\/wp\/v2\/types\/product"}],"replies":[{"embeddable":true,"href":"https:\/\/bancodefotografias.com\/inicio\/wp-json\/wp\/v2\/comments?post=987512929"}],"wp:attachment":[{"href":"https:\/\/bancodefotografias.com\/inicio\/wp-json\/wp\/v2\/media?parent=987512929"}],"wp:term":[{"taxonomy":"product_brand","embeddable":true,"href":"https:\/\/bancodefotografias.com\/inicio\/wp-json\/wp\/v2\/product_brand?post=987512929"},{"taxonomy":"product_cat","embeddable":true,"href":"https:\/\/bancodefotografias.com\/inicio\/wp-json\/wp\/v2\/product_cat?post=987512929"},{"taxonomy":"product_tag","embeddable":true,"href":"https:\/\/bancodefotografias.com\/inicio\/wp-json\/wp\/v2\/product_tag?post=987512929"}],"curies":[{"name":"wp","href":"https:\/\/api.w.org\/{rel}","templated":true}]}}