{"id":987512879,"date":"2024-02-02T09:32:56","date_gmt":"2024-02-02T08:32:56","guid":{"rendered":"https:\/\/bancodefotografias.com\/?post_type=product&#038;p=987512879"},"modified":"2024-02-02T14:45:59","modified_gmt":"2024-02-02T13:45:59","slug":"banco-de-fotografias-r11","status":"publish","type":"product","link":"https:\/\/bancodefotografias.com\/inicio\/imagenes\/banco-de-fotografias-r11\/","title":{"rendered":"Banco de fotografias Gratis. dt11"},"content":{"rendered":"<h4>Banco de fotograf\u00edas e im\u00e1genes Gratis<\/h4>\n<div class=\"flex-1 overflow-hidden\">\n<div class=\"react-scroll-to-bottom--css-yjnsg-79elbk h-full dark:bg-gray-800\">\n<div class=\"react-scroll-to-bottom--css-yjnsg-1n7m0yu\">\n<div class=\"flex flex-col text-sm dark:bg-gray-800\">\n<div class=\"group final-completion w-full text-token-text-primary border-b border-black\/10 gizmo:border-0 dark:border-gray-900\/50 gizmo:dark:border-0 bg-gray-50 gizmo:bg-transparent dark:bg-[#444654] gizmo:dark:bg-transparent\" data-testid=\"conversation-turn-183\">\n<div class=\"p-4 justify-center text-base md:gap-6 md:py-6 m-auto\">\n<div class=\"flex flex-1 gap-4 text-base mx-auto md:gap-6 gizmo:gap-3 gizmo:md:px-5 gizmo:lg:px-1 gizmo:xl:px-5 md:max-w-2xl lg:max-w-[38rem] gizmo:md:max-w-3xl gizmo:lg:max-w-[40rem] gizmo:xl:max-w-[48rem] xl:max-w-3xl }\">\n<div class=\"relative flex w-[calc(100%-50px)] flex-col gizmo:w-full lg:w-[calc(100%-115px)] agent-turn\">\n<div class=\"flex-col gap-1 md:gap-3\">\n<div class=\"flex flex-grow flex-col gap-3 max-w-full\">\n<div class=\"min-h-[20px] flex flex-col items-start gap-3 whitespace-pre-wrap break-words overflow-x-auto\">\n<div class=\"markdown prose w-full break-words dark:prose-invert light\"><\/div>\n<\/div>\n<\/div>\n<\/div>\n<\/div>\n<\/div>\n<\/div>\n<\/div>\n<\/div>\n<\/div>\n<\/div>\n<\/div>\n<p><strong>\u00a1Fotograf\u00edas Gratis para Ti!<\/strong><\/p>\n<p>\u00a1Bienvenido a nuestra promoci\u00f3n especial de fotograf\u00edas gratis!<\/p>\n<p>En reconocimiento a tu apoyo y dedicaci\u00f3n, queremos brindarte la oportunidad de acceder a una selecci\u00f3n exclusiva de im\u00e1genes de alta calidad sin costo alguno.<\/p>\n<p>Nuestra colecci\u00f3n gratuita incluye una amplia variedad de fotograf\u00edas que capturan momentos especiales.<\/p>\n<p>Paisajes impresionantes y retratos cautivadores.<\/p>\n<p>Ya sea que est\u00e9s buscando inspiraci\u00f3n para tu pr\u00f3ximo proyecto creativo o simplemente deseas embellecer tu espacio virtual.<\/p>\n<p>Estamos seguros de que encontrar\u00e1s im\u00e1genes que se ajusten a tus necesidades.<\/p>\n<p>Nuestro compromiso es ofrecerte contenido de calidad de forma gratuita, porque creemos que el arte y la creatividad deber\u00edan ser accesibles para todos.<\/p>\n<p>No hay trucos ni compromisos; simplemente descarga las im\u00e1genes que te gusten y \u00fasalas como desees.<\/p>\n<p>\u00a1Aprovecha esta oportunidad para explorar nuestra colecci\u00f3n y llevar un toque de belleza a tus proyectos y creaciones!<\/p>\n<p>Visita nuestro sitio web y descarga tus fotograf\u00edas gratis hoy mismo.<\/p>\n<p>Recuerda compartir esta oferta con tus amigos y colegas para que tambi\u00e9n puedan disfrutar de esta incre\u00edble oportunidad.<\/p>\n<p>Juntos, estamos construyendo un mundo donde la creatividad y el arte est\u00e1n al alcance de todos.<\/p>\n<p>\u00a1Gracias por ser parte de nuestra comunidad y esperamos que disfrutes de nuestras fotograf\u00edas gratis!<\/p>\n<p>&nbsp;<\/p>\n<p>Si necesitas realizar una sesi\u00f3n de fotograf\u00eda \u00fanica, \u00bb comuni\u00f3n, boda, bautizos, retrato, desnudo, lencer\u00eda, comercial, productos o de cualquier otro tipo\u00bb .<\/p>\n<p>Concierta una cita mandando un mensaje\u00a0 a INFORMACION@DETENIENDOELTIEMPO.ES o\u00a0 visitando\u00a0 nuestra pagina de fotograf\u00eda <a href=\"http:\/\/www.deteniendoeltiempo.es\" target=\"_blank\" rel=\"noopener\">http:\/\/www.deteniendoeltiempo.es<\/a><\/p>\n<p>Visita nuestro blog si te interesa leer alg\u00fan articulo, pulsa <a href=\"https:\/\/bancodefotografias.com\/blog\/\">AQUI<\/a><\/p>\n<p>Tambi\u00e9n PUEDES\u00a0 ver mas CATEGORIAS de fotograf\u00edas\u00a0 dentro del Banco de fotograf\u00edas , pulsa <a href=\"https:\/\/bancodefotografias.com\/banco-de-fotografias-2\/\">AQUI<\/a><\/p>\n","protected":false},"excerpt":{"rendered":"<p>&nbsp;<\/p>\n<p>BANCO DE FOTOGRAFIAS.<\/p>\n<p><strong>CATEGORIA:\u00a0 AVES<\/strong><\/p>\n<p><strong>N\u00ba de veces que esta a la venta imagen: 50<\/strong><\/p>\n<p><strong>DATOS IMAGEN:<\/strong><\/p>\n<h4>Nombre\u00a0d\u200bt\u200b-\u200bR\u200b1\u200b1\u200b.\u200bj\u200bp\u200bg\u00a0Tama\u00f1o\u00a0\u00a08,3 MB\u00a0Dimensiones\u00a06016 x 4000 px<\/h4>\n<p><strong>\u00a0<\/strong><strong>Tipos de licencia para descarga.<\/strong><\/p>\n<p>ESTANDAR .<\/p>\n<ul>\n<li>Uso ilimitado de impresi\u00f3n para\u00a0 uso particular<\/li>\n<li>Uso ilimitado en creaci\u00f3n de paginas web, blog y art\u00edculos.<\/li>\n<li>Uso ilimitado en creaci\u00f3n de productos para decoraci\u00f3n para uso particular.<\/li>\n<\/ul>\n<ul>\n<li style=\"list-style-type: none;\">\n<ul>\n<li style=\"list-style-type: none;\">\n<ul>\n<li><strong>\u00a0<\/strong><\/li>\n<\/ul>\n<\/li>\n<\/ul>\n<\/li>\n<\/ul>\n<ul>\n<li style=\"list-style-type: none;\">\n<ul>\n<li style=\"list-style-type: none;\">\n<ul>\n<li><em>NO VALIDA SU UTILIZACION PARA VENTA DE LA PROPIA IMAGEN\u00a0 <\/em><em>COMO FICHERO DE DESCARGA O SIMILAR.<\/em><\/li>\n<\/ul>\n<\/li>\n<\/ul>\n<\/li>\n<\/ul>\n<ul>\n<li style=\"list-style-type: none;\"><\/li>\n<\/ul>\n<p>&nbsp;<\/p>\n<p><strong>NOTAS .-<\/strong><\/p>\n<ul>\n<li>Puedes descargar 1 vez el fichero,<\/li>\n<li>Tienes 15 Dias para descargar Fichero una vez realizada la compra despu\u00e9s caducara el enlace de descarga&#8230;.<\/li>\n<li>La marca de Agua desaparece al descargar fichero.<\/li>\n<\/ul>\n<p><strong>\u00a0<\/strong><\/p>\n<p>&nbsp;<\/p>\n","protected":false},"featured_media":0,"comment_status":"open","ping_status":"closed","template":"","meta":{"_et_pb_use_builder":"","_et_pb_old_content":"","_et_gb_content_width":""},"product_brand":[],"product_cat":[748,749,750,2277],"product_tag":[758,764,786,788,778,561,548,790,543,791,792,544,773,756,760,545,783,789,785,787,560,781,777,776,780,794,475,784,547,779,755,793,782,774],"class_list":{"0":"post-987512879","1":"product","2":"type-product","3":"status-publish","5":"product_cat-banco-de-fotografias","6":"product_cat-animales-banco-de-fotografias","7":"product_cat-aves","8":"product_cat-gratuitas","9":"product_tag-animal-pequeno","10":"product_tag-animales-en-la-naturaleza","11":"product_tag-aves-canoras","12":"product_tag-aves-de-presa-imagenes","13":"product_tag-aves-en-la-naturaleza","14":"product_tag-aves-en-su-habitat-natural","15":"product_tag-aves-en-vuelo","16":"product_tag-aves-raras-fotografias","17":"product_tag-banco-de-fotografias","18":"product_tag-banco-de-fotografias-de-animales","19":"product_tag-banco-de-fotografias-de-aves","20":"product_tag-banco-de-imagenes","21":"product_tag-compra-de-fotografias","22":"product_tag-fauna","23":"product_tag-fotografia-animal","24":"product_tag-fotografias-de-aves","25":"product_tag-fotografias-de-aves-acuaticas","26":"product_tag-fotografias-de-aves-en-invierno","27":"product_tag-fotografias-de-aves-en-jardines","28":"product_tag-fotografias-de-aves-marinas","29":"product_tag-fotografias-de-aves-migratorias","30":"product_tag-fotografias-de-rapaces","31":"product_tag-fotografias-ornitologicas","32":"product_tag-fotos-de-aves-exoticas","33":"product_tag-fotos-de-aves-tropicales","34":"product_tag-gaviotas","35":"product_tag-gorrion","36":"product_tag-imagenes-de-aves-rapaces","37":"product_tag-imagenes-de-pajaros","38":"product_tag-imagenes-de-plumaje-de-aves","39":"product_tag-naturaleza-salvaje","40":"product_tag-pajaro-silvestre","41":"product_tag-pajaros-coloridos","42":"product_tag-venta-de-fotografias","44":"first","45":"instock","46":"taxable","47":"shipping-taxable","48":"purchasable","49":"product-type-variable"},"_links":{"self":[{"href":"https:\/\/bancodefotografias.com\/inicio\/wp-json\/wp\/v2\/product\/987512879","targetHints":{"allow":["GET"]}}],"collection":[{"href":"https:\/\/bancodefotografias.com\/inicio\/wp-json\/wp\/v2\/product"}],"about":[{"href":"https:\/\/bancodefotografias.com\/inicio\/wp-json\/wp\/v2\/types\/product"}],"replies":[{"embeddable":true,"href":"https:\/\/bancodefotografias.com\/inicio\/wp-json\/wp\/v2\/comments?post=987512879"}],"wp:attachment":[{"href":"https:\/\/bancodefotografias.com\/inicio\/wp-json\/wp\/v2\/media?parent=987512879"}],"wp:term":[{"taxonomy":"product_brand","embeddable":true,"href":"https:\/\/bancodefotografias.com\/inicio\/wp-json\/wp\/v2\/product_brand?post=987512879"},{"taxonomy":"product_cat","embeddable":true,"href":"https:\/\/bancodefotografias.com\/inicio\/wp-json\/wp\/v2\/product_cat?post=987512879"},{"taxonomy":"product_tag","embeddable":true,"href":"https:\/\/bancodefotografias.com\/inicio\/wp-json\/wp\/v2\/product_tag?post=987512879"}],"curies":[{"name":"wp","href":"https:\/\/api.w.org\/{rel}","templated":true}]}}