{"id":987512840,"date":"2024-02-01T19:51:12","date_gmt":"2024-02-01T18:51:12","guid":{"rendered":"https:\/\/bancodefotografias.com\/?post_type=product&#038;p=987512840"},"modified":"2024-02-01T19:56:23","modified_gmt":"2024-02-01T18:56:23","slug":"banco-de-fotografias-d2","status":"publish","type":"product","link":"https:\/\/bancodefotografias.com\/inicio\/imagenes\/banco-de-fotografias-d2\/","title":{"rendered":"Banco de fotografias  dt2"},"content":{"rendered":"<h4>Banco de fotograf\u00edas e im\u00e1genes de animales\u00a0 \u00abardilla\u00bb<\/h4>\n<p>Ardilla asomada en un arbol mirando al frente comiendo<\/p>\n<p>\u00abSum\u00e9rgete en el encanto travieso y la vivacidad de nuestras adorables fotograf\u00edas de ardillas. Cada imagen captura la agilidad y la dulzura de estos peque\u00f1os roedores en su h\u00e1bitat natural. Perfectas para crear cuadros, l\u00e1minas, lienzos y posters que llenen tus espacios de energ\u00eda y alegr\u00eda. Tambi\u00e9n son ideales para a\u00f1adir un toque de vitalidad y diversi\u00f3n a tus p\u00e1ginas web y anuncios de producto.<\/p>\n<p>Desde sus \u00e1giles saltos hasta sus curiosas exploraciones, nuestras fotograf\u00edas celebran la naturaleza curiosa y juguetona de las ardillas. Cada detalle se convierte en una obra de arte lista para decorar tus lugares favoritos y transmitir la magia y la vivacidad que estas criaturas llevan consigo.<\/p>\n<p>Explora nuestra colecci\u00f3n y descubre c\u00f3mo estas im\u00e1genes pueden transformar tu espacio en un rinc\u00f3n de alegr\u00eda y vitalidad. Cada fotograf\u00eda de ardillas es una invitaci\u00f3n a apreciar la belleza de la naturaleza en su forma m\u00e1s juguetona y a llevar la energ\u00eda de estos encantadores roedores a tus proyectos y hogar. \u00a1Encuentra tu imagen favorita y deja que la magia de las ardillas ilumine tu vida!\u00bb \ud83d\udc3f\ufe0f\ud83d\udcf8\ud83c\udf33\u2728<\/p>\n<p>&nbsp;<\/p>\n<p><b>\u00a0<\/b><\/p>\n<p>ESTANDAR .<\/p>\n<ul>\n<li>Uso ilimitado de impresi\u00f3n para\u00a0 uso particular<\/li>\n<li>Uso ilimitado en creaci\u00f3n de paginas web, blog y art\u00edculos.<\/li>\n<li>Uso ilimitado en creaci\u00f3n de productos para decoraci\u00f3n para uso particular.<\/li>\n<\/ul>\n<ul>\n<li><\/li>\n<\/ul>\n<ul>\n<li style=\"list-style-type: none;\">\n<ul>\n<li style=\"list-style-type: none;\">\n<ul>\n<li>NO ES VALIDA LA LICENCIA PARA USO COMERCIAL&#8230;..<\/li>\n<\/ul>\n<\/li>\n<\/ul>\n<\/li>\n<\/ul>\n<p><strong>\u00a0<\/strong><\/p>\n<p><strong>NOTAS .-<\/strong><\/p>\n<ul>\n<li>Puedes descargar 3 veces el fichero.<\/li>\n<li>Tienes 15 Dias para descargar Fichero una vez realizada la compra<\/li>\n<li>La marca de Agua desaparece al descargar fichero.<\/li>\n<\/ul>\n<p><strong>\u00a0<\/strong><\/p>\n<p>Si necesitas realizar una sesi\u00f3n de fotograf\u00eda \u00fanica, \u00bb comuni\u00f3n, boda, bautizos, retrato, desnudo, lencer\u00eda, comercial, productos o de cualquier otro tipo\u00bb .<\/p>\n<p>Concierta una cita mandando un mensaje\u00a0 a INFORMACION@DETENIENDOELTIEMPO.ES o\u00a0 visitando\u00a0 nuestra pagina de fotograf\u00eda <a href=\"http:\/\/www.deteniendoeltiempo.es\" target=\"_blank\" rel=\"noopener\">http:\/\/www.deteniendoeltiempo.es<\/a><\/p>\n<p>Visita nuestro blog si te interesa leer alg\u00fan articulo, pulsa <a href=\"https:\/\/bancodefotografias.com\/blog\/\">AQUI<\/a><\/p>\n<p>Tambi\u00e9n PUEDES\u00a0 ver mas CATEGORIAS de fotograf\u00edas\u00a0 dentro del Banco de fotograf\u00edas , pulsa <a href=\"https:\/\/bancodefotografias.com\/banco-de-fotografias-2\/\">AQUI<\/a><\/p>\n<p>&nbsp;<\/p>\n","protected":false},"excerpt":{"rendered":"<p>banco de fotografias<\/p>\n<p>Ardilla asomada en un arbol mirando al frente<\/p>\n<p>&nbsp;<\/p>\n","protected":false},"featured_media":0,"comment_status":"open","ping_status":"closed","template":"","meta":{"_et_pb_use_builder":"","_et_pb_old_content":"","_et_gb_content_width":""},"product_brand":[],"product_cat":[748,749,775,2277],"product_tag":[758,764,460,772,765,770,766,771,759,761,769,768,713,543,544,773,756,760,754,767,763,757,755,762,774],"class_list":{"0":"post-987512840","1":"product","2":"type-product","3":"status-publish","5":"product_cat-banco-de-fotografias","6":"product_cat-animales-banco-de-fotografias","7":"product_cat-ardillas","8":"product_cat-gratuitas","9":"product_tag-animal-pequeno","10":"product_tag-animales-en-la-naturaleza","11":"product_tag-ardilla","12":"product_tag-ardilla-adorable","13":"product_tag-ardilla-curiosa","14":"product_tag-ardilla-en-accion","15":"product_tag-ardilla-en-el-bosque","16":"product_tag-ardilla-en-el-parque","17":"product_tag-ardilla-en-su-habitat","18":"product_tag-ardilla-juguetona","19":"product_tag-ardilla-observando","20":"product_tag-ardilla-trepando","21":"product_tag-ardillas","22":"product_tag-banco-de-fotografias","23":"product_tag-banco-de-imagenes","24":"product_tag-compra-de-fotografias","25":"product_tag-fauna","26":"product_tag-fotografia-animal","27":"product_tag-fotografia-de-ardilla","28":"product_tag-fotografia-de-mamiferos","29":"product_tag-fotografia-de-vida-salvaje","30":"product_tag-mamifero","31":"product_tag-naturaleza-salvaje","32":"product_tag-tierna-ardilla","33":"product_tag-venta-de-fotografias","35":"first","36":"instock","37":"taxable","38":"shipping-taxable","39":"purchasable","40":"product-type-variable"},"_links":{"self":[{"href":"https:\/\/bancodefotografias.com\/inicio\/wp-json\/wp\/v2\/product\/987512840","targetHints":{"allow":["GET"]}}],"collection":[{"href":"https:\/\/bancodefotografias.com\/inicio\/wp-json\/wp\/v2\/product"}],"about":[{"href":"https:\/\/bancodefotografias.com\/inicio\/wp-json\/wp\/v2\/types\/product"}],"replies":[{"embeddable":true,"href":"https:\/\/bancodefotografias.com\/inicio\/wp-json\/wp\/v2\/comments?post=987512840"}],"wp:attachment":[{"href":"https:\/\/bancodefotografias.com\/inicio\/wp-json\/wp\/v2\/media?parent=987512840"}],"wp:term":[{"taxonomy":"product_brand","embeddable":true,"href":"https:\/\/bancodefotografias.com\/inicio\/wp-json\/wp\/v2\/product_brand?post=987512840"},{"taxonomy":"product_cat","embeddable":true,"href":"https:\/\/bancodefotografias.com\/inicio\/wp-json\/wp\/v2\/product_cat?post=987512840"},{"taxonomy":"product_tag","embeddable":true,"href":"https:\/\/bancodefotografias.com\/inicio\/wp-json\/wp\/v2\/product_tag?post=987512840"}],"curies":[{"name":"wp","href":"https:\/\/api.w.org\/{rel}","templated":true}]}}