{"id":987511907,"date":"2024-01-19T22:10:07","date_gmt":"2024-01-19T21:10:07","guid":{"rendered":"https:\/\/bancodefotografias.com\/?post_type=product&#038;p=987511907"},"modified":"2024-01-31T21:42:20","modified_gmt":"2024-01-31T20:42:20","slug":"banco-de-fotografias-dt396","status":"publish","type":"product","link":"https:\/\/bancodefotografias.com\/inicio\/imagenes\/banco-de-fotografias-dt396\/","title":{"rendered":"Banco de fotograf\u00edas  Flores dt396"},"content":{"rendered":"<h4>Banco de fotograf\u00edas e im\u00e1genes Flores silvestres creativas<\/h4>\n<p>Embellece tu Espacio con la Elegancia Floral: Cuadros con Fotograf\u00edas de Flores<\/p>\n<p>Bienvenido a nuestra colecci\u00f3n exclusiva, donde la naturaleza se convierte en arte.<\/p>\n<p>Cada cuadro es una obra maestra que captura la esencia ef\u00edmera y la belleza eterna de las flores.<\/p>\n<p>Transforma tu espacio en un oasis de serenidad y color con nuestras impresionantes fotograf\u00edas.<\/p>\n<p>Cada fotograf\u00eda es m\u00e1s que una simple captura; es una expresi\u00f3n art\u00edstica que celebra la gracia, la pasi\u00f3n y la diversidad de las flores silvestres y de cultivo.<\/p>\n<p>Descubre c\u00f3mo nuestras im\u00e1genes pueden transformar tus espacios con la magia de estas flores encantadoras.<\/p>\n<p><strong>Regalos Inolvidables:<\/strong> Sorprende a tus seres queridos con un regalo que perdurar\u00e1.<\/p>\n<p>Nuestras fotograf\u00edas de flores son opciones perfectas para regalos de aniversario, cumplea\u00f1os o simplemente para expresar afecto y admiraci\u00f3n.<\/p>\n<p>Explora la belleza eterna a trav\u00e9s de nuestras cautivadoras fotograf\u00edas.<\/p>\n<p>A\u00f1ade un toque de romanticismo y sofisticaci\u00f3n a tus espacios cotidianos y permite que la magia de estas flores florezca en tu vida. \u00a1Descubre la elegancia floral en cada imagen!<\/p>\n<div class=\"flex-1 overflow-hidden\">\n<div class=\"react-scroll-to-bottom--css-yjnsg-79elbk h-full dark:bg-gray-800\">\n<div class=\"react-scroll-to-bottom--css-yjnsg-1n7m0yu\">\n<div class=\"flex flex-col text-sm dark:bg-gray-800\">\n<div class=\"group final-completion w-full text-token-text-primary border-b border-black\/10 gizmo:border-0 dark:border-gray-900\/50 gizmo:dark:border-0 bg-gray-50 gizmo:bg-transparent dark:bg-[#444654] gizmo:dark:bg-transparent\" data-testid=\"conversation-turn-183\">\n<div class=\"p-4 justify-center text-base md:gap-6 md:py-6 m-auto\">\n<div class=\"flex flex-1 gap-4 text-base mx-auto md:gap-6 gizmo:gap-3 gizmo:md:px-5 gizmo:lg:px-1 gizmo:xl:px-5 md:max-w-2xl lg:max-w-[38rem] gizmo:md:max-w-3xl gizmo:lg:max-w-[40rem] gizmo:xl:max-w-[48rem] xl:max-w-3xl }\">\n<div class=\"relative flex w-[calc(100%-50px)] flex-col gizmo:w-full lg:w-[calc(100%-115px)] agent-turn\">\n<div class=\"flex-col gap-1 md:gap-3\">\n<div class=\"flex flex-grow flex-col gap-3 max-w-full\">\n<div class=\"min-h-[20px] flex flex-col items-start gap-3 whitespace-pre-wrap break-words overflow-x-auto\">\n<div class=\"markdown prose w-full break-words dark:prose-invert light\">\n<div class=\"flex-1 overflow-hidden\">\n<div class=\"react-scroll-to-bottom--css-yjnsg-79elbk h-full dark:bg-gray-800\">\n<div class=\"react-scroll-to-bottom--css-yjnsg-1n7m0yu\">\n<div class=\"flex flex-col text-sm dark:bg-gray-800\">\n<div class=\"group final-completion w-full text-token-text-primary border-b border-black\/10 gizmo:border-0 dark:border-gray-900\/50 gizmo:dark:border-0 bg-gray-50 gizmo:bg-transparent dark:bg-[#444654] gizmo:dark:bg-transparent\" data-testid=\"conversation-turn-183\">\n<div class=\"p-4 justify-center text-base md:gap-6 md:py-6 m-auto\">\n<div class=\"flex flex-1 gap-4 text-base mx-auto md:gap-6 gizmo:gap-3 gizmo:md:px-5 gizmo:lg:px-1 gizmo:xl:px-5 md:max-w-2xl lg:max-w-[38rem] gizmo:md:max-w-3xl gizmo:lg:max-w-[40rem] gizmo:xl:max-w-[48rem] xl:max-w-3xl }\">\n<div class=\"relative flex w-[calc(100%-50px)] flex-col gizmo:w-full lg:w-[calc(100%-115px)] agent-turn\">\n<div class=\"flex-col gap-1 md:gap-3\">\n<div class=\"flex flex-grow flex-col gap-3 max-w-full\">\n<div class=\"min-h-[20px] flex flex-col items-start gap-3 whitespace-pre-wrap break-words overflow-x-auto\">\n<div class=\"markdown prose w-full break-words dark:prose-invert light\">\n<p>&nbsp;<\/p>\n<\/div>\n<\/div>\n<\/div>\n<\/div>\n<\/div>\n<\/div>\n<\/div>\n<\/div>\n<\/div>\n<\/div>\n<\/div>\n<\/div>\n<\/div>\n<\/div>\n<\/div>\n<\/div>\n<\/div>\n<\/div>\n<\/div>\n<\/div>\n<\/div>\n<\/div>\n<\/div>\n<\/div>\n","protected":false},"excerpt":{"rendered":"<h4>Banco de fotograf\u00edas e im\u00e1genes flores<\/h4>\n<div class=\"flex-1 overflow-hidden\">\n<div class=\"react-scroll-to-bottom--css-yjnsg-79elbk h-full dark:bg-gray-800\">\n<div class=\"react-scroll-to-bottom--css-yjnsg-1n7m0yu\">\n<div class=\"flex flex-col text-sm dark:bg-gray-800\">\n<div class=\"group final-completion w-full text-token-text-primary border-b border-black\/10 gizmo:border-0 dark:border-gray-900\/50 gizmo:dark:border-0 bg-gray-50 gizmo:bg-transparent dark:bg-[#444654] gizmo:dark:bg-transparent\" data-testid=\"conversation-turn-183\">\n<div class=\"p-4 justify-center text-base md:gap-6 md:py-6 m-auto\">\n<div class=\"flex flex-1 gap-4 text-base mx-auto md:gap-6 gizmo:gap-3 gizmo:md:px-5 gizmo:lg:px-1 gizmo:xl:px-5 md:max-w-2xl lg:max-w-[38rem] gizmo:md:max-w-3xl gizmo:lg:max-w-[40rem] gizmo:xl:max-w-[48rem] xl:max-w-3xl }\">\n<div class=\"relative flex w-[calc(100%-50px)] flex-col gizmo:w-full lg:w-[calc(100%-115px)] agent-turn\">\n<div class=\"flex-col gap-1 md:gap-3\">\n<div class=\"flex flex-grow flex-col gap-3 max-w-full\">\n<div class=\"min-h-[20px] flex flex-col items-start gap-3 whitespace-pre-wrap break-words overflow-x-auto\">\n<div class=\"markdown prose w-full break-words dark:prose-invert light\">\n<div class=\"flex-1 overflow-hidden\">\n<div class=\"react-scroll-to-bottom--css-yjnsg-79elbk h-full dark:bg-gray-800\">\n<div class=\"react-scroll-to-bottom--css-yjnsg-1n7m0yu\">\n<div class=\"flex flex-col text-sm dark:bg-gray-800\">\n<div class=\"group final-completion w-full text-token-text-primary border-b border-black\/10 gizmo:border-0 dark:border-gray-900\/50 gizmo:dark:border-0 bg-gray-50 gizmo:bg-transparent dark:bg-[#444654] gizmo:dark:bg-transparent\" data-testid=\"conversation-turn-183\">\n<div class=\"p-4 justify-center text-base md:gap-6 md:py-6 m-auto\">\n<div class=\"flex flex-1 gap-4 text-base mx-auto md:gap-6 gizmo:gap-3 gizmo:md:px-5 gizmo:lg:px-1 gizmo:xl:px-5 md:max-w-2xl lg:max-w-[38rem] gizmo:md:max-w-3xl gizmo:lg:max-w-[40rem] gizmo:xl:max-w-[48rem] xl:max-w-3xl }\">\n<div class=\"relative flex w-[calc(100%-50px)] flex-col gizmo:w-full lg:w-[calc(100%-115px)] agent-turn\">\n<div class=\"flex-col gap-1 md:gap-3\">\n<div class=\"flex flex-grow flex-col gap-3 max-w-full\">\n<div class=\"min-h-[20px] flex flex-col items-start gap-3 whitespace-pre-wrap break-words overflow-x-auto\">\n<div class=\"markdown prose w-full break-words dark:prose-invert light\">\n<div class=\"flex-1 overflow-hidden\">\n<div class=\"react-scroll-to-bottom--css-tyrzp-79elbk h-full\">\n<div class=\"react-scroll-to-bottom--css-tyrzp-1n7m0yu\">\n<div class=\"flex flex-col text-sm gizmo:pb-9 dark:bg-gray-800 gizmo:dark:bg-transparent\">\n<div class=\"group w-full text-token-text-primary border-b border-black\/10 gizmo:border-0 dark:border-gray-900\/50 gizmo:dark:border-0 bg-gray-50 gizmo:bg-transparent dark:bg-[#444654] gizmo:dark:bg-transparent\" data-testid=\"conversation-turn-286\">\n<div class=\"p-4 gizmo:py-2 justify-center text-base md:gap-6 md:py-6 m-auto\">\n<div class=\"flex flex-1 gap-4 text-base mx-auto md:gap-6 gizmo:gap-3 gizmo:md:px-5 gizmo:lg:px-1 gizmo:xl:px-5 md:max-w-2xl lg:max-w-[38rem] gizmo:md:max-w-3xl gizmo:lg:max-w-[40rem] gizmo:xl:max-w-[48rem] xl:max-w-3xl }\">\n<div class=\"relative flex w-[calc(100%-50px)] flex-col gizmo:w-full lg:w-[calc(100%-115px)] agent-turn\">\n<div class=\"flex-col gap-1 md:gap-3\">\n<div class=\"flex flex-grow flex-col gap-3 max-w-full\">\n<div class=\"min-h-[20px] flex flex-col items-start gap-3 whitespace-pre-wrap break-words overflow-x-auto\" data-message-author-role=\"assistant\" data-message-id=\"d05bf352-5868-4a5e-a85f-735e3d17a351\">\n<div class=\"markdown prose w-full break-words dark:prose-invert light\">\n<p><strong>CATEGORIA:\u00a0 FLORES .-\u00a0 VARIAS\u00a0<\/strong><\/p>\n<p><strong>N\u00ba de veces que esta a la venta imagen: 5<\/strong><\/p>\n<p><strong>DATOS IMAGEN: <\/strong><\/p>\n<p><strong>\u00a0<\/strong><\/p>\n<p><strong>\u00a0<\/strong><\/p>\n<p><strong>Tipos de licencia para descarga.<\/strong><\/p>\n<p>ESTANDAR .<\/p>\n<ul>\n<li>Uso ilimitado de impresi\u00f3n para\u00a0 uso particular<\/li>\n<li>Uso ilimitado en creaci\u00f3n de paginas web, blog y art\u00edculos.<\/li>\n<li>Uso ilimitado en creaci\u00f3n de productos para decoraci\u00f3n para uso particular.<\/li>\n<\/ul>\n<ul>\n<li><\/li>\n<\/ul>\n<ul>\n<li style=\"list-style-type: none;\">\n<ul>\n<li style=\"list-style-type: none;\">\n<ul>\n<li>NO ES VALIDA LA LICENCIA PARA USO COMERCIAL&#8230;..<\/li>\n<\/ul>\n<\/li>\n<\/ul>\n<\/li>\n<\/ul>\n<p><strong>\u00a0 MEJORADA.-<\/strong><\/p>\n<ul>\n<li>Uso ilimitado de impresiones , particular o profesional.<\/li>\n<li>Uso ilimitado en creaci\u00f3n de paginas web, blog y art\u00edculos.<\/li>\n<li>Uso ilimitado en creaci\u00f3n de productos para decoraci\u00f3n para uso particular o comercial.<\/li>\n<li>Impresiones publicitarias ilimitadas para lugares p\u00fablicos.<\/li>\n<li>PERMITIDA SU COMERCIALIZACION PARA VENTA DE PRODUCTOS , PUBLICIDAD CON LA IMAGEN&#8230;.<\/li>\n<\/ul>\n<ul>\n<li><\/li>\n<\/ul>\n<ul>\n<li style=\"list-style-type: none;\">\n<ul>\n<li style=\"list-style-type: none;\">\n<ul>\n<li><em>NO VALIDA SU UTILIZACION PARA VENTA DE LA PROPIA IMAGEN COMO FICHERO DE DESCARGA O SIMILAR.<\/em><\/li>\n<\/ul>\n<\/li>\n<\/ul>\n<\/li>\n<li>Autorizaci\u00f3n para plantillas web.<\/li>\n<li>Decoraci\u00f3n en espacios personales y comerciales.<\/li>\n<\/ul>\n<p><strong>NOTAS .-<\/strong><\/p>\n<ul>\n<li>Puedes descargar 3 veces el fichero.<\/li>\n<li>Tienes 15 Dias para descargar Fichero una vez realizada la compra<\/li>\n<li>La marca de Agua desaparece al descargar fichero.<\/li>\n<\/ul>\n<p><strong>\u00a0<\/strong><\/p>\n<p>Si necesitas realizar una sesi\u00f3n de fotograf\u00eda \u00fanica, \u00bb comuni\u00f3n, boda, bautizos, retrato, desnudo, lencer\u00eda, comercial, productos o de cualquier otro tipo\u00bb .<\/p>\n<p>Concierta una cita mandando un mensaje\u00a0 a INFORMACION@DETENIENDOELTIEMPO.ES o\u00a0 visitando\u00a0 nuestra pagina de fotograf\u00eda <a href=\"http:\/\/www.deteniendoeltiempo.es\">http:\/\/www.deteniendoeltiempo.es<\/a><\/p>\n<p>Visita nuestro blog si te interesa leer alg\u00fan articulo, pulsa <a href=\"https:\/\/bancodefotografias.com\/blog\/\">AQUI<\/a><\/p>\n<p>Tambi\u00e9n PUEDES\u00a0 ver mas CATEGORIAS de fotograf\u00edas\u00a0 dentro del Banco de fotograf\u00edas , pulsa <a href=\"https:\/\/bancodefotografias.com\/banco-de-fotografias-2\/\">AQUI<\/a><\/p>\n<\/div>\n<\/div>\n<\/div>\n<\/div>\n<\/div>\n<\/div>\n<\/div>\n<\/div>\n<\/div>\n<\/div>\n<\/div>\n<\/div>\n<\/div>\n<\/div>\n<\/div>\n<\/div>\n<\/div>\n<\/div>\n<\/div>\n<\/div>\n<\/div>\n<\/div>\n<\/div>\n<\/div>\n<\/div>\n<\/div>\n<\/div>\n<\/div>\n<\/div>\n<\/div>\n<\/div>\n<\/div>\n<\/div>\n<\/div>\n<\/div>\n<\/div>\n","protected":false},"featured_media":0,"comment_status":"open","ping_status":"closed","template":"","meta":{"_et_pb_use_builder":"","_et_pb_old_content":"","_et_gb_content_width":""},"product_brand":[],"product_cat":[748,2006,2186],"product_tag":[1549,1603,1628,1545,1589,971,1555,1212,1202,1553,1556,1999,1986,1552,1542,1557,1547,1997,1585,1645,1596,1635,2000,1916,2001,1567,2185,1551,1546,1558,1606,1584,2184,1575,1554,1550,1544,1199,1214,1205,1540,1586,1559,727,1780,1203,1209,1201,1216,1211,1207,1210,1215,1217,725,1541,1200,1213,1548,1581,1990,1570,1543,1580,1631,1998,1989,1991],"class_list":{"0":"post-987511907","1":"product","2":"type-product","3":"status-publish","5":"product_cat-banco-de-fotografias","6":"product_cat-flores","7":"product_cat-flores-varias","8":"product_tag-arte-floral","9":"product_tag-belleza-clasica","10":"product_tag-belleza-efimera-en-fotografias","11":"product_tag-belleza-floral","12":"product_tag-belleza-floral-en-fotografias","13":"product_tag-belleza-natural","14":"product_tag-belleza-natural-en-imagenes","15":"product_tag-capturas-artisticas-en-alta-resolucion","16":"product_tag-capturas-creativas","17":"product_tag-capturas-florales","18":"product_tag-composiciones-florales","19":"product_tag-contraste-y-profundidad","20":"product_tag-contrastes-vividos","21":"product_tag-cuadros-botanicos","22":"product_tag-cuadros-de-flores","23":"product_tag-cuadros-de-jardin","24":"product_tag-cuadros-naturales","25":"product_tag-decoracion-con-estilo-clasico","26":"product_tag-delicadeza-en-cada-petalo","27":"product_tag-delicadeza-en-cada-semilla","28":"product_tag-elegancia-en-petalos","29":"product_tag-elegancia-en-semillas","30":"product_tag-estetica-intemporal","31":"product_tag-estilo-vintage","32":"product_tag-estilo-vintage-moderno","33":"product_tag-flores-blancas-en-fotografias","34":"product_tag-flores-de-cultivo","35":"product_tag-flores-en-alta-resolucion","36":"product_tag-flores-en-arte","37":"product_tag-flores-en-primer-plano","38":"product_tag-flores-que-cautivan","39":"product_tag-flores-que-iluminan","40":"product_tag-flores-silvestres","41":"product_tag-flores-silvestres-en-fotografias","42":"product_tag-fotografia-de-jardin","43":"product_tag-fotografia-de-petalos","44":"product_tag-fotografias-botanicas","45":"product_tag-fotografias-creativas","46":"product_tag-fotografias-de-autor","47":"product_tag-fotografias-de-concepto","48":"product_tag-fotografias-de-flores","49":"product_tag-fotografias-de-flores-silvestres","50":"product_tag-fotografias-de-plantas","51":"product_tag-fotografias-minimalistas-en-blanco-y-negro","52":"product_tag-fotografias-monocromaticas","53":"product_tag-fotografias-originales","54":"product_tag-fotografias-visionarias","55":"product_tag-fotos-artisticas","56":"product_tag-fotos-artisticas-para-decoracion","57":"product_tag-fotos-creativas-de-alta-calidad","58":"product_tag-fotos-innovadoras","59":"product_tag-imagenes-conceptuales","60":"product_tag-imagenes-creativas-para-diseno","61":"product_tag-imagenes-creativas-para-publicidad","62":"product_tag-imagenes-en-blanco-y-negro-para-impresion","63":"product_tag-imagenes-florales","64":"product_tag-imagenes-innovadoras","65":"product_tag-imagenes-inspiradoras","66":"product_tag-jardin-en-imagenes","67":"product_tag-margaritas","68":"product_tag-minimalismo-floral","69":"product_tag-naturaleza-en-blanco-y-amarillo","70":"product_tag-naturaleza-en-imagenes","71":"product_tag-naturaleza-en-su-mejor-momento","72":"product_tag-naturaleza-en-tonalidades-suaves","73":"product_tag-regalo-artistico-y-refinado","74":"product_tag-sutileza-natural","75":"product_tag-texturas-cautivadoras","77":"first","78":"instock","79":"taxable","80":"shipping-taxable","81":"purchasable","82":"product-type-variable"},"_links":{"self":[{"href":"https:\/\/bancodefotografias.com\/inicio\/wp-json\/wp\/v2\/product\/987511907","targetHints":{"allow":["GET"]}}],"collection":[{"href":"https:\/\/bancodefotografias.com\/inicio\/wp-json\/wp\/v2\/product"}],"about":[{"href":"https:\/\/bancodefotografias.com\/inicio\/wp-json\/wp\/v2\/types\/product"}],"replies":[{"embeddable":true,"href":"https:\/\/bancodefotografias.com\/inicio\/wp-json\/wp\/v2\/comments?post=987511907"}],"wp:attachment":[{"href":"https:\/\/bancodefotografias.com\/inicio\/wp-json\/wp\/v2\/media?parent=987511907"}],"wp:term":[{"taxonomy":"product_brand","embeddable":true,"href":"https:\/\/bancodefotografias.com\/inicio\/wp-json\/wp\/v2\/product_brand?post=987511907"},{"taxonomy":"product_cat","embeddable":true,"href":"https:\/\/bancodefotografias.com\/inicio\/wp-json\/wp\/v2\/product_cat?post=987511907"},{"taxonomy":"product_tag","embeddable":true,"href":"https:\/\/bancodefotografias.com\/inicio\/wp-json\/wp\/v2\/product_tag?post=987511907"}],"curies":[{"name":"wp","href":"https:\/\/api.w.org\/{rel}","templated":true}]}}