{"id":987511283,"date":"2024-01-08T23:05:14","date_gmt":"2024-01-08T22:05:14","guid":{"rendered":"https:\/\/bancodefotografias.com\/?post_type=product&#038;p=987511283"},"modified":"2024-01-31T22:18:51","modified_gmt":"2024-01-31T21:18:51","slug":"banco-de-fotografias-dt1062","status":"publish","type":"product","link":"https:\/\/bancodefotografias.com\/inicio\/imagenes\/banco-de-fotografias-dt1062\/","title":{"rendered":"Banco de fotograf\u00edas Paisajes del Atardecer y Amanecer dt1062"},"content":{"rendered":"<h4>Banco de Fotograf\u00edas, Paisajes ,\u00a0 Atardecer &#8211; Amanecer<\/h4>\n<p>\u201cSum\u00e9rgete en la magia dorada de nuestros atardeceres capturados en cada imagen.<\/p>\n<p>Cada fotograf\u00eda es un instante ef\u00edmero de la naturaleza, donde el cielo se pinta con tonos c\u00e1lidos y la luz del sol se desliza suavemente sobre el horizonte.<\/p>\n<p>En Banco de Fotograf\u00edas , Nuestra colecci\u00f3n de atardeceres es m\u00e1s que una simple imagen; es una ventana a la serenidad, la calma y la belleza ef\u00edmera que solo el ocaso puede ofrecer.<\/p>\n<p>Cada fotograf\u00eda transmite la paz que se siente al contemplar el cielo en sus tonos m\u00e1s suaves y vibrantes.<\/p>\n<p>&nbsp;<\/p>\n","protected":false},"excerpt":{"rendered":"<p>Banco de fotograf\u00edas<\/p>\n<p><strong>CATEGORIA:\u00a0 PAISAJES .-\u00a0 ATARDECER<\/strong><\/p>\n<p><strong>N\u00ba de veces que esta a la venta imagen: 5<\/strong><\/p>\n<p><strong>DATOS IMAGEN: <\/strong><\/p>\n<p><strong>\u00a0<\/strong><\/p>\n<p><strong>\u00a0<\/strong><\/p>\n<p><strong>Tipos de licencia para descarga.<\/strong><\/p>\n<p>ESTANDAR .<\/p>\n<ul>\n<li>Uso ilimitado de impresi\u00f3n para\u00a0 uso particular<\/li>\n<li>Uso ilimitado en creaci\u00f3n de paginas web, blog y art\u00edculos.<\/li>\n<li>Uso ilimitado en creaci\u00f3n de productos para decoraci\u00f3n para uso particular.<\/li>\n<\/ul>\n<ul>\n<li><\/li>\n<\/ul>\n<ul>\n<li style=\"list-style-type: none;\">\n<ul>\n<li style=\"list-style-type: none;\">\n<ul>\n<li>NO ES VALIDA LA LICENCIA PARA USO COMERCIAL&#8230;..<\/li>\n<\/ul>\n<\/li>\n<\/ul>\n<\/li>\n<\/ul>\n<p><strong>\u00a0 MEJORADA.-<\/strong><\/p>\n<ul>\n<li>Uso ilimitado de impresiones , particular o profesional.<\/li>\n<li>Uso ilimitado en creaci\u00f3n de paginas web, blog y art\u00edculos.<\/li>\n<li>Uso ilimitado en creaci\u00f3n de productos para decoraci\u00f3n para uso particular o comercial.<\/li>\n<li>Impresiones publicitarias ilimitadas para lugares p\u00fablicos.<\/li>\n<li>PERMITIDA SU COMERCIALIZACION PARA VENTA DE PRODUCTOS , PUBLICIDAD CON LA IMAGEN&#8230;.<\/li>\n<\/ul>\n<ul>\n<li><\/li>\n<\/ul>\n<ul>\n<li style=\"list-style-type: none;\">\n<ul>\n<li style=\"list-style-type: none;\">\n<ul>\n<li><em>NO VALIDA SU UTILIZACION PARA VENTA DE LA PROPIA IMAGEN COMO FICHERO DE DESCARGA O SIMILAR.<\/em><\/li>\n<\/ul>\n<\/li>\n<\/ul>\n<\/li>\n<li>Autorizaci\u00f3n para plantillas web.<\/li>\n<li>Decoraci\u00f3n en espacios personales y comerciales.<\/li>\n<\/ul>\n<p><strong>NOTAS .-<\/strong><\/p>\n<ul>\n<li>Puedes descargar 3 veces el fichero.<\/li>\n<li>Tienes 15 Dias para descargar Fichero una vez realizada la compra<\/li>\n<li>La marca de Agua desaparece al descargar fichero.<\/li>\n<\/ul>\n<p><strong>\u00a0<\/strong><\/p>\n<p>Si necesitas realizar una sesi\u00f3n de fotograf\u00eda \u00fanica, \u00bb comuni\u00f3n, boda, bautizos, retrato, desnudo, lencer\u00eda, comercial, productos o de cualquier otro tipo\u00bb .<\/p>\n<p>Concierta una cita mandando un mensaje\u00a0 a INFORMACION@DETENIENDOELTIEMPO.ES o\u00a0 visitando\u00a0 nuestra pagina de fotograf\u00eda <a href=\"http:\/\/www.deteniendoeltiempo.es\">http:\/\/www.deteniendoeltiempo.es<\/a><\/p>\n<p>Visita nuestro blog si te interesa leer alg\u00fan articulo, pulsa <a href=\"https:\/\/bancodefotografias.com\/blog\/\">AQUI<\/a><\/p>\n<p>Tambi\u00e9n PUEDES\u00a0 ver mas CATEGORIAS de fotograf\u00edas\u00a0 dentro del Banco de fotograf\u00edas , pulsa <a href=\"https:\/\/bancodefotografias.com\/banco-de-fotografias-2\/\">AQUI<\/a><\/p>\n<p>&nbsp;<\/p>\n<p>&nbsp;<\/p>\n<p>&nbsp;<\/p>\n","protected":false},"featured_media":0,"comment_status":"open","ping_status":"closed","template":"","meta":{"_et_pb_use_builder":"","_et_pb_old_content":"","_et_gb_content_width":""},"product_brand":[],"product_cat":[748,1897,1899],"product_tag":[1980,2069,2089,1742,2139,2126,2091,2101,2067,2117,1739,2073,2111,1628,2132,971,1555,2074,2094,2078,2106,2083,2131,2119,1999,1986,2098,1735,2095,2129,2122,2108,2066,2081,2000,1916,2001,2096,2102,2121,2109,1840,2133,2118,2115,2136,2123,2105,2113,2130,2140,2092,1199,1214,1205,2104,2100,727,1780,1203,2090,1734,1209,1201,1216,1211,1207,2063,2134,2110,2124,1210,1215,1217,725,1200,1213,2093,2103,2065,2125,2107,2086,2128,445,1850,2072,2135,2112,2071,2077,1570,1612,1580,1631,2080,2070,2087,2079,2076,2085,2082,2084,444,747,1802,2120,2097,2127,1841,2088,2114,2137,2068,1998,2064,2138,2116,2062,1989,1991,2075,1886,2099],"class_list":{"0":"post-987511283","1":"product","2":"type-product","3":"status-publish","5":"product_cat-banco-de-fotografias","6":"product_cat-paisajes","7":"product_cat-atardecer","8":"product_tag-agua","9":"product_tag-aire-libre","10":"product_tag-amanecer","11":"product_tag-amaneceres-espectaculares","12":"product_tag-amaneceres-impresionantes","13":"product_tag-amaneceres-pintados","14":"product_tag-arte-de-paisajes","15":"product_tag-arte-natural","16":"product_tag-atardecer","17":"product_tag-atardeceres-impresionantes","18":"product_tag-atardeceres-pintorescos","19":"product_tag-belleza","20":"product_tag-belleza-al-caer-la-tarde","21":"product_tag-belleza-efimera-en-fotografias","22":"product_tag-belleza-mananera","23":"product_tag-belleza-natural","24":"product_tag-belleza-natural-en-imagenes","25":"product_tag-brillantemente","26":"product_tag-capturada","27":"product_tag-cielo","28":"product_tag-cielos-en-llamas","29":"product_tag-color","30":"product_tag-colores-del-amanecer","31":"product_tag-colores-del-anochecer","32":"product_tag-contraste-y-profundidad","33":"product_tag-contrastes-vividos","34":"product_tag-encanto-paisajistico","35":"product_tag-escapadas-visuales","36":"product_tag-escenarios-naturales","37":"product_tag-escenas-al-alba","38":"product_tag-escenas-al-ocaso","39":"product_tag-escenas-crepusculares","40":"product_tag-escenica-exterior","41":"product_tag-escenicas","42":"product_tag-estetica-intemporal","43":"product_tag-estilo-vintage","44":"product_tag-estilo-vintage-moderno","45":"product_tag-fotografia-de-exteriores","46":"product_tag-fotografia-de-horizontes","47":"product_tag-fotografia-de-la-caida-del-sol","48":"product_tag-fotografia-de-la-hora-dorada","49":"product_tag-fotografia-de-la-naturaleza","50":"product_tag-fotografia-de-la-primera-luz","51":"product_tag-fotografia-de-la-ultima-luz","52":"product_tag-fotografia-de-luz-suave","53":"product_tag-fotografia-de-luz-tenue","54":"product_tag-fotografia-de-primeras-luces","55":"product_tag-fotografia-de-puestas-de-sol","56":"product_tag-fotografia-del-crepusculo","57":"product_tag-fotografia-del-despertar","58":"product_tag-fotografia-del-despertar-del-dia","59":"product_tag-fotografia-escenica","60":"product_tag-fotografias-creativas","61":"product_tag-fotografias-de-autor","62":"product_tag-fotografias-de-concepto","63":"product_tag-fotografias-de-entornos-naturales","64":"product_tag-fotografias-de-lugares-emblematicos","65":"product_tag-fotografias-minimalistas-en-blanco-y-negro","66":"product_tag-fotografias-monocromaticas","67":"product_tag-fotografias-originales","68":"product_tag-fotografias-paisajisticas","69":"product_tag-fotografias-panoramicas","70":"product_tag-fotografias-visionarias","71":"product_tag-fotos-artisticas","72":"product_tag-fotos-artisticas-para-decoracion","73":"product_tag-fotos-creativas-de-alta-calidad","74":"product_tag-fotos-innovadoras","75":"product_tag-fuga-ligera","76":"product_tag-horizontes-dorados","77":"product_tag-horizontes-en-tonos-calidos","78":"product_tag-horizontes-iluminados","79":"product_tag-imagenes-conceptuales","80":"product_tag-imagenes-creativas-para-diseno","81":"product_tag-imagenes-creativas-para-publicidad","82":"product_tag-imagenes-en-blanco-y-negro-para-impresion","83":"product_tag-imagenes-innovadoras","84":"product_tag-imagenes-inspiradoras","85":"product_tag-impresiones-de-paisajes","86":"product_tag-inspiracion-al-aire-libre","87":"product_tag-lente-llamarada","88":"product_tag-luces-del-alba","89":"product_tag-luz-dorada-del-atardecer","90":"product_tag-luz-solar","91":"product_tag-luz-suave-del-amanecer","92":"product_tag-mar","93":"product_tag-maravillas-naturales","94":"product_tag-marea","95":"product_tag-momentos-magicos-al-amanecer","96":"product_tag-momentos-magicos-al-atardecer","97":"product_tag-naturales","98":"product_tag-naturaleza","99":"product_tag-naturaleza-en-blanco-y-amarillo","100":"product_tag-naturaleza-en-colores-vivos","101":"product_tag-naturaleza-en-su-mejor-momento","102":"product_tag-naturaleza-en-tonalidades-suaves","103":"product_tag-noche","104":"product_tag-nube","105":"product_tag-oceanico","106":"product_tag-oceano","107":"product_tag-oceanos","108":"product_tag-ola","109":"product_tag-olas","110":"product_tag-oleaje","111":"product_tag-paisaje","112":"product_tag-paisajes","113":"product_tag-paisajes-al-atardecer","114":"product_tag-paisajes-de-la-tarde","115":"product_tag-paisajes-impresionantes","116":"product_tag-paisajes-matutinos","117":"product_tag-paisajes-naturales","118":"product_tag-puesta-de-sol","119":"product_tag-reflejos-dorados","120":"product_tag-reflejos-matutinos","121":"product_tag-reflexion","122":"product_tag-regalo-artistico-y-refinado","123":"product_tag-romantico","124":"product_tag-siluetas-al-amanecer","125":"product_tag-siluetas-al-atardecer","126":"product_tag-sol","127":"product_tag-sutileza-natural","128":"product_tag-texturas-cautivadoras","129":"product_tag-tranquilo","130":"product_tag-viajes","131":"product_tag-vistas-panoramicas","133":"first","134":"instock","135":"taxable","136":"shipping-taxable","137":"purchasable","138":"product-type-variable"},"_links":{"self":[{"href":"https:\/\/bancodefotografias.com\/inicio\/wp-json\/wp\/v2\/product\/987511283","targetHints":{"allow":["GET"]}}],"collection":[{"href":"https:\/\/bancodefotografias.com\/inicio\/wp-json\/wp\/v2\/product"}],"about":[{"href":"https:\/\/bancodefotografias.com\/inicio\/wp-json\/wp\/v2\/types\/product"}],"replies":[{"embeddable":true,"href":"https:\/\/bancodefotografias.com\/inicio\/wp-json\/wp\/v2\/comments?post=987511283"}],"wp:attachment":[{"href":"https:\/\/bancodefotografias.com\/inicio\/wp-json\/wp\/v2\/media?parent=987511283"}],"wp:term":[{"taxonomy":"product_brand","embeddable":true,"href":"https:\/\/bancodefotografias.com\/inicio\/wp-json\/wp\/v2\/product_brand?post=987511283"},{"taxonomy":"product_cat","embeddable":true,"href":"https:\/\/bancodefotografias.com\/inicio\/wp-json\/wp\/v2\/product_cat?post=987511283"},{"taxonomy":"product_tag","embeddable":true,"href":"https:\/\/bancodefotografias.com\/inicio\/wp-json\/wp\/v2\/product_tag?post=987511283"}],"curies":[{"name":"wp","href":"https:\/\/api.w.org\/{rel}","templated":true}]}}