{"id":987511236,"date":"2024-01-08T21:41:50","date_gmt":"2024-01-08T20:41:50","guid":{"rendered":"https:\/\/bancodefotografias.com\/?post_type=product&#038;p=987511236"},"modified":"2024-01-31T08:41:43","modified_gmt":"2024-01-31T07:41:43","slug":"banco-de-fotografias-dt492","status":"publish","type":"product","link":"https:\/\/bancodefotografias.com\/inicio\/imagenes\/banco-de-fotografias-dt492\/","title":{"rendered":"Banco de fotograf\u00edas  ESCRITAS  DT492"},"content":{"rendered":"<h4>Banco de fotografias Flores\u00a0 \u00abtulipanes y pensamientos \u00ab<\/h4>\n<h4>Embellece tu Espacio con la Elegancia Floral: Cuadros con Fotograf\u00edas de Flores.<\/h4>\n<h4>Bienvenido a nuestra colecci\u00f3n exclusiva, donde la naturaleza se convierte en arte.<\/h4>\n<p>Cada fotograf\u00eda es una obra maestra que captura la esencia ef\u00edmera y la belleza eterna de las flores.<\/p>\n<p>Transforma tu espacio en un oasis de serenidad y color con nuestras impresionantes fotograf\u00edas.<\/p>\n<p>Cada fotograf\u00eda es m\u00e1s que una simple captura; es una expresi\u00f3n art\u00edstica que celebra la gracia, la pasi\u00f3n y la diversidad.<\/p>\n<p>Descubre c\u00f3mo nuestras im\u00e1genes pueden transformar tus espacios con la magia de estas flores encantadoras.<\/p>\n<p><strong>Regalos Inolvidables:<\/strong> Sorprende a tus seres queridos con un regalo que perdurar\u00e1.<\/p>\n<p>Nuestras fotograf\u00edas de flores son opciones perfectas para regalos .<\/p>\n<p>Explora la belleza eterna de las margaritas\u00a0 a trav\u00e9s de nuestras cautivadoras fotograf\u00edas.<\/p>\n<p>A\u00f1ade un toque de romanticismo y sofisticaci\u00f3n a tus espacios cotidianos y permite que la magia de estas flores florezca en tu vida<\/p>\n<p>\u00a1Descubre la elegancia floral en cada imagen!<\/p>\n<p><strong>Dos tipos de licencia para descarga.<\/strong><\/p>\n<p>ESTANDAR .<\/p>\n<ul>\n<li>Uso ilimitado de impresi\u00f3n para\u00a0 uso particular<\/li>\n<li>Uso ilimitado en creaci\u00f3n de paginas web, blog y art\u00edculos.<\/li>\n<li>Uso ilimitado en creaci\u00f3n de productos para decoraci\u00f3n para uso particular.<\/li>\n<\/ul>\n<ul>\n<li><\/li>\n<\/ul>\n<ul>\n<li style=\"list-style-type: none;\">\n<ul>\n<li style=\"list-style-type: none;\">\n<ul>\n<li>NO ES VALIDA LA LICENCIA PARA USO COMERCIAL&#8230;..<\/li>\n<\/ul>\n<\/li>\n<\/ul>\n<\/li>\n<\/ul>\n<p><strong>\u00a0 MEJORADA.-<\/strong><\/p>\n<ul>\n<li>Uso ilimitado de impresiones , particular o profesional.<\/li>\n<li>Uso ilimitado en creaci\u00f3n de paginas web, blog y art\u00edculos.<\/li>\n<li>Uso ilimitado en creaci\u00f3n de productos para decoraci\u00f3n para uso particular o comercial.<\/li>\n<li>Impresiones publicitarias ilimitadas para lugares p\u00fablicos.<\/li>\n<li>PERMITIDA SU COMERCIALIZACION PARA VENTA DE PRODUCTOS , PUBLICIDAD CON LA IMAGEN&#8230;.<\/li>\n<\/ul>\n<ul>\n<li><\/li>\n<\/ul>\n<ul>\n<li style=\"list-style-type: none;\">\n<ul>\n<li style=\"list-style-type: none;\">\n<ul>\n<li><em>NO VALIDA SU UTILIZACION PARA VENTA DE LA PROPIA IMAGEN COMO FICHERO DE DESCARGA O SIMILAR.<\/em><\/li>\n<\/ul>\n<\/li>\n<\/ul>\n<\/li>\n<li>Autorizaci\u00f3n para plantillas web.<\/li>\n<li>Decoraci\u00f3n en espacios personales y comerciales.<\/li>\n<\/ul>\n<p><strong>NOTAS .-<\/strong><\/p>\n<ul>\n<li>Puedes descargar 3 veces el fichero.<\/li>\n<li>Tienes 15 Dias para descargar Fichero una vez realizada la compra<\/li>\n<li>La marca de Agua desaparece al descargar fichero.<\/li>\n<\/ul>\n<p><strong>\u00a0<\/strong><\/p>\n<p>Si necesitas realizar una sesi\u00f3n de fotograf\u00eda \u00fanica, \u00bb comuni\u00f3n, boda, bautizos, retrato, desnudo, lencer\u00eda, comercial, productos o de cualquier otro tipo\u00bb .<\/p>\n<p>Concierta una cita mandando un mensaje\u00a0 a INFORMACION@DETENIENDOELTIEMPO.ES o\u00a0 visitando\u00a0 nuestra pagina de fotograf\u00eda <a href=\"http:\/\/www.deteniendoeltiempo.es\" target=\"_blank\" rel=\"noopener\">http:\/\/www.deteniendoeltiempo.es<\/a><\/p>\n<p>Visita nuestro blog si te interesa leer alg\u00fan articulo, pulsa <a href=\"https:\/\/bancodefotografias.com\/blog\/\">AQUI<\/a><\/p>\n<p>Tambi\u00e9n PUEDES\u00a0 ver mas CATEGORIAS de fotograf\u00edas\u00a0 dentro del Banco de fotograf\u00edas , pulsa <a href=\"https:\/\/bancodefotografias.com\/banco-de-fotografias-2\/\">AQUI<\/a><\/p>\n<div class=\"flex-1 overflow-hidden\">\n<div class=\"react-scroll-to-bottom--css-yjnsg-79elbk h-full dark:bg-gray-800\">\n<div class=\"react-scroll-to-bottom--css-yjnsg-1n7m0yu\">\n<div class=\"flex flex-col text-sm dark:bg-gray-800\">\n<div class=\"group final-completion w-full text-token-text-primary border-b border-black\/10 gizmo:border-0 dark:border-gray-900\/50 gizmo:dark:border-0 bg-gray-50 gizmo:bg-transparent dark:bg-[#444654] gizmo:dark:bg-transparent\" data-testid=\"conversation-turn-183\">\n<div class=\"p-4 justify-center text-base md:gap-6 md:py-6 m-auto\">\n<div class=\"flex flex-1 gap-4 text-base mx-auto md:gap-6 gizmo:gap-3 gizmo:md:px-5 gizmo:lg:px-1 gizmo:xl:px-5 md:max-w-2xl lg:max-w-[38rem] gizmo:md:max-w-3xl gizmo:lg:max-w-[40rem] gizmo:xl:max-w-[48rem] xl:max-w-3xl }\">\n<div class=\"relative flex w-[calc(100%-50px)] flex-col gizmo:w-full lg:w-[calc(100%-115px)] agent-turn\">\n<div class=\"flex-col gap-1 md:gap-3\">\n<div class=\"flex flex-grow flex-col gap-3 max-w-full\">\n<div class=\"min-h-[20px] flex flex-col items-start gap-3 whitespace-pre-wrap break-words overflow-x-auto\">\n<div class=\"markdown prose w-full break-words dark:prose-invert light\"><\/div>\n<\/div>\n<\/div>\n<\/div>\n<\/div>\n<\/div>\n<\/div>\n<\/div>\n<\/div>\n<\/div>\n<\/div>\n<\/div>\n<div class=\"group-content-key-value group-content fileSize\">\n<p>&nbsp;<\/p>\n<\/div>\n","protected":false},"excerpt":{"rendered":"<h4>Banco de im\u00e1genes y fotograf\u00edas de flores.<\/h4>\n<div class=\"flex-1 overflow-hidden\">\n<div class=\"react-scroll-to-bottom--css-yjnsg-79elbk h-full dark:bg-gray-800\">\n<div class=\"react-scroll-to-bottom--css-yjnsg-1n7m0yu\">\n<div class=\"flex flex-col text-sm dark:bg-gray-800\">\n<div class=\"group final-completion w-full text-token-text-primary border-b border-black\/10 gizmo:border-0 dark:border-gray-900\/50 gizmo:dark:border-0 bg-gray-50 gizmo:bg-transparent dark:bg-[#444654] gizmo:dark:bg-transparent\" data-testid=\"conversation-turn-183\">\n<div class=\"p-4 justify-center text-base md:gap-6 md:py-6 m-auto\">\n<div class=\"flex flex-1 gap-4 text-base mx-auto md:gap-6 gizmo:gap-3 gizmo:md:px-5 gizmo:lg:px-1 gizmo:xl:px-5 md:max-w-2xl lg:max-w-[38rem] gizmo:md:max-w-3xl gizmo:lg:max-w-[40rem] gizmo:xl:max-w-[48rem] xl:max-w-3xl }\">\n<div class=\"relative flex w-[calc(100%-50px)] flex-col gizmo:w-full lg:w-[calc(100%-115px)] agent-turn\">\n<div class=\"flex-col gap-1 md:gap-3\">\n<div class=\"flex flex-grow flex-col gap-3 max-w-full\">\n<div class=\"min-h-[20px] flex flex-col items-start gap-3 whitespace-pre-wrap break-words overflow-x-auto\">\n<div class=\"markdown prose w-full break-words dark:prose-invert light\">\n<div class=\"flex-1 overflow-hidden\">\n<div class=\"react-scroll-to-bottom--css-yjnsg-79elbk h-full dark:bg-gray-800\">\n<div class=\"react-scroll-to-bottom--css-yjnsg-1n7m0yu\">\n<div class=\"flex flex-col text-sm dark:bg-gray-800\">\n<div class=\"group final-completion w-full text-token-text-primary border-b border-black\/10 gizmo:border-0 dark:border-gray-900\/50 gizmo:dark:border-0 bg-gray-50 gizmo:bg-transparent dark:bg-[#444654] gizmo:dark:bg-transparent\" data-testid=\"conversation-turn-183\">\n<div class=\"p-4 justify-center text-base md:gap-6 md:py-6 m-auto\">\n<div class=\"flex flex-1 gap-4 text-base mx-auto md:gap-6 gizmo:gap-3 gizmo:md:px-5 gizmo:lg:px-1 gizmo:xl:px-5 md:max-w-2xl lg:max-w-[38rem] gizmo:md:max-w-3xl gizmo:lg:max-w-[40rem] gizmo:xl:max-w-[48rem] xl:max-w-3xl }\">\n<div class=\"relative flex w-[calc(100%-50px)] flex-col gizmo:w-full lg:w-[calc(100%-115px)] agent-turn\">\n<div class=\"flex-col gap-1 md:gap-3\">\n<div class=\"flex flex-grow flex-col gap-3 max-w-full\">\n<div class=\"min-h-[20px] flex flex-col items-start gap-3 whitespace-pre-wrap break-words overflow-x-auto\">\n<div class=\"markdown prose w-full break-words dark:prose-invert light\">\n<div class=\"flex-1 overflow-hidden\">\n<div class=\"react-scroll-to-bottom--css-tyrzp-79elbk h-full\">\n<div class=\"react-scroll-to-bottom--css-tyrzp-1n7m0yu\">\n<div class=\"flex flex-col text-sm gizmo:pb-9 dark:bg-gray-800 gizmo:dark:bg-transparent\">\n<div class=\"group w-full text-token-text-primary border-b border-black\/10 gizmo:border-0 dark:border-gray-900\/50 gizmo:dark:border-0 bg-gray-50 gizmo:bg-transparent dark:bg-[#444654] gizmo:dark:bg-transparent\" data-testid=\"conversation-turn-286\">\n<div class=\"p-4 gizmo:py-2 justify-center text-base md:gap-6 md:py-6 m-auto\">\n<div class=\"flex flex-1 gap-4 text-base mx-auto md:gap-6 gizmo:gap-3 gizmo:md:px-5 gizmo:lg:px-1 gizmo:xl:px-5 md:max-w-2xl lg:max-w-[38rem] gizmo:md:max-w-3xl gizmo:lg:max-w-[40rem] gizmo:xl:max-w-[48rem] xl:max-w-3xl }\">\n<div class=\"relative flex w-[calc(100%-50px)] flex-col gizmo:w-full lg:w-[calc(100%-115px)] agent-turn\">\n<div class=\"flex-col gap-1 md:gap-3\">\n<div class=\"flex flex-grow flex-col gap-3 max-w-full\">\n<div class=\"min-h-[20px] flex flex-col items-start gap-3 whitespace-pre-wrap break-words overflow-x-auto\" data-message-author-role=\"assistant\" data-message-id=\"d05bf352-5868-4a5e-a85f-735e3d17a351\">\n<div class=\"markdown prose w-full break-words dark:prose-invert light\">\n<p><strong>Explora la Elegancia y Simplicidad: Fotograf\u00edas Exclusivas de tulipanes\u00a0<\/strong><\/p>\n<p>Bienvenido a nuestra colecci\u00f3n \u00fanica, donde la belleza atemporal de los tulipanes.<\/p>\n<p>Cada fotograf\u00eda es una oda a la pureza y la simplicidad, capturando la esencia misma de estas flores encantadoras.<\/p>\n<p>Descubre c\u00f3mo nuestras im\u00e1genes de tulipanes\u00a0 pueden a\u00f1adir un toque de frescura y serenidad a tus espacios.<\/p>\n<p><strong>Pureza en Cada Detalle:<\/strong> Cada p\u00e9talo se presenta con una claridad asombrosa, destacando la pureza y la elegancia.<\/p>\n<p>Cada fotograf\u00eda es una celebraci\u00f3n de la simplicidad que trae consigo un impacto visual impresionante.<\/p>\n<p><strong>Fotograf\u00edas de Alta Resoluci\u00f3n:<\/strong><\/p>\n<p>Cada fotograf\u00eda es una ventana a la perfecci\u00f3n natural.<\/p>\n<p><strong>Colores que Despiertan:<\/strong> Desde el blanco puro hasta los tonos suaves de amarillo y rosa<\/p>\n<p>Nuestras fotograf\u00edas resaltan la diversidad de colores que hacen de los tulipanes un s\u00edmbolo de frescura y vitalidad.<\/p>\n<p>Cada imagen es una explosi\u00f3n de alegr\u00eda y luz.<\/p>\n<p><strong>Arte que Inspira:<\/strong> Estas fotograf\u00edas no son solo im\u00e1genes; son expresiones art\u00edsticas que inspiran calma y bienestar.<\/p>\n<p>La simplicidad de los tulipanes se convierte en un recordatorio de la belleza que se encuentra en lo sencillo.<\/p>\n<p><strong>Listas para Decorar:<\/strong> Cada imagen est\u00e1 lista para adornar tus paredes.<\/p>\n<p><strong>Regalos que Perduran:<\/strong> \u00bfBuscas un regalo \u00fanico y significativo?<\/p>\n<p>Nuestras fotograf\u00edas de tulipanes\u00a0 son opciones encantadoras.<\/p>\n<p>A\u00f1ade un toque de naturaleza a tu vida y deja que estas flores ic\u00f3nicas iluminen tus espacios cotidianos.<\/p>\n<p>\u00a1Haz que cada d\u00eda florezca con nuestras im\u00e1genes exclusivas de tulipanes.<\/p>\n<p>Para ver las ultimas im\u00e1genes subidas al Banco de Fotograf\u00edas pulsa <a href=\"https:\/\/bancodefotografias.com\/novedades\/\">Aqui<\/a> ,\u00a0 o ver a la secci\u00f3n de la web de Novedades.<\/p>\n<\/div>\n<\/div>\n<\/div>\n<\/div>\n<\/div>\n<\/div>\n<\/div>\n<\/div>\n<\/div>\n<\/div>\n<\/div>\n<\/div>\n<\/div>\n<\/div>\n<\/div>\n<\/div>\n<\/div>\n<\/div>\n<\/div>\n<\/div>\n<\/div>\n<\/div>\n<\/div>\n<\/div>\n<\/div>\n<\/div>\n<\/div>\n<\/div>\n<\/div>\n<\/div>\n<\/div>\n<\/div>\n<\/div>\n<\/div>\n<\/div>\n<\/div>\n","protected":false},"featured_media":0,"comment_status":"open","ping_status":"closed","template":"","meta":{"_et_pb_use_builder":"","_et_pb_old_content":"","_et_gb_content_width":""},"product_brand":[],"product_cat":[748,1948],"product_tag":[543,2291,544,2292],"class_list":{"0":"post-987511236","1":"product","2":"type-product","3":"status-publish","5":"product_cat-banco-de-fotografias","6":"product_cat-textos","7":"product_tag-banco-de-fotografias","8":"product_tag-banco-de-fotografias-de-frases-y-fotos","9":"product_tag-banco-de-imagenes","10":"product_tag-fotografias-escritas","12":"first","13":"instock","14":"taxable","15":"shipping-taxable","16":"purchasable","17":"product-type-variable"},"_links":{"self":[{"href":"https:\/\/bancodefotografias.com\/inicio\/wp-json\/wp\/v2\/product\/987511236","targetHints":{"allow":["GET"]}}],"collection":[{"href":"https:\/\/bancodefotografias.com\/inicio\/wp-json\/wp\/v2\/product"}],"about":[{"href":"https:\/\/bancodefotografias.com\/inicio\/wp-json\/wp\/v2\/types\/product"}],"replies":[{"embeddable":true,"href":"https:\/\/bancodefotografias.com\/inicio\/wp-json\/wp\/v2\/comments?post=987511236"}],"wp:attachment":[{"href":"https:\/\/bancodefotografias.com\/inicio\/wp-json\/wp\/v2\/media?parent=987511236"}],"wp:term":[{"taxonomy":"product_brand","embeddable":true,"href":"https:\/\/bancodefotografias.com\/inicio\/wp-json\/wp\/v2\/product_brand?post=987511236"},{"taxonomy":"product_cat","embeddable":true,"href":"https:\/\/bancodefotografias.com\/inicio\/wp-json\/wp\/v2\/product_cat?post=987511236"},{"taxonomy":"product_tag","embeddable":true,"href":"https:\/\/bancodefotografias.com\/inicio\/wp-json\/wp\/v2\/product_tag?post=987511236"}],"curies":[{"name":"wp","href":"https:\/\/api.w.org\/{rel}","templated":true}]}}