{"id":987511187,"date":"2024-01-08T19:14:21","date_gmt":"2024-01-08T18:14:21","guid":{"rendered":"https:\/\/bancodefotografias.com\/?post_type=product&#038;p=987511187"},"modified":"2024-01-31T21:44:27","modified_gmt":"2024-01-31T20:44:27","slug":"banco-de-fotografias-dt738","status":"publish","type":"product","link":"https:\/\/bancodefotografias.com\/inicio\/imagenes\/banco-de-fotografias-dt738\/","title":{"rendered":"Banco de fotograf\u00edas  Flores Tulipanes DT738"},"content":{"rendered":"<h4>Banco de fotografias Flores\u00a0 \u00abtulipanes\u00bb<\/h4>\n<h4>Embellece tu Espacio con la Elegancia Floral: Cuadros con Fotograf\u00edas de Flores.<\/h4>\n<h4>Bienvenido a nuestra colecci\u00f3n exclusiva, donde la naturaleza se convierte en arte.<\/h4>\n<p>Cada fotograf\u00eda es una obra maestra que captura la esencia ef\u00edmera y la belleza eterna de las flores.<\/p>\n<p>Transforma tu espacio en un oasis de serenidad y color con nuestras impresionantes fotograf\u00edas.<\/p>\n<p>Cada fotograf\u00eda es m\u00e1s que una simple captura; es una expresi\u00f3n art\u00edstica que celebra la gracia, la pasi\u00f3n y la diversidad.<\/p>\n<p>Descubre c\u00f3mo nuestras im\u00e1genes pueden transformar tus espacios con la magia de estas flores encantadoras.<\/p>\n<p><strong>Regalos Inolvidables:<\/strong> Sorprende a tus seres queridos con un regalo que perdurar\u00e1.<\/p>\n<p>Nuestras fotograf\u00edas de flores son opciones perfectas para regalos .<\/p>\n<p>Explora la belleza eterna de las margaritas\u00a0 a trav\u00e9s de nuestras cautivadoras fotograf\u00edas.<\/p>\n<p>A\u00f1ade un toque de romanticismo y sofisticaci\u00f3n a tus espacios cotidianos y permite que la magia de estas flores florezca en tu vida<\/p>\n<p>\u00a1Descubre la elegancia floral en cada imagen!<\/p>\n<div class=\"group-content-key-value group-content fileSize\">\n<p>&nbsp;<\/p>\n<\/div>\n","protected":false},"excerpt":{"rendered":"<h4>Banco de im\u00e1genes<\/h4>\n<div class=\"flex-1 overflow-hidden\">\n<div class=\"react-scroll-to-bottom--css-yjnsg-79elbk h-full dark:bg-gray-800\">\n<div class=\"react-scroll-to-bottom--css-yjnsg-1n7m0yu\">\n<div class=\"flex flex-col text-sm dark:bg-gray-800\">\n<div class=\"group final-completion w-full text-token-text-primary border-b border-black\/10 gizmo:border-0 dark:border-gray-900\/50 gizmo:dark:border-0 bg-gray-50 gizmo:bg-transparent dark:bg-[#444654] gizmo:dark:bg-transparent\" data-testid=\"conversation-turn-183\">\n<div class=\"p-4 justify-center text-base md:gap-6 md:py-6 m-auto\">\n<div class=\"flex flex-1 gap-4 text-base mx-auto md:gap-6 gizmo:gap-3 gizmo:md:px-5 gizmo:lg:px-1 gizmo:xl:px-5 md:max-w-2xl lg:max-w-[38rem] gizmo:md:max-w-3xl gizmo:lg:max-w-[40rem] gizmo:xl:max-w-[48rem] xl:max-w-3xl }\">\n<div class=\"relative flex w-[calc(100%-50px)] flex-col gizmo:w-full lg:w-[calc(100%-115px)] agent-turn\">\n<div class=\"flex-col gap-1 md:gap-3\">\n<div class=\"flex flex-grow flex-col gap-3 max-w-full\">\n<div class=\"min-h-[20px] flex flex-col items-start gap-3 whitespace-pre-wrap break-words overflow-x-auto\">\n<div class=\"markdown prose w-full break-words dark:prose-invert light\">\n<div class=\"flex-1 overflow-hidden\">\n<div class=\"react-scroll-to-bottom--css-yjnsg-79elbk h-full dark:bg-gray-800\">\n<div class=\"react-scroll-to-bottom--css-yjnsg-1n7m0yu\">\n<div class=\"flex flex-col text-sm dark:bg-gray-800\">\n<div class=\"group final-completion w-full text-token-text-primary border-b border-black\/10 gizmo:border-0 dark:border-gray-900\/50 gizmo:dark:border-0 bg-gray-50 gizmo:bg-transparent dark:bg-[#444654] gizmo:dark:bg-transparent\" data-testid=\"conversation-turn-183\">\n<div class=\"p-4 justify-center text-base md:gap-6 md:py-6 m-auto\">\n<div class=\"flex flex-1 gap-4 text-base mx-auto md:gap-6 gizmo:gap-3 gizmo:md:px-5 gizmo:lg:px-1 gizmo:xl:px-5 md:max-w-2xl lg:max-w-[38rem] gizmo:md:max-w-3xl gizmo:lg:max-w-[40rem] gizmo:xl:max-w-[48rem] xl:max-w-3xl }\">\n<div class=\"relative flex w-[calc(100%-50px)] flex-col gizmo:w-full lg:w-[calc(100%-115px)] agent-turn\">\n<div class=\"flex-col gap-1 md:gap-3\">\n<div class=\"flex flex-grow flex-col gap-3 max-w-full\">\n<div class=\"min-h-[20px] flex flex-col items-start gap-3 whitespace-pre-wrap break-words overflow-x-auto\">\n<div class=\"markdown prose w-full break-words dark:prose-invert light\">\n<div class=\"flex-1 overflow-hidden\">\n<div class=\"react-scroll-to-bottom--css-tyrzp-79elbk h-full\">\n<div class=\"react-scroll-to-bottom--css-tyrzp-1n7m0yu\">\n<div class=\"flex flex-col text-sm gizmo:pb-9 dark:bg-gray-800 gizmo:dark:bg-transparent\">\n<div class=\"group w-full text-token-text-primary border-b border-black\/10 gizmo:border-0 dark:border-gray-900\/50 gizmo:dark:border-0 bg-gray-50 gizmo:bg-transparent dark:bg-[#444654] gizmo:dark:bg-transparent\" data-testid=\"conversation-turn-286\">\n<div class=\"p-4 gizmo:py-2 justify-center text-base md:gap-6 md:py-6 m-auto\">\n<div class=\"flex flex-1 gap-4 text-base mx-auto md:gap-6 gizmo:gap-3 gizmo:md:px-5 gizmo:lg:px-1 gizmo:xl:px-5 md:max-w-2xl lg:max-w-[38rem] gizmo:md:max-w-3xl gizmo:lg:max-w-[40rem] gizmo:xl:max-w-[48rem] xl:max-w-3xl }\">\n<div class=\"relative flex w-[calc(100%-50px)] flex-col gizmo:w-full lg:w-[calc(100%-115px)] agent-turn\">\n<div class=\"flex-col gap-1 md:gap-3\">\n<div class=\"flex flex-grow flex-col gap-3 max-w-full\">\n<div class=\"min-h-[20px] flex flex-col items-start gap-3 whitespace-pre-wrap break-words overflow-x-auto\" data-message-author-role=\"assistant\" data-message-id=\"d05bf352-5868-4a5e-a85f-735e3d17a351\">\n<div class=\"markdown prose w-full break-words dark:prose-invert light\">\n<p><strong>CATEGORIA:\u00a0 FLORES .-\u00a0 TULIPANES<\/strong><\/p>\n<p><strong>N\u00ba de veces que esta a la venta imagen: 5<\/strong><\/p>\n<p><strong>DATOS IMAGEN: <\/strong><\/p>\n<p><strong>\u00a0<\/strong><\/p>\n<p><strong>\u00a0<\/strong><\/p>\n<p><strong>Tipos de licencia para descarga.<\/strong><\/p>\n<p>ESTANDAR .<\/p>\n<ul>\n<li>Uso ilimitado de impresi\u00f3n para\u00a0 uso particular<\/li>\n<li>Uso ilimitado en creaci\u00f3n de paginas web, blog y art\u00edculos.<\/li>\n<li>Uso ilimitado en creaci\u00f3n de productos para decoraci\u00f3n para uso particular.<\/li>\n<\/ul>\n<ul>\n<li><\/li>\n<\/ul>\n<ul>\n<li style=\"list-style-type: none;\">\n<ul>\n<li style=\"list-style-type: none;\">\n<ul>\n<li>NO ES VALIDA LA LICENCIA PARA USO COMERCIAL&#8230;..<\/li>\n<\/ul>\n<\/li>\n<\/ul>\n<\/li>\n<\/ul>\n<p><strong>\u00a0 MEJORADA.-<\/strong><\/p>\n<ul>\n<li>Uso ilimitado de impresiones , particular o profesional.<\/li>\n<li>Uso ilimitado en creaci\u00f3n de paginas web, blog y art\u00edculos.<\/li>\n<li>Uso ilimitado en creaci\u00f3n de productos para decoraci\u00f3n para uso particular o comercial.<\/li>\n<li>Impresiones publicitarias ilimitadas para lugares p\u00fablicos.<\/li>\n<li>PERMITIDA SU COMERCIALIZACION PARA VENTA DE PRODUCTOS , PUBLICIDAD CON LA IMAGEN&#8230;.<\/li>\n<\/ul>\n<ul>\n<li><\/li>\n<\/ul>\n<ul>\n<li style=\"list-style-type: none;\">\n<ul>\n<li style=\"list-style-type: none;\">\n<ul>\n<li><em>NO VALIDA SU UTILIZACION PARA VENTA DE LA PROPIA IMAGEN COMO FICHERO DE DESCARGA O SIMILAR.<\/em><\/li>\n<\/ul>\n<\/li>\n<\/ul>\n<\/li>\n<li>Autorizaci\u00f3n para plantillas web.<\/li>\n<li>Decoraci\u00f3n en espacios personales y comerciales.<\/li>\n<\/ul>\n<p><strong>NOTAS .-<\/strong><\/p>\n<ul>\n<li>Puedes descargar 3 veces el fichero.<\/li>\n<li>Tienes 15 Dias para descargar Fichero una vez realizada la compra<\/li>\n<li>La marca de Agua desaparece al descargar fichero.<\/li>\n<\/ul>\n<p><strong>\u00a0<\/strong><\/p>\n<p>Si necesitas realizar una sesi\u00f3n de fotograf\u00eda \u00fanica, \u00bb comuni\u00f3n, boda, bautizos, retrato, desnudo, lencer\u00eda, comercial, productos o de cualquier otro tipo\u00bb .<\/p>\n<p>Concierta una cita mandando un mensaje\u00a0 a INFORMACION@DETENIENDOELTIEMPO.ES o\u00a0 visitando\u00a0 nuestra pagina de fotograf\u00eda <a href=\"http:\/\/www.deteniendoeltiempo.es\">http:\/\/www.deteniendoeltiempo.es<\/a><\/p>\n<p>Visita nuestro blog si te interesa leer alg\u00fan articulo, pulsa <a href=\"https:\/\/bancodefotografias.com\/blog\/\">AQUI<\/a><\/p>\n<p>Tambi\u00e9n PUEDES\u00a0 ver mas CATEGORIAS de fotograf\u00edas\u00a0 dentro del Banco de fotograf\u00edas , pulsa <a href=\"https:\/\/bancodefotografias.com\/banco-de-fotografias-2\/\">AQUI<\/a><\/p>\n<\/div>\n<\/div>\n<\/div>\n<\/div>\n<\/div>\n<\/div>\n<\/div>\n<\/div>\n<\/div>\n<\/div>\n<\/div>\n<\/div>\n<\/div>\n<\/div>\n<\/div>\n<\/div>\n<\/div>\n<\/div>\n<\/div>\n<\/div>\n<\/div>\n<\/div>\n<\/div>\n<\/div>\n<\/div>\n<\/div>\n<\/div>\n<\/div>\n<\/div>\n<\/div>\n<\/div>\n<\/div>\n<\/div>\n<\/div>\n<\/div>\n<\/div>\n","protected":false},"featured_media":0,"comment_status":"open","ping_status":"closed","template":"","meta":{"_et_pb_use_builder":"","_et_pb_old_content":"","_et_gb_content_width":""},"product_brand":[],"product_cat":[748,2006,2061],"product_tag":[1617,1549,1603,1628,1545,1589,971,1555,2059,1212,1202,1553,1556,1999,1986,1552,1542,1557,1547,1997,1585,1645,1625,1596,1635,2000,1916,2001,1567,1551,1546,1558,2060,1606,1584,1575,1554,1550,1544,1611,1199,1214,1205,1540,1586,1615,1559,1609,1626,2058,727,1780,1203,1209,1201,1216,1211,1207,1210,1215,1217,725,1541,1613,1200,1213,1618,1548,1570,1612,1543,1580,1631,1998,1989,1991,1616,1622,1610,1614,1620,1623,2057],"class_list":{"0":"post-987511187","1":"product","2":"type-product","3":"status-publish","5":"product_cat-banco-de-fotografias","6":"product_cat-flores","7":"product_cat-tulipanes","8":"product_tag-arte-botanico-de-tulipanes","9":"product_tag-arte-floral","10":"product_tag-belleza-clasica","11":"product_tag-belleza-efimera-en-fotografias","12":"product_tag-belleza-floral","13":"product_tag-belleza-floral-en-fotografias","14":"product_tag-belleza-natural","15":"product_tag-belleza-natural-en-imagenes","16":"product_tag-belleza-primaveral-fotografias-de-tulipanes","17":"product_tag-capturas-artisticas-en-alta-resolucion","18":"product_tag-capturas-creativas","19":"product_tag-capturas-florales","20":"product_tag-composiciones-florales","21":"product_tag-contraste-y-profundidad","22":"product_tag-contrastes-vividos","23":"product_tag-cuadros-botanicos","24":"product_tag-cuadros-de-flores","25":"product_tag-cuadros-de-jardin","26":"product_tag-cuadros-naturales","27":"product_tag-decoracion-con-estilo-clasico","28":"product_tag-delicadeza-en-cada-petalo","29":"product_tag-delicadeza-en-cada-semilla","30":"product_tag-delicadeza-en-cada-tulipan","31":"product_tag-elegancia-en-petalos","32":"product_tag-elegancia-en-semillas","33":"product_tag-estetica-intemporal","34":"product_tag-estilo-vintage","35":"product_tag-estilo-vintage-moderno","36":"product_tag-flores-blancas-en-fotografias","37":"product_tag-flores-en-alta-resolucion","38":"product_tag-flores-en-arte","39":"product_tag-flores-en-primer-plano","40":"product_tag-flores-que-alegran-fotografias-de-tulipanes","41":"product_tag-flores-que-cautivan","42":"product_tag-flores-que-iluminan","43":"product_tag-flores-silvestres-en-fotografias","44":"product_tag-fotografia-de-jardin","45":"product_tag-fotografia-de-petalos","46":"product_tag-fotografias-botanicas","47":"product_tag-fotografias-botanicas-de-tulipanes","48":"product_tag-fotografias-creativas","49":"product_tag-fotografias-de-autor","50":"product_tag-fotografias-de-concepto","51":"product_tag-fotografias-de-flores","52":"product_tag-fotografias-de-flores-silvestres","53":"product_tag-fotografias-de-jardin-con-tulipanes","54":"product_tag-fotografias-de-plantas","55":"product_tag-fotografias-de-tulipanes","56":"product_tag-fotografias-de-tulipanes-de-colores","57":"product_tag-fotografias-macro-de-tulipanes","58":"product_tag-fotografias-minimalistas-en-blanco-y-negro","59":"product_tag-fotografias-monocromaticas","60":"product_tag-fotografias-originales","61":"product_tag-fotografias-visionarias","62":"product_tag-fotos-artisticas","63":"product_tag-fotos-artisticas-para-decoracion","64":"product_tag-fotos-creativas-de-alta-calidad","65":"product_tag-fotos-innovadoras","66":"product_tag-imagenes-conceptuales","67":"product_tag-imagenes-creativas-para-diseno","68":"product_tag-imagenes-creativas-para-publicidad","69":"product_tag-imagenes-en-blanco-y-negro-para-impresion","70":"product_tag-imagenes-florales","71":"product_tag-imagenes-florales-de-tulipanes","72":"product_tag-imagenes-innovadoras","73":"product_tag-imagenes-inspiradoras","74":"product_tag-imagenes-inspiradoras-de-tulipanes","75":"product_tag-jardin-en-imagenes","76":"product_tag-naturaleza-en-blanco-y-amarillo","77":"product_tag-naturaleza-en-colores-vivos","78":"product_tag-naturaleza-en-imagenes","79":"product_tag-naturaleza-en-su-mejor-momento","80":"product_tag-naturaleza-en-tonalidades-suaves","81":"product_tag-regalo-artistico-y-refinado","82":"product_tag-sutileza-natural","83":"product_tag-texturas-cautivadoras","84":"product_tag-tulipanes","85":"product_tag-tulipanes-en-blanco-y-negro","86":"product_tag-tulipanes-en-detalle","87":"product_tag-tulipanes-en-fondo-blanco","88":"product_tag-tulipanes-en-la-naturaleza","89":"product_tag-tulipanes-en-primavera","90":"product_tag-tulipanes-en-todo-su-esplendor","92":"first","93":"instock","94":"taxable","95":"shipping-taxable","96":"purchasable","97":"product-type-variable"},"_links":{"self":[{"href":"https:\/\/bancodefotografias.com\/inicio\/wp-json\/wp\/v2\/product\/987511187","targetHints":{"allow":["GET"]}}],"collection":[{"href":"https:\/\/bancodefotografias.com\/inicio\/wp-json\/wp\/v2\/product"}],"about":[{"href":"https:\/\/bancodefotografias.com\/inicio\/wp-json\/wp\/v2\/types\/product"}],"replies":[{"embeddable":true,"href":"https:\/\/bancodefotografias.com\/inicio\/wp-json\/wp\/v2\/comments?post=987511187"}],"wp:attachment":[{"href":"https:\/\/bancodefotografias.com\/inicio\/wp-json\/wp\/v2\/media?parent=987511187"}],"wp:term":[{"taxonomy":"product_brand","embeddable":true,"href":"https:\/\/bancodefotografias.com\/inicio\/wp-json\/wp\/v2\/product_brand?post=987511187"},{"taxonomy":"product_cat","embeddable":true,"href":"https:\/\/bancodefotografias.com\/inicio\/wp-json\/wp\/v2\/product_cat?post=987511187"},{"taxonomy":"product_tag","embeddable":true,"href":"https:\/\/bancodefotografias.com\/inicio\/wp-json\/wp\/v2\/product_tag?post=987511187"}],"curies":[{"name":"wp","href":"https:\/\/api.w.org\/{rel}","templated":true}]}}