{"id":987510474,"date":"2023-12-23T22:06:08","date_gmt":"2023-12-23T21:06:08","guid":{"rendered":"https:\/\/bancodefotografias.com\/?post_type=product&#038;p=987510474"},"modified":"2024-01-31T21:51:17","modified_gmt":"2024-01-31T20:51:17","slug":"banco-de-fotografias-dt825","status":"publish","type":"product","link":"https:\/\/bancodefotografias.com\/inicio\/imagenes\/banco-de-fotografias-dt825\/","title":{"rendered":"Banco de fotograf\u00edas  Flores Dientes de Leon  DT825"},"content":{"rendered":"<h4>Banco de fotograf\u00edas e im\u00e1genes Flores \u00abdientes de leon \u00ab<\/h4>\n<p>Embellece tu Espacio con la Elegancia Floral: Cuadros con Fotograf\u00edas de Flores \ud83c\udf38\ud83c\udfa8<\/p>\n<p>Bienvenido a nuestra colecci\u00f3n exclusiva, donde la naturaleza se convierte en arte.<\/p>\n<p>Cada cuadro es una obra maestra que captura la esencia ef\u00edmera y la belleza eterna de las flores.<\/p>\n<p>Transforma tu espacio en un oasis de serenidad y color con nuestras impresionantes fotograf\u00edas.<\/p>\n<p>Cada fotograf\u00eda es m\u00e1s que una simple captura; es una expresi\u00f3n art\u00edstica que celebra la gracia, la pasi\u00f3n y la diversidad de las rosas.<\/p>\n<p>Descubre c\u00f3mo nuestras im\u00e1genes pueden transformar tus espacios con la magia de estas flores encantadoras.<\/p>\n<p>\ud83c\udf81 <strong>Regalos Inolvidables:<\/strong> Sorprende a tus seres queridos con un regalo que perdurar\u00e1.<\/p>\n<p>Nuestras fotograf\u00edas de rosas son opciones perfectas para regalos de aniversario, cumplea\u00f1os o simplemente para expresar afecto y admiraci\u00f3n.<\/p>\n<p>Explora la belleza eterna de las rosas a trav\u00e9s de nuestras cautivadoras fotograf\u00edas.<\/p>\n<p>A\u00f1ade un toque de romanticismo y sofisticaci\u00f3n a tus espacios cotidianos y permite que la magia de estas flores florezca en tu vida.<\/p>\n<p>\u00a1Descubre la elegancia floral en cada imagen!<\/p>\n","protected":false},"excerpt":{"rendered":"<h4>Banco de fotograf\u00edas<\/h4>\n<p><strong>CATEGORIA:\u00a0 \u00a0FLORES .-\u00a0 \u00a0DIENTES DE LEON\u00a0<\/strong><\/p>\n<p><strong>N\u00ba de veces que esta a la venta imagen: 5<\/strong><\/p>\n<p><strong>DATOS IMAGEN: <\/strong><\/p>\n<p><strong>\u00a0<\/strong><\/p>\n<p><strong>\u00a0<\/strong><\/p>\n<p><strong>Tipos de licencia para descarga.<\/strong><\/p>\n<p>ESTANDAR .<\/p>\n<ul>\n<li>Uso ilimitado de impresi\u00f3n para\u00a0 uso particular<\/li>\n<li>Uso ilimitado en creaci\u00f3n de paginas web, blog y art\u00edculos.<\/li>\n<li>Uso ilimitado en creaci\u00f3n de productos para decoraci\u00f3n para uso particular.<\/li>\n<\/ul>\n<ul>\n<li><\/li>\n<\/ul>\n<ul>\n<li style=\"list-style-type: none;\">\n<ul>\n<li style=\"list-style-type: none;\">\n<ul>\n<li>NO ES VALIDA LA LICENCIA PARA USO COMERCIAL&#8230;..<\/li>\n<\/ul>\n<\/li>\n<\/ul>\n<\/li>\n<\/ul>\n<p><strong>\u00a0 MEJORADA.-<\/strong><\/p>\n<ul>\n<li>Uso ilimitado de impresiones , particular o profesional.<\/li>\n<li>Uso ilimitado en creaci\u00f3n de paginas web, blog y art\u00edculos.<\/li>\n<li>Uso ilimitado en creaci\u00f3n de productos para decoraci\u00f3n para uso particular o comercial.<\/li>\n<li>Impresiones publicitarias ilimitadas para lugares p\u00fablicos.<\/li>\n<li>PERMITIDA SU COMERCIALIZACION PARA VENTA DE PRODUCTOS , PUBLICIDAD CON LA IMAGEN&#8230;.<\/li>\n<\/ul>\n<ul>\n<li><\/li>\n<\/ul>\n<ul>\n<li style=\"list-style-type: none;\">\n<ul>\n<li style=\"list-style-type: none;\">\n<ul>\n<li><em>NO VALIDA SU UTILIZACION PARA VENTA DE LA PROPIA IMAGEN COMO FICHERO DE DESCARGA O SIMILAR.<\/em><\/li>\n<\/ul>\n<\/li>\n<\/ul>\n<\/li>\n<li>Autorizaci\u00f3n para plantillas web.<\/li>\n<li>Decoraci\u00f3n en espacios personales y comerciales.<\/li>\n<\/ul>\n<p><strong>NOTAS .-<\/strong><\/p>\n<ul>\n<li>Puedes descargar 3 veces el fichero.<\/li>\n<li>Tienes 15 Dias para descargar Fichero una vez realizada la compra<\/li>\n<li>La marca de Agua desaparece al descargar fichero.<\/li>\n<\/ul>\n<p><strong>\u00a0<\/strong><\/p>\n<p>Si necesitas realizar una sesi\u00f3n de fotograf\u00eda \u00fanica, \u00bb comuni\u00f3n, boda, bautizos, retrato, desnudo, lencer\u00eda, comercial, productos o de cualquier otro tipo\u00bb .<\/p>\n<p>Concierta una cita mandando un mensaje\u00a0 a INFORMACION@DETENIENDOELTIEMPO.ES o\u00a0 visitando\u00a0 nuestra pagina de fotograf\u00eda <a href=\"http:\/\/www.deteniendoeltiempo.es\">http:\/\/www.deteniendoeltiempo.es<\/a><\/p>\n<p>Visita nuestro blog si te interesa leer alg\u00fan articulo, pulsa <a href=\"https:\/\/bancodefotografias.com\/blog\/\">AQUI<\/a><\/p>\n<p>Tambi\u00e9n PUEDES\u00a0 ver mas CATEGORIAS de fotograf\u00edas\u00a0 dentro del Banco de fotograf\u00edas , pulsa <a href=\"https:\/\/bancodefotografias.com\/banco-de-fotografias-2\/\">AQUI<\/a><\/p>\n<p>&nbsp;<\/p>\n","protected":false},"featured_media":0,"comment_status":"open","ping_status":"closed","template":"","meta":{"_et_pb_use_builder":"","_et_pb_old_content":"","_et_gb_content_width":""},"product_brand":[],"product_cat":[748,2056,2006],"product_tag":[1637,1549,1603,1628,1545,1589,971,1555,1212,1202,1553,1556,1999,1986,1552,1542,1557,1547,1997,1607,1645,1636,1642,1629,1633,1641,1643,1639,1596,1635,2000,1916,2001,1551,1546,1558,1606,1644,1554,1550,1544,1630,1199,1214,1634,1205,1627,1646,1540,1559,1588,1608,1640,1601,727,1780,1203,1209,1201,1216,1211,1207,1210,1215,1217,725,1541,1632,1593,1200,1213,1638,1548,1990,1543,1631,1998,1989,1991],"class_list":{"0":"post-987510474","1":"product","2":"type-product","3":"status-publish","5":"product_cat-banco-de-fotografias","6":"product_cat-dientes-de-leon","7":"product_cat-flores","8":"product_tag-arte-botanico-de-diente-de-leon","9":"product_tag-arte-floral","10":"product_tag-belleza-clasica","11":"product_tag-belleza-efimera-en-fotografias","12":"product_tag-belleza-floral","13":"product_tag-belleza-floral-en-fotografias","14":"product_tag-belleza-natural","15":"product_tag-belleza-natural-en-imagenes","16":"product_tag-capturas-artisticas-en-alta-resolucion","17":"product_tag-capturas-creativas","18":"product_tag-capturas-florales","19":"product_tag-composiciones-florales","20":"product_tag-contraste-y-profundidad","21":"product_tag-contrastes-vividos","22":"product_tag-cuadros-botanicos","23":"product_tag-cuadros-de-flores","24":"product_tag-cuadros-de-jardin","25":"product_tag-cuadros-naturales","26":"product_tag-decoracion-con-estilo-clasico","27":"product_tag-delicadeza-en-cada-rosa","28":"product_tag-delicadeza-en-cada-semilla","29":"product_tag-diente-de-leon","30":"product_tag-diente-de-leon-en-blanco-y-negro","31":"product_tag-diente-de-leon-en-detalle","32":"product_tag-diente-de-leon-en-fondo-blanco","33":"product_tag-diente-de-leon-en-la-naturaleza","34":"product_tag-diente-de-leon-en-primavera","35":"product_tag-diente-de-leon-en-todo-su-esplendor","36":"product_tag-elegancia-en-petalos","37":"product_tag-elegancia-en-semillas","38":"product_tag-estetica-intemporal","39":"product_tag-estilo-vintage","40":"product_tag-estilo-vintage-moderno","41":"product_tag-flores-en-alta-resolucion","42":"product_tag-flores-en-arte","43":"product_tag-flores-en-primer-plano","44":"product_tag-flores-que-cautivan","45":"product_tag-flores-que-deslumbran-fotografias-de-diente-de-leon","46":"product_tag-fotografia-de-jardin","47":"product_tag-fotografia-de-petalos","48":"product_tag-fotografias-botanicas","49":"product_tag-fotografias-botanicas-de-diente-de-leon","50":"product_tag-fotografias-creativas","51":"product_tag-fotografias-de-autor","52":"product_tag-fotografias-de-campo-con-diente-de-leon","53":"product_tag-fotografias-de-concepto","54":"product_tag-fotografias-de-diente-de-leon","55":"product_tag-fotografias-de-diente-de-leon-en-el-viento","56":"product_tag-fotografias-de-flores","57":"product_tag-fotografias-de-plantas","58":"product_tag-fotografias-de-rosas","59":"product_tag-fotografias-de-rosas-rojas-y-blancas","60":"product_tag-fotografias-macro-de-diente-de-leon","61":"product_tag-fotografias-macro-de-rosas","62":"product_tag-fotografias-minimalistas-en-blanco-y-negro","63":"product_tag-fotografias-monocromaticas","64":"product_tag-fotografias-originales","65":"product_tag-fotografias-visionarias","66":"product_tag-fotos-artisticas","67":"product_tag-fotos-artisticas-para-decoracion","68":"product_tag-fotos-creativas-de-alta-calidad","69":"product_tag-fotos-innovadoras","70":"product_tag-imagenes-conceptuales","71":"product_tag-imagenes-creativas-para-diseno","72":"product_tag-imagenes-creativas-para-publicidad","73":"product_tag-imagenes-en-blanco-y-negro-para-impresion","74":"product_tag-imagenes-florales","75":"product_tag-imagenes-florales-de-diente-de-leon","76":"product_tag-imagenes-florales-de-rosas","77":"product_tag-imagenes-innovadoras","78":"product_tag-imagenes-inspiradoras","79":"product_tag-imagenes-inspiradoras-de-diente-de-leon","80":"product_tag-jardin-en-imagenes","81":"product_tag-minimalismo-floral","82":"product_tag-naturaleza-en-imagenes","83":"product_tag-naturaleza-en-tonalidades-suaves","84":"product_tag-regalo-artistico-y-refinado","85":"product_tag-sutileza-natural","86":"product_tag-texturas-cautivadoras","88":"first","89":"instock","90":"taxable","91":"shipping-taxable","92":"purchasable","93":"product-type-variable"},"_links":{"self":[{"href":"https:\/\/bancodefotografias.com\/inicio\/wp-json\/wp\/v2\/product\/987510474","targetHints":{"allow":["GET"]}}],"collection":[{"href":"https:\/\/bancodefotografias.com\/inicio\/wp-json\/wp\/v2\/product"}],"about":[{"href":"https:\/\/bancodefotografias.com\/inicio\/wp-json\/wp\/v2\/types\/product"}],"replies":[{"embeddable":true,"href":"https:\/\/bancodefotografias.com\/inicio\/wp-json\/wp\/v2\/comments?post=987510474"}],"wp:attachment":[{"href":"https:\/\/bancodefotografias.com\/inicio\/wp-json\/wp\/v2\/media?parent=987510474"}],"wp:term":[{"taxonomy":"product_brand","embeddable":true,"href":"https:\/\/bancodefotografias.com\/inicio\/wp-json\/wp\/v2\/product_brand?post=987510474"},{"taxonomy":"product_cat","embeddable":true,"href":"https:\/\/bancodefotografias.com\/inicio\/wp-json\/wp\/v2\/product_cat?post=987510474"},{"taxonomy":"product_tag","embeddable":true,"href":"https:\/\/bancodefotografias.com\/inicio\/wp-json\/wp\/v2\/product_tag?post=987510474"}],"curies":[{"name":"wp","href":"https:\/\/api.w.org\/{rel}","templated":true}]}}