{"id":987510063,"date":"2023-12-19T22:09:20","date_gmt":"2023-12-19T21:09:20","guid":{"rendered":"https:\/\/bancodefotografias.com\/?post_type=product&#038;p=987510063"},"modified":"2024-02-13T19:48:10","modified_gmt":"2024-02-13T18:48:10","slug":"banco-de-fotografias-dt1469","status":"publish","type":"product","link":"https:\/\/bancodefotografias.com\/inicio\/imagenes\/banco-de-fotografias-dt1469\/","title":{"rendered":"Banco de fotografias Animales  caballos\u00bb  dt1469"},"content":{"rendered":"<h4>Banco de fotograf\u00edas e im\u00e1genes de Animales\u00a0 \u00bb caballos\u00bb<\/h4>\n<p>En Banco de fotograf\u00eda de animales, imagen de un caballo blanco con el cielo azul<\/p>\n<div class=\"group-content-key-value group-content fileSize\">\n<ul>\n<li><\/li>\n<\/ul>\n<p><strong>\u00a0<\/strong><\/p>\n<p>Si necesitas realizar una sesi\u00f3n de fotograf\u00eda \u00fanica, \u00bb comuni\u00f3n, boda, bautizos, retrato, desnudo, lencer\u00eda, comercial, productos o de cualquier otro tipo\u00bb .<\/p>\n<p>Concierta una cita mandando un mensaje\u00a0 a INFORMACION@DETENIENDOELTIEMPO.ES o\u00a0 visitando\u00a0 nuestra pagina de fotograf\u00eda <a href=\"http:\/\/www.deteniendoeltiempo.es\" target=\"_blank\" rel=\"noopener\">http:\/\/www.deteniendoeltiempo.es<\/a><\/p>\n<p>Visita nuestro blog si te interesa leer alg\u00fan articulo, pulsa <a href=\"https:\/\/bancodefotografias.com\/blog\/\">AQUI<\/a><\/p>\n<p>Tambi\u00e9n PUEDES\u00a0 ver mas CATEGORIAS de fotograf\u00edas\u00a0 dentro del Banco de fotograf\u00edas , pulsa <a href=\"https:\/\/bancodefotografias.com\/banco-de-fotografias-2\/\">AQUI<\/a><\/p>\n<p>&nbsp;<\/p>\n<\/div>\n","protected":false},"excerpt":{"rendered":"<h4>Banco de fotograf\u00edas e im\u00e1genes de animales<\/h4>\n<div class=\"flex-1 overflow-hidden\">\n<div class=\"react-scroll-to-bottom--css-yjnsg-79elbk h-full dark:bg-gray-800\">\n<div class=\"react-scroll-to-bottom--css-yjnsg-1n7m0yu\">\n<div class=\"flex flex-col text-sm dark:bg-gray-800\">\n<div class=\"group final-completion w-full text-token-text-primary border-b border-black\/10 gizmo:border-0 dark:border-gray-900\/50 gizmo:dark:border-0 bg-gray-50 gizmo:bg-transparent dark:bg-[#444654] gizmo:dark:bg-transparent\" data-testid=\"conversation-turn-183\">\n<div class=\"p-4 justify-center text-base md:gap-6 md:py-6 m-auto\">\n<div class=\"flex flex-1 gap-4 text-base mx-auto md:gap-6 gizmo:gap-3 gizmo:md:px-5 gizmo:lg:px-1 gizmo:xl:px-5 md:max-w-2xl lg:max-w-[38rem] gizmo:md:max-w-3xl gizmo:lg:max-w-[40rem] gizmo:xl:max-w-[48rem] xl:max-w-3xl }\">\n<div class=\"relative flex w-[calc(100%-50px)] flex-col gizmo:w-full lg:w-[calc(100%-115px)] agent-turn\">\n<div class=\"flex-col gap-1 md:gap-3\">\n<div class=\"flex flex-grow flex-col gap-3 max-w-full\">\n<div class=\"min-h-[20px] flex flex-col items-start gap-3 whitespace-pre-wrap break-words overflow-x-auto\">\n<div class=\"markdown prose w-full break-words dark:prose-invert light\">\n<div class=\"flex-1 overflow-hidden\">\n<div class=\"react-scroll-to-bottom--css-yjnsg-79elbk h-full dark:bg-gray-800\">\n<div class=\"react-scroll-to-bottom--css-yjnsg-1n7m0yu\">\n<div class=\"flex flex-col text-sm dark:bg-gray-800\">\n<div class=\"group final-completion w-full text-token-text-primary border-b border-black\/10 gizmo:border-0 dark:border-gray-900\/50 gizmo:dark:border-0 bg-gray-50 gizmo:bg-transparent dark:bg-[#444654] gizmo:dark:bg-transparent\" data-testid=\"conversation-turn-183\">\n<div class=\"p-4 justify-center text-base md:gap-6 md:py-6 m-auto\">\n<div class=\"flex flex-1 gap-4 text-base mx-auto md:gap-6 gizmo:gap-3 gizmo:md:px-5 gizmo:lg:px-1 gizmo:xl:px-5 md:max-w-2xl lg:max-w-[38rem] gizmo:md:max-w-3xl gizmo:lg:max-w-[40rem] gizmo:xl:max-w-[48rem] xl:max-w-3xl }\">\n<div class=\"relative flex w-[calc(100%-50px)] flex-col gizmo:w-full lg:w-[calc(100%-115px)] agent-turn\">\n<div class=\"flex-col gap-1 md:gap-3\">\n<div class=\"flex flex-grow flex-col gap-3 max-w-full\">\n<div class=\"min-h-[20px] flex flex-col items-start gap-3 whitespace-pre-wrap break-words overflow-x-auto\">\n<div class=\"markdown prose w-full break-words dark:prose-invert light\">\n<div class=\"flex-1 overflow-hidden\">\n<div class=\"react-scroll-to-bottom--css-tyrzp-79elbk h-full\">\n<div class=\"react-scroll-to-bottom--css-tyrzp-1n7m0yu\">\n<div class=\"flex flex-col text-sm gizmo:pb-9 dark:bg-gray-800 gizmo:dark:bg-transparent\">\n<div class=\"group w-full text-token-text-primary border-b border-black\/10 gizmo:border-0 dark:border-gray-900\/50 gizmo:dark:border-0 bg-gray-50 gizmo:bg-transparent dark:bg-[#444654] gizmo:dark:bg-transparent\" data-testid=\"conversation-turn-286\">\n<div class=\"p-4 gizmo:py-2 justify-center text-base md:gap-6 md:py-6 m-auto\">\n<div class=\"flex flex-1 gap-4 text-base mx-auto md:gap-6 gizmo:gap-3 gizmo:md:px-5 gizmo:lg:px-1 gizmo:xl:px-5 md:max-w-2xl lg:max-w-[38rem] gizmo:md:max-w-3xl gizmo:lg:max-w-[40rem] gizmo:xl:max-w-[48rem] xl:max-w-3xl }\">\n<div class=\"relative flex w-[calc(100%-50px)] flex-col gizmo:w-full lg:w-[calc(100%-115px)] agent-turn\">\n<div class=\"flex-col gap-1 md:gap-3\">\n<div class=\"flex flex-grow flex-col gap-3 max-w-full\">\n<div class=\"min-h-[20px] flex flex-col items-start gap-3 whitespace-pre-wrap break-words overflow-x-auto\" data-message-author-role=\"assistant\" data-message-id=\"d05bf352-5868-4a5e-a85f-735e3d17a351\">\n<div class=\"markdown prose w-full break-words dark:prose-invert light\">\n<p>Descubre la elegancia y encanto\u00a0 de los caballos a trav\u00e9s de nuestras cautivadoras fotograf\u00edas.<\/p>\n<p><strong>CATEGORIA:\u00a0 ANIMALES .- CABALLOS<\/strong><\/p>\n<p><strong>N\u00ba de veces descarga maximo : 25<\/strong><\/p>\n<p><strong>DATOS IMAGEN:<\/strong><\/p>\n<div class=\"group-content-key-value group-content fileSize\">\n<p class=\"group-content-key-value-key\">Tama\u00f1o de archivo: 8,19 MB Dimensiones 4900 x 3094<\/p>\n<p>Descarga de archivos y licencias<br \/>\nEl usuario tiene acceso privado completo al archivo descargado por tiempo ilimitado.<br \/>\nLos derechos de autor de la imagen descargada seguir\u00e1n perteneciendo a su propietario.<\/p>\n<p>Descarga de archivos: Peque\u00f1o<br \/>\nArchivo con una resoluci\u00f3n m\u00e1xima de 800 px<\/p>\n<p>Descarga de archivos: Pantalla<br \/>\nArchivo con una resoluci\u00f3n m\u00e1xima de 1024 p\u00edxeles.<\/p>\n<p>Descarga de archivos: Tama\u00f1o completo<br \/>\nArchivo original en la m\u00e1xima calidad para obtener un resultado \u00f3ptimo<\/p>\n<p>NO VALIDA SU UTILIZACION PARA VENTA DE LA PROPIA IMAGEN COMO FICHERO DE DESCARGA O SIMILAR.<\/p>\n<\/div>\n<p>&nbsp;<\/p>\n<p>&nbsp;<\/p>\n<\/div>\n<\/div>\n<\/div>\n<\/div>\n<\/div>\n<\/div>\n<\/div>\n<\/div>\n<\/div>\n<\/div>\n<\/div>\n<\/div>\n<\/div>\n<\/div>\n<\/div>\n<\/div>\n<\/div>\n<\/div>\n<\/div>\n<\/div>\n<\/div>\n<\/div>\n<\/div>\n<\/div>\n<\/div>\n<\/div>\n<\/div>\n<\/div>\n<\/div>\n<\/div>\n<\/div>\n<\/div>\n<\/div>\n<\/div>\n<\/div>\n<\/div>\n","protected":false},"featured_media":0,"comment_status":"open","ping_status":"closed","template":"","meta":{"_et_pb_use_builder":"","_et_pb_old_content":"","_et_gb_content_width":""},"product_brand":[],"product_cat":[748,749,2051],"product_tag":[1763,2035,2037,543,2293,544,1758,2024,2047,2040,1767,2032,2045,2027,1765,2041,2034,2049,2023,1760,2022,2048,2026,2043,1762,2036,2046,2029,1757,1773,1768,2042,1770,1766,1774,1759,2050,2033,2031,2028,1761,1769,2038,2039,2044,2025,1764,1771,2030,1772],"class_list":{"0":"post-987510063","1":"product","2":"type-product","3":"status-publish","5":"product_cat-banco-de-fotografias","6":"product_cat-animales-banco-de-fotografias","7":"product_cat-caballos","8":"product_tag-arte-con-caballos","9":"product_tag-arte-ecuestre","10":"product_tag-atardeceres-y-caballos","11":"product_tag-banco-de-fotografias","12":"product_tag-banco-de-fotografias-de-caballos","13":"product_tag-banco-de-imagenes","14":"product_tag-belleza-equina","15":"product_tag-caballos-de-raza","16":"product_tag-caballos-en-accion","17":"product_tag-caballos-en-la-naturaleza","18":"product_tag-caballos-majestuosos","19":"product_tag-caballos-salvajes","20":"product_tag-caballos-y-jinetes-en-armonia","21":"product_tag-competicion-ecuestre","22":"product_tag-conexion-jinete-caballo","23":"product_tag-deportes-ecuestres","24":"product_tag-detalle-de-las-crines-y-cascos","25":"product_tag-detalles-de-la-anatomia-equina","26":"product_tag-elegancia-equina","27":"product_tag-elegancia-hipica","28":"product_tag-equitacion","29":"product_tag-escenas-de-granja-y-caballos","30":"product_tag-escenas-de-la-vida-del-establo","31":"product_tag-estampas-campestres-con-caballos","32":"product_tag-estampas-equinas","33":"product_tag-estilo-de-vida-equino","34":"product_tag-fotografia-de-alta-calidad","35":"product_tag-fotografia-hipica","36":"product_tag-fotografias-de-caballos","37":"product_tag-fotografias-ecuestres","38":"product_tag-fotografias-equinas","39":"product_tag-fotos-en-blanco-y-negro-de-caballos","40":"product_tag-fuerza-y-gracia","41":"product_tag-fuerza-y-gracia-equina","42":"product_tag-impresiones-equinas","43":"product_tag-majestuosidad-animal","44":"product_tag-momentos-de-afecto-entre-humanos-y-caballos","45":"product_tag-momentos-intimos-con-caballos","46":"product_tag-montar-a-caballo","47":"product_tag-naturaleza-y-caballos","48":"product_tag-nobleza-en-imagenes","49":"product_tag-nobleza-en-movimiento","50":"product_tag-relacion-humana-caballo","51":"product_tag-retratos-de-caballos-de-rescate","52":"product_tag-retratos-de-potros","53":"product_tag-retratos-equinos","54":"product_tag-serenidad-a-caballo","55":"product_tag-serenidad-caballar","56":"product_tag-vida-en-el-rancho","57":"product_tag-vinculo-jinete-caballo","59":"first","60":"instock","61":"taxable","62":"shipping-taxable","63":"product-type-external"},"_links":{"self":[{"href":"https:\/\/bancodefotografias.com\/inicio\/wp-json\/wp\/v2\/product\/987510063","targetHints":{"allow":["GET"]}}],"collection":[{"href":"https:\/\/bancodefotografias.com\/inicio\/wp-json\/wp\/v2\/product"}],"about":[{"href":"https:\/\/bancodefotografias.com\/inicio\/wp-json\/wp\/v2\/types\/product"}],"replies":[{"embeddable":true,"href":"https:\/\/bancodefotografias.com\/inicio\/wp-json\/wp\/v2\/comments?post=987510063"}],"wp:attachment":[{"href":"https:\/\/bancodefotografias.com\/inicio\/wp-json\/wp\/v2\/media?parent=987510063"}],"wp:term":[{"taxonomy":"product_brand","embeddable":true,"href":"https:\/\/bancodefotografias.com\/inicio\/wp-json\/wp\/v2\/product_brand?post=987510063"},{"taxonomy":"product_cat","embeddable":true,"href":"https:\/\/bancodefotografias.com\/inicio\/wp-json\/wp\/v2\/product_cat?post=987510063"},{"taxonomy":"product_tag","embeddable":true,"href":"https:\/\/bancodefotografias.com\/inicio\/wp-json\/wp\/v2\/product_tag?post=987510063"}],"curies":[{"name":"wp","href":"https:\/\/api.w.org\/{rel}","templated":true}]}}