{"id":987510050,"date":"2023-12-19T21:25:41","date_gmt":"2023-12-19T20:25:41","guid":{"rendered":"https:\/\/bancodefotografias.com\/?post_type=product&#038;p=987510050"},"modified":"2024-02-09T21:44:04","modified_gmt":"2024-02-09T20:44:04","slug":"banco-de-fotografias-dt1251","status":"publish","type":"product","link":"https:\/\/bancodefotografias.com\/inicio\/imagenes\/banco-de-fotografias-dt1251\/","title":{"rendered":"Banco de fotografias  dt1251"},"content":{"rendered":"<h4>Banco de fotograf\u00edas e im\u00e1genes de animales\u00a0 \u00abardilla\u00bb<\/h4>\n<p>Ardilla asomada en un arbol<\/p>\n<p>\u00abSum\u00e9rgete en el encanto travieso y la vivacidad de nuestras adorables fotograf\u00edas de ardillas.<\/p>\n<p>Cada imagen captura la agilidad y la dulzura de estos peque\u00f1os roedores en su h\u00e1bitat natural.<\/p>\n<p>Perfectas para crear cuadros, l\u00e1minas, lienzos y posters que llenen tus espacios de energ\u00eda y alegr\u00eda.<\/p>\n<p>Tambi\u00e9n son ideales para a\u00f1adir un toque de vitalidad y diversi\u00f3n a tus p\u00e1ginas web y anuncios de producto.<\/p>\n<p>Desde sus \u00e1giles saltos hasta sus curiosas exploraciones, nuestras fotograf\u00edas celebran la naturaleza curiosa y juguetona de las ardillas.<\/p>\n<p>Cada detalle se convierte en una obra de arte lista para decorar tus lugares favoritos y transmitir la magia y la vivacidad que estas criaturas llevan consigo.<\/p>\n<p>Explora nuestra colecci\u00f3n y descubre c\u00f3mo estas im\u00e1genes pueden transformar tu espacio en un rinc\u00f3n de alegr\u00eda y vitalidad.<\/p>\n<p>Cada fotograf\u00eda de ardillas es una invitaci\u00f3n a apreciar la belleza de la naturaleza en su forma m\u00e1s juguetona y a llevar la energ\u00eda de estos encantadores roedores a tus proyectos y hogar.<\/p>\n<p>\u00a1Encuentra tu imagen favorita y deja que la magia de las ardillas ilumine tu vida!\u00bb<\/p>\n","protected":false},"excerpt":{"rendered":"<p>banco de fotografias<\/p>\n<p>CATEGORIA:\u00a0 ANIMALES .- ARDILLA<\/p>\n<p>N\u00ba de veces que esta a la venta imagen: 25<\/p>\n<p>DATOS IMAGEN:<\/p>\n<p>FICHERO NORMAL<\/p>\n<p>Descarga de archivos y licencias<\/p>\n<p>El usuario tiene acceso privado completo al archivo descargado por tiempo ilimitado. Los derechos de autor de la imagen descargada seguir\u00e1n perteneciendo a su propietario.<\/p>\n<p>Descarga de archivos: Peque\u00f1o<\/p>\n<p>Archivo con una resoluci\u00f3n m\u00e1xima de 800 px para compartir la vista previa<\/p>\n<p><span style=\"color: #ff0000;\">Precio en \u20ac\u00a0 5,00<\/span><\/p>\n<p>Descarga de archivos: Pantalla<\/p>\n<p>Archivo con una resoluci\u00f3n m\u00e1xima de 1024 p\u00edxeles, pensado para visualizaci\u00f3n en pantalla y presentaciones<\/p>\n<p><span style=\"color: #ff0000;\">Precio en \u20ac 10,00<\/span><\/p>\n<p>Descarga de archivos: Tama\u00f1o completo<\/p>\n<p>Archivo original en la m\u00e1xima calidad para obtener un resultado de impresi\u00f3n \u00f3ptimo<\/p>\n<p><span style=\"color: #ff0000;\">Precio en \u20ac\u00a0 25,00<\/span><\/p>\n<div class=\"group-content-key-value group-content fileSize\">\n<p class=\"group-content-key-value-key\"><span style=\"color: #ff6600;\">Tama\u00f1o de archivo: 12,44 MB Dimensiones 6000 x 4000<\/span><\/p>\n<\/div>\n<p>NO VALIDA SU UTILIZACION PARA VENTA DE LA PROPIA IMAGEN COMO FICHERO DE DESCARGA O SIMILAR.<\/p>\n<p>&nbsp;<\/p>\n<p>Si necesitas realizar una sesi\u00f3n de fotograf\u00eda \u00fanica, \u00bb comuni\u00f3n, boda, bautizos, retrato, desnudo, lencer\u00eda, comercial, productos o de cualquier otro tipo\u00bb .<\/p>\n<p>Concierta una cita mandando un mensaje\u00a0 a INFORMACION@DETENIENDOELTIEMPO.ES o\u00a0 visitando\u00a0 nuestra pagina de fotograf\u00eda <a href=\"http:\/\/www.deteniendoeltiempo.es\">http:\/\/www.deteniendoeltiempo.es<\/a><\/p>\n<p>Visita nuestro blog si te interesa leer alg\u00fan articulo, pulsa <a href=\"https:\/\/bancodefotografias.com\/blog\/\">AQUI<\/a><\/p>\n<p>Tambi\u00e9n PUEDES\u00a0 ver mas CATEGORIAS de fotograf\u00edas\u00a0 dentro del Banco de fotograf\u00edas , pulsa <a href=\"https:\/\/bancodefotografias.com\/banco-de-fotografias-2\/\">AQUI<\/a><\/p>\n<p>&nbsp;<\/p>\n","protected":false},"featured_media":0,"comment_status":"open","ping_status":"closed","template":"","meta":{"_et_pb_use_builder":"","_et_pb_old_content":"","_et_gb_content_width":""},"product_brand":[],"product_cat":[748,749,775],"product_tag":[758,764,460,772,765,770,766,771,759,761,769,768,713,543,2279,2280,544,773,756,760,754,767,763,757,755,762,774],"class_list":{"0":"post-987510050","1":"product","2":"type-product","3":"status-publish","5":"product_cat-banco-de-fotografias","6":"product_cat-animales-banco-de-fotografias","7":"product_cat-ardillas","8":"product_tag-animal-pequeno","9":"product_tag-animales-en-la-naturaleza","10":"product_tag-ardilla","11":"product_tag-ardilla-adorable","12":"product_tag-ardilla-curiosa","13":"product_tag-ardilla-en-accion","14":"product_tag-ardilla-en-el-bosque","15":"product_tag-ardilla-en-el-parque","16":"product_tag-ardilla-en-su-habitat","17":"product_tag-ardilla-juguetona","18":"product_tag-ardilla-observando","19":"product_tag-ardilla-trepando","20":"product_tag-ardillas","21":"product_tag-banco-de-fotografias","22":"product_tag-banco-de-fotografias-de-ardillas","23":"product_tag-banco-de-fotograias-de-animels","24":"product_tag-banco-de-imagenes","25":"product_tag-compra-de-fotografias","26":"product_tag-fauna","27":"product_tag-fotografia-animal","28":"product_tag-fotografia-de-ardilla","29":"product_tag-fotografia-de-mamiferos","30":"product_tag-fotografia-de-vida-salvaje","31":"product_tag-mamifero","32":"product_tag-naturaleza-salvaje","33":"product_tag-tierna-ardilla","34":"product_tag-venta-de-fotografias","36":"first","37":"instock","38":"taxable","39":"shipping-taxable","40":"product-type-external"},"_links":{"self":[{"href":"https:\/\/bancodefotografias.com\/inicio\/wp-json\/wp\/v2\/product\/987510050","targetHints":{"allow":["GET"]}}],"collection":[{"href":"https:\/\/bancodefotografias.com\/inicio\/wp-json\/wp\/v2\/product"}],"about":[{"href":"https:\/\/bancodefotografias.com\/inicio\/wp-json\/wp\/v2\/types\/product"}],"replies":[{"embeddable":true,"href":"https:\/\/bancodefotografias.com\/inicio\/wp-json\/wp\/v2\/comments?post=987510050"}],"wp:attachment":[{"href":"https:\/\/bancodefotografias.com\/inicio\/wp-json\/wp\/v2\/media?parent=987510050"}],"wp:term":[{"taxonomy":"product_brand","embeddable":true,"href":"https:\/\/bancodefotografias.com\/inicio\/wp-json\/wp\/v2\/product_brand?post=987510050"},{"taxonomy":"product_cat","embeddable":true,"href":"https:\/\/bancodefotografias.com\/inicio\/wp-json\/wp\/v2\/product_cat?post=987510050"},{"taxonomy":"product_tag","embeddable":true,"href":"https:\/\/bancodefotografias.com\/inicio\/wp-json\/wp\/v2\/product_tag?post=987510050"}],"curies":[{"name":"wp","href":"https:\/\/api.w.org\/{rel}","templated":true}]}}