{"id":987504123,"date":"2023-10-23T19:32:27","date_gmt":"2023-10-23T17:32:27","guid":{"rendered":"https:\/\/bancodefotografias.com\/?post_type=product&#038;p=987504123"},"modified":"2024-02-14T12:43:50","modified_gmt":"2024-02-14T11:43:50","slug":"banco-de-fotografias-dt80","status":"publish","type":"product","link":"https:\/\/bancodefotografias.com\/inicio\/imagenes\/banco-de-fotografias-dt80\/","title":{"rendered":"Banco de fotografias de animales,  dt80"},"content":{"rendered":"<h4>Banco de fotograf\u00edas e im\u00e1genes de animales\u00a0 \u00ableon Marino \u00ab<\/h4>\n<div class=\"flex-1 overflow-hidden\">\n<div class=\"react-scroll-to-bottom--css-yjnsg-79elbk h-full dark:bg-gray-800\">\n<div class=\"react-scroll-to-bottom--css-yjnsg-1n7m0yu\">\n<div class=\"flex flex-col text-sm dark:bg-gray-800\">\n<div class=\"group final-completion w-full text-token-text-primary border-b border-black\/10 gizmo:border-0 dark:border-gray-900\/50 gizmo:dark:border-0 bg-gray-50 gizmo:bg-transparent dark:bg-[#444654] gizmo:dark:bg-transparent\" data-testid=\"conversation-turn-183\">\n<div class=\"p-4 justify-center text-base md:gap-6 md:py-6 m-auto\">\n<div class=\"flex flex-1 gap-4 text-base mx-auto md:gap-6 gizmo:gap-3 gizmo:md:px-5 gizmo:lg:px-1 gizmo:xl:px-5 md:max-w-2xl lg:max-w-[38rem] gizmo:md:max-w-3xl gizmo:lg:max-w-[40rem] gizmo:xl:max-w-[48rem] xl:max-w-3xl }\">\n<div class=\"relative flex w-[calc(100%-50px)] flex-col gizmo:w-full lg:w-[calc(100%-115px)] agent-turn\">\n<div class=\"flex-col gap-1 md:gap-3\">\n<div class=\"flex flex-grow flex-col gap-3 max-w-full\">\n<div class=\"min-h-[20px] flex flex-col items-start gap-3 whitespace-pre-wrap break-words overflow-x-auto\">\n<div class=\"markdown prose w-full break-words dark:prose-invert light\">\n<p>\u00abExplora la Elegancia Marina: Fotos Online de Focas y Leones Marinos en su H\u00e1bitat Natural\u00bb<\/p>\n<\/div>\n<\/div>\n<p>&nbsp;<\/p>\n<p style=\"text-align: justify;\">Si necesitas realizar una sesi\u00f3n de fotograf\u00eda \u00fanica, \u00bb comuni\u00f3n, boda, bautizos, retrato, desnudo, lencer\u00eda, comercial, productos o de cualquier otro tipo\u00bb .<\/p>\n<p style=\"text-align: justify;\">Concierta una cita mandando un mensaje\u00a0 a INFORMACION@DETENIENDOELTIEMPO.ES o\u00a0 visitando\u00a0 nuestra pagina de fotograf\u00eda <a href=\"http:\/\/www.deteniendoeltiempo.es\" target=\"_blank\" rel=\"noopener\">http:\/\/www.deteniendoeltiempo.es<\/a><\/p>\n<p style=\"text-align: justify;\">Visita nuestro blog si te interesa leer alg\u00fan articulo, pulsa <a href=\"https:\/\/bancodefotografias.com\/blog\/\">AQUI<\/a><\/p>\n<p style=\"text-align: justify;\">Tambi\u00e9n PUEDES\u00a0 ver mas CATEGORIAS de fotograf\u00edas\u00a0 dentro del Banco de fotograf\u00edas , pulsa <a href=\"https:\/\/bancodefotografias.com\/banco-de-fotografias-2\/\">AQUI<\/a><\/p>\n<\/div>\n<\/div>\n<\/div>\n<\/div>\n<\/div>\n<\/div>\n<\/div>\n<\/div>\n<\/div>\n<\/div>\n","protected":false},"excerpt":{"rendered":"<p>BANCO DE FOTOGRAFIAS<\/p>\n<p><strong>CATEGORIA:\u00a0 \u00a0animales .-\u00a0 mundo marino<\/strong><\/p>\n<p><strong>N\u00ba de veces descarga maximo : 25<\/strong><\/p>\n<p><strong>DATOS IMAGEN:<\/strong><\/p>\n<div class=\"group-content-key-value group-content fileSize\">\n<p class=\"group-content-key-value-key\">Tama\u00f1o de archivo: 14,22 MB Dimensiones 4000 x 5661<\/p>\n<\/div>\n<p>&nbsp;<\/p>\n<p>&nbsp;<\/p>\n<p>Descarga de archivos y licencias<\/p>\n<p>El usuario tiene acceso privado completo al archivo descargado por tiempo ilimitado.<\/p>\n<p>Los derechos de autor de la imagen descargada seguir\u00e1n perteneciendo a su propietario.<\/p>\n<p>Descarga de archivos: Peque\u00f1o<\/p>\n<p>Archivo con una resoluci\u00f3n m\u00e1xima de 800 px<\/p>\n<p>Descarga de archivos: Pantalla<\/p>\n<p>Archivo con una resoluci\u00f3n m\u00e1xima de 1024 p\u00edxeles.<\/p>\n<p>Descarga de archivos: Tama\u00f1o completo<\/p>\n<p>Archivo original en la m\u00e1xima calidad para obtener un resultado \u00f3ptimo<\/p>\n<p>&nbsp;<\/p>\n<p>NO VALIDA SU UTILIZACION PARA VENTA DE LA PROPIA IMAGEN COMO FICHERO DE DESCARGA O SIMILAR.<\/p>\n<p>&nbsp;<\/p>\n","protected":false},"featured_media":0,"comment_status":"open","ping_status":"closed","template":"","meta":{"_et_pb_use_builder":"","_et_pb_old_content":"","_et_gb_content_width":""},"product_brand":[],"product_cat":[748,749,1007],"product_tag":[543,1010,1026,1028,1013,1019,1017,1016,1018,1014,1020,1022,1024,1008,1021,873,930,1023,1049,591,950,1027,982,1029,862,869,942,1011,1032,985,864,1025,925,1009,1031,1045,1034,1044,1035,1037,1042,1048,1039,1047,1043,1040,1046,1038,1030,1041,1012,1033,1015,1036],"class_list":{"0":"post-987504123","1":"product","2":"type-product","3":"status-publish","5":"product_cat-banco-de-fotografias","6":"product_cat-animales-banco-de-fotografias","7":"product_cat-mundo-marino","8":"product_tag-banco-de-fotografias","9":"product_tag-detalle-impresionante","10":"product_tag-focas-curiosas-en-fotos-cautivadoras","11":"product_tag-focas-del-artico-en-fotografias-profesionales","12":"product_tag-focas-del-mundo","13":"product_tag-focas-descansando-en-fotografias-serenas","14":"product_tag-focas-en-accion","15":"product_tag-focas-en-blanco-y-negro","16":"product_tag-focas-en-la-naturaleza","17":"product_tag-focas-en-la-playa","18":"product_tag-focas-en-la-tundra","19":"product_tag-focas-en-las-olas","20":"product_tag-focas-en-reposo","21":"product_tag-focas-juguetonas","22":"product_tag-focas-y-sus-crias-en-fotos-adorables","23":"product_tag-fotografias-artisticas","24":"product_tag-fotografias-autenticas","25":"product_tag-fotografias-de-alta-definicion","26":"product_tag-fotografias-de-expedicion","27":"product_tag-fotografias-de-focas-en-alta-resolucion","28":"product_tag-fotografias-de-galeria","29":"product_tag-fotografias-de-la-vida-marina","30":"product_tag-fotografias-de-la-vida-salvaje","31":"product_tag-fotografias-de-leones-marinos-en-alta-resolucion","32":"product_tag-fotografias-dinamicas","33":"product_tag-fotografias-encantadoras","34":"product_tag-fotografias-impactantes","35":"product_tag-fotografias-macro-de-focas","36":"product_tag-fotografias-macro-de-leones-marinos","37":"product_tag-fotografias-profesionales","38":"product_tag-fotografias-serenas","39":"product_tag-fotografias-tranquilas","40":"product_tag-imagenes-asombrosas","41":"product_tag-imagenes-de-focas-en-su-habitat-natural","42":"product_tag-imagenes-de-leones-marinos-en-su-habitat-natural","43":"product_tag-leones-marinos-curiosos-en-fotos-cautivadoras","44":"product_tag-leones-marinos-del-mundo","45":"product_tag-leones-marinos-descansando-en-fotografias-de-calidad-premium","46":"product_tag-leones-marinos-en-accion","47":"product_tag-leones-marinos-en-blanco-y-negro","48":"product_tag-leones-marinos-en-entrenamiento","49":"product_tag-leones-marinos-en-la-antartida","50":"product_tag-leones-marinos-en-la-playa","51":"product_tag-leones-marinos-en-las-islas-galapagos","52":"product_tag-leones-marinos-en-las-olas","53":"product_tag-leones-marinos-en-reposo","54":"product_tag-leones-marinos-en-su-ambiente-natural","55":"product_tag-leones-marinos-juguetones-en-fotografias-encantadoras","56":"product_tag-leones-marinos-majestuosos","57":"product_tag-leones-marinos-y-sus-crias-en-fotos-adorables","58":"product_tag-momentos-unicos-de-focas-capturados-en-imagenes","59":"product_tag-momentos-unicos-de-leones-marinos-capturados-en-imagenes","60":"product_tag-vida-de-focas-capturada-en-imagenes","61":"product_tag-vida-de-leones-marinos-capturada-en-imagenes","63":"first","64":"instock","65":"taxable","66":"shipping-taxable","67":"product-type-external"},"_links":{"self":[{"href":"https:\/\/bancodefotografias.com\/inicio\/wp-json\/wp\/v2\/product\/987504123","targetHints":{"allow":["GET"]}}],"collection":[{"href":"https:\/\/bancodefotografias.com\/inicio\/wp-json\/wp\/v2\/product"}],"about":[{"href":"https:\/\/bancodefotografias.com\/inicio\/wp-json\/wp\/v2\/types\/product"}],"replies":[{"embeddable":true,"href":"https:\/\/bancodefotografias.com\/inicio\/wp-json\/wp\/v2\/comments?post=987504123"}],"wp:attachment":[{"href":"https:\/\/bancodefotografias.com\/inicio\/wp-json\/wp\/v2\/media?parent=987504123"}],"wp:term":[{"taxonomy":"product_brand","embeddable":true,"href":"https:\/\/bancodefotografias.com\/inicio\/wp-json\/wp\/v2\/product_brand?post=987504123"},{"taxonomy":"product_cat","embeddable":true,"href":"https:\/\/bancodefotografias.com\/inicio\/wp-json\/wp\/v2\/product_cat?post=987504123"},{"taxonomy":"product_tag","embeddable":true,"href":"https:\/\/bancodefotografias.com\/inicio\/wp-json\/wp\/v2\/product_tag?post=987504123"}],"curies":[{"name":"wp","href":"https:\/\/api.w.org\/{rel}","templated":true}]}}