{"id":987504115,"date":"2023-10-23T18:15:41","date_gmt":"2023-10-23T16:15:41","guid":{"rendered":"https:\/\/bancodefotografias.com\/?post_type=product&#038;p=987504115"},"modified":"2024-02-16T10:46:46","modified_gmt":"2024-02-16T09:46:46","slug":"banco-de-fotografias-dt-90","status":"publish","type":"product","link":"https:\/\/bancodefotografias.com\/inicio\/imagenes\/banco-de-fotografias-dt-90\/","title":{"rendered":"Banco de fotografias de animales, imagen de dragon de komodo  dt90"},"content":{"rendered":"<h4>Banco de fotograf\u00edas e im\u00e1genes de animales\u00a0 \u00abdragon de komodo\u00bb<\/h4>\n<div class=\"flex-1 overflow-hidden\">\n<div class=\"react-scroll-to-bottom--css-yjnsg-79elbk h-full dark:bg-gray-800\">\n<div class=\"react-scroll-to-bottom--css-yjnsg-1n7m0yu\">\n<div class=\"flex flex-col text-sm dark:bg-gray-800\">\n<div class=\"group final-completion w-full text-token-text-primary border-b border-black\/10 gizmo:border-0 dark:border-gray-900\/50 gizmo:dark:border-0 bg-gray-50 gizmo:bg-transparent dark:bg-[#444654] gizmo:dark:bg-transparent\" data-testid=\"conversation-turn-183\">\n<div class=\"p-4 justify-center text-base md:gap-6 md:py-6 m-auto\">\n<div class=\"flex flex-1 gap-4 text-base mx-auto md:gap-6 gizmo:gap-3 gizmo:md:px-5 gizmo:lg:px-1 gizmo:xl:px-5 md:max-w-2xl lg:max-w-[38rem] gizmo:md:max-w-3xl gizmo:lg:max-w-[40rem] gizmo:xl:max-w-[48rem] xl:max-w-3xl }\">\n<div class=\"relative flex w-[calc(100%-50px)] flex-col gizmo:w-full lg:w-[calc(100%-115px)] agent-turn\">\n<div class=\"flex-col gap-1 md:gap-3\">\n<div class=\"flex flex-grow flex-col gap-3 max-w-full\">\n<div class=\"min-h-[20px] flex flex-col items-start gap-3 whitespace-pre-wrap break-words overflow-x-auto\">\n<div class=\"markdown prose w-full break-words dark:prose-invert light\">\n<p>\u201cSum\u00e9rgete en el asombroso reino animal a trav\u00e9s de nuestras cautivadoras fotograf\u00edas.<\/p>\n<p>Si necesitas realizar una sesi\u00f3n de fotograf\u00eda \u00fanica, \u00bb comuni\u00f3n, boda, bautizos, retrato, desnudo, lencer\u00eda, comercial, productos o de cualquier otro tipo\u00bb .<\/p>\n<p>Concierta una cita mandando un mensaje\u00a0 a INFORMACION@DETENIENDOELTIEMPO.ES o\u00a0 visitando\u00a0 nuestra pagina de fotograf\u00eda <a href=\"http:\/\/www.deteniendoeltiempo.es\" target=\"_blank\" rel=\"noopener\">http:\/\/www.deteniendoeltiempo.es<\/a><\/p>\n<p>Visita nuestro blog si te interesa leer alg\u00fan articulo, pulsa <a href=\"https:\/\/bancodefotografias.com\/blog\/\">AQUI<\/a><\/p>\n<p>Tambi\u00e9n PUEDES\u00a0 ver mas CATEGORIAS de fotograf\u00edas\u00a0 dentro del Banco de fotograf\u00edas , pulsa <a href=\"https:\/\/bancodefotografias.com\/banco-de-fotografias-2\/\">AQUI<\/a><\/p>\n<p>&nbsp;<\/p>\n<p>&nbsp;<\/p>\n<\/div>\n<\/div>\n<\/div>\n<\/div>\n<\/div>\n<\/div>\n<\/div>\n<\/div>\n<\/div>\n<\/div>\n<\/div>\n<\/div>\n<p>&nbsp;<\/p>\n","protected":false},"excerpt":{"rendered":"<p>BANCO DE FOTOGRAFIAS<\/p>\n<p><strong>CATEGORIA:\u00a0 ANIMALES .-\u00a0<\/strong><\/p>\n<p><strong>N\u00ba de veces que esta a la venta imagen: 25<\/strong><\/p>\n<p><strong>DATOS IMAGEN:<\/strong><\/p>\n<div class=\"group-content-key-value group-content fileSize\">\n<p class=\"group-content-key-value-key\">Tama\u00f1o de archivo: 6,82 MB Dimensiones 6016 x 4000<\/p>\n<\/div>\n<p><strong>\u00a0<\/strong><\/p>\n<p><strong> Descarga de archivos y licencias<br \/>\nEl usuario tiene acceso privado completo al archivo descargado por tiempo ilimitado.<br \/>\nLos derechos de autor de la imagen descargada seguir\u00e1n perteneciendo a su propietario.<\/strong><\/p>\n<p><strong><br \/>\nDescarga de archivos: Peque\u00f1o<br \/>\nArchivo con una resoluci\u00f3n m\u00e1xima de 800 px<\/strong><\/p>\n<p><strong><br \/>\nDescarga de archivos: Pantalla<br \/>\nArchivo con una resoluci\u00f3n m\u00e1xima de 1024 p\u00edxeles.<\/strong><\/p>\n<p><strong><br \/>\nDescarga de archivos: Tama\u00f1o completo<br \/>\nArchivo original en la m\u00e1xima calidad para obtener un resultado \u00f3ptimo<\/p>\n<p>NO VALIDA SU UTILIZACION PARA VENTA DE LA PROPIA IMAGEN COMO FICHERO DE DESCARGA O SIMILAR.<br \/>\n<\/strong><\/p>\n","protected":false},"featured_media":0,"comment_status":"open","ping_status":"closed","template":"","meta":{"_et_pb_use_builder":"","_et_pb_old_content":"","_et_gb_content_width":""},"product_brand":[],"product_cat":[748,749,798],"product_tag":[695,883,543,791,896,544,820,1006,1005,876,882,889,890,886,884,699,894,891,892,895,700,709,702,708,707,706,701,698,697,888,881,703,696,704,880,705,694,879,885,877,887,878,893],"class_list":{"0":"post-987504115","1":"product","2":"type-product","3":"status-publish","5":"product_cat-banco-de-fotografias","6":"product_cat-animales-banco-de-fotografias","7":"product_cat-varios","8":"product_tag-animales-en-su-habitat-natural","9":"product_tag-arte-animal","10":"product_tag-banco-de-fotografias","11":"product_tag-banco-de-fotografias-de-animales","12":"product_tag-banco-de-fotografias-de-perrito-praderas","13":"product_tag-banco-de-imagenes","14":"product_tag-banco-de-imagenes-de-animales","15":"product_tag-dragon","16":"product_tag-dragon-komodo","17":"product_tag-fotografia-de-animales","18":"product_tag-fotografia-de-animales-domesticos","19":"product_tag-fotografia-de-animales-en-accion","20":"product_tag-fotografia-de-animales-en-su-habitat-natural","21":"product_tag-fotografia-de-aves","22":"product_tag-fotografia-de-mascotas","23":"product_tag-fotografias-de-animales-en-accion","24":"product_tag-fotografias-de-animales-en-alta-resolucion","25":"product_tag-fotografias-de-animales-en-blanco-y-negro","26":"product_tag-fotografias-de-animales-en-colores-vivos","27":"product_tag-fotografias-de-animales-en-cuadros","28":"product_tag-fotografias-de-animales-en-el-bosque","29":"product_tag-fotografias-de-animales-en-el-invierno","30":"product_tag-fotografias-de-animales-en-el-oceano","31":"product_tag-fotografias-de-animales-en-el-otono","32":"product_tag-fotografias-de-animales-en-el-verano","33":"product_tag-fotografias-de-animales-en-la-primavera","34":"product_tag-fotografias-de-animales-en-la-selva","35":"product_tag-fotografias-de-animales-en-macro","36":"product_tag-fotografias-de-animales-exoticos","37":"product_tag-fotografias-de-animales-marinos","38":"product_tag-fotografias-de-animales-silvestres","39":"product_tag-fotografias-de-aves-en-la-naturaleza","40":"product_tag-fotografias-de-fauna-salvaje","41":"product_tag-fotografias-de-mamiferos-en-su-entorno-natural","42":"product_tag-fotografias-de-naturaleza","43":"product_tag-fotografias-de-reptiles-en-su-habitat","44":"product_tag-fotografias-de-vida-animal","45":"product_tag-fotografias-de-vida-salvaje","46":"product_tag-fotos-de-animales-exoticos","47":"product_tag-imagenes-de-fauna","48":"product_tag-imagenes-de-mamiferos","49":"product_tag-retratos-animales","50":"product_tag-retratos-de-animales-con-caracter","52":"first","53":"instock","54":"taxable","55":"shipping-taxable","56":"product-type-external"},"_links":{"self":[{"href":"https:\/\/bancodefotografias.com\/inicio\/wp-json\/wp\/v2\/product\/987504115","targetHints":{"allow":["GET"]}}],"collection":[{"href":"https:\/\/bancodefotografias.com\/inicio\/wp-json\/wp\/v2\/product"}],"about":[{"href":"https:\/\/bancodefotografias.com\/inicio\/wp-json\/wp\/v2\/types\/product"}],"replies":[{"embeddable":true,"href":"https:\/\/bancodefotografias.com\/inicio\/wp-json\/wp\/v2\/comments?post=987504115"}],"wp:attachment":[{"href":"https:\/\/bancodefotografias.com\/inicio\/wp-json\/wp\/v2\/media?parent=987504115"}],"wp:term":[{"taxonomy":"product_brand","embeddable":true,"href":"https:\/\/bancodefotografias.com\/inicio\/wp-json\/wp\/v2\/product_brand?post=987504115"},{"taxonomy":"product_cat","embeddable":true,"href":"https:\/\/bancodefotografias.com\/inicio\/wp-json\/wp\/v2\/product_cat?post=987504115"},{"taxonomy":"product_tag","embeddable":true,"href":"https:\/\/bancodefotografias.com\/inicio\/wp-json\/wp\/v2\/product_tag?post=987504115"}],"curies":[{"name":"wp","href":"https:\/\/api.w.org\/{rel}","templated":true}]}}