{"id":987504101,"date":"2023-10-22T22:13:05","date_gmt":"2023-10-22T20:13:05","guid":{"rendered":"https:\/\/bancodefotografias.com\/?post_type=product&#038;p=987504101"},"modified":"2024-02-14T18:45:03","modified_gmt":"2024-02-14T17:45:03","slug":"banco-de-fotografias-dt79","status":"publish","type":"product","link":"https:\/\/bancodefotografias.com\/inicio\/imagenes\/banco-de-fotografias-dt79\/","title":{"rendered":"Banco de fotografias de animales, dt79"},"content":{"rendered":"<h4>Banco de fotograf\u00edas e im\u00e1genes de osos<\/h4>\n<div class=\"flex-1 overflow-hidden\">\n<div class=\"react-scroll-to-bottom--css-yjnsg-79elbk h-full dark:bg-gray-800\">\n<div class=\"react-scroll-to-bottom--css-yjnsg-1n7m0yu\">\n<div class=\"flex flex-col text-sm dark:bg-gray-800\">\n<div class=\"group final-completion w-full text-token-text-primary border-b border-black\/10 gizmo:border-0 dark:border-gray-900\/50 gizmo:dark:border-0 bg-gray-50 gizmo:bg-transparent dark:bg-[#444654] gizmo:dark:bg-transparent\" data-testid=\"conversation-turn-183\">\n<div class=\"p-4 justify-center text-base md:gap-6 md:py-6 m-auto\">\n<div class=\"flex flex-1 gap-4 text-base mx-auto md:gap-6 gizmo:gap-3 gizmo:md:px-5 gizmo:lg:px-1 gizmo:xl:px-5 md:max-w-2xl lg:max-w-[38rem] gizmo:md:max-w-3xl gizmo:lg:max-w-[40rem] gizmo:xl:max-w-[48rem] xl:max-w-3xl }\">\n<div class=\"relative flex w-[calc(100%-50px)] flex-col gizmo:w-full lg:w-[calc(100%-115px)] agent-turn\">\n<div class=\"flex-col gap-1 md:gap-3\">\n<div class=\"flex flex-grow flex-col gap-3 max-w-full\">\n<div class=\"min-h-[20px] flex flex-col items-start gap-3 whitespace-pre-wrap break-words overflow-x-auto\">\n<div class=\"markdown prose w-full break-words dark:prose-invert light\">\n<p>imagen de un oso pardo\u00a0 mirando de frente.<\/p>\n<p>\u00abAd\u00e9ntrate en el Mundo Majestuoso de los Osos: Fotos Online de Alta Calidad\u00bb<\/p>\n<p style=\"text-align: justify;\">Si necesitas realizar una sesi\u00f3n de fotograf\u00eda \u00fanica, \u00bb comuni\u00f3n, boda, bautizos, retrato, desnudo, lencer\u00eda, comercial, productos o de cualquier otro tipo\u00bb .<\/p>\n<p style=\"text-align: justify;\">Concierta una cita mandando un mensaje\u00a0 a INFORMACION@DETENIENDOELTIEMPO.ES o\u00a0 visitando\u00a0 nuestra pagina de fotograf\u00eda <a href=\"http:\/\/www.deteniendoeltiempo.es\" target=\"_blank\" rel=\"noopener\">http:\/\/www.deteniendoeltiempo.es<\/a><\/p>\n<p style=\"text-align: justify;\">Visita nuestro blog si te interesa leer alg\u00fan articulo, pulsa <a href=\"https:\/\/bancodefotografias.com\/blog\/\">AQUI<\/a><\/p>\n<p style=\"text-align: justify;\">Tambi\u00e9n PUEDES\u00a0 ver mas CATEGORIAS de fotograf\u00edas\u00a0 dentro del Banco de fotograf\u00edas , pulsa <a href=\"https:\/\/bancodefotografias.com\/banco-de-fotografias-2\/\">AQUI<\/a><\/p>\n<\/div>\n<\/div>\n<\/div>\n<\/div>\n<\/div>\n<\/div>\n<\/div>\n<\/div>\n<\/div>\n<\/div>\n<\/div>\n<\/div>\n<p>&nbsp;<\/p>\n","protected":false},"excerpt":{"rendered":"<p>BANCO DE FOTOGRAFIAS<\/p>\n<p><strong>CATEGORIA: ANIMALES .- OSOS<\/strong><\/p>\n<p><strong>N\u00ba de veces descarga maximo : 25<\/strong><\/p>\n<p><strong>DATOS IMAGEN: <\/strong>Tama\u00f1o de archivo: 4,17 MB Dimensiones 3008 x 2000<\/p>\n<p>&nbsp;<\/p>\n<p>&nbsp;<\/p>\n<p>Descarga de archivos y licencias<\/p>\n<p>El usuario tiene acceso privado completo al archivo descargado por tiempo ilimitado.<\/p>\n<p>Los derechos de autor de la imagen descargada seguir\u00e1n perteneciendo a su propietario.<\/p>\n<p>Descarga de archivos: Peque\u00f1o<\/p>\n<p>Archivo con una resoluci\u00f3n m\u00e1xima de 800 px<\/p>\n<p>Descarga de archivos: Pantalla<\/p>\n<p>Archivo con una resoluci\u00f3n m\u00e1xima de 1024 p\u00edxeles.<\/p>\n<p>Descarga de archivos: Tama\u00f1o completo<\/p>\n<p>Archivo original en la m\u00e1xima calidad para obtener un resultado \u00f3ptimo<\/p>\n<p>&nbsp;<\/p>\n<p>NO VALIDA SU UTILIZACION PARA VENTA DE LA PROPIA IMAGEN COMO FICHERO DE DESCARGA O SIMILAR.<\/p>\n","protected":false},"featured_media":0,"comment_status":"open","ping_status":"closed","template":"","meta":{"_et_pb_use_builder":"","_et_pb_old_content":"","_et_gb_content_width":""},"product_brand":[],"product_cat":[748,749,957],"product_tag":[543,791,1004,544,820,995,963,993,927,873,930,979,1003,981,658,999,991,998,862,869,986,944,985,925,990,983,874,977,987,1002,988,989,1000,662,1001,994,659,992,997,996,984,852],"class_list":{"0":"post-987504101","1":"product","2":"type-product","3":"status-publish","5":"product_cat-banco-de-fotografias","6":"product_cat-animales-banco-de-fotografias","7":"product_cat-osos","8":"product_tag-banco-de-fotografias","9":"product_tag-banco-de-fotografias-de-animales","10":"product_tag-banco-de-fotografias-de-osos","11":"product_tag-banco-de-imagenes","12":"product_tag-banco-de-imagenes-de-animales","13":"product_tag-belleza-natural-fotografias-de-osos-en-la-tundra","14":"product_tag-capturados-en-imagenes","15":"product_tag-descansando","16":"product_tag-detalle-increible","17":"product_tag-fotografias-artisticas","18":"product_tag-fotografias-autenticas","19":"product_tag-fotografias-de-exploracion","20":"product_tag-fotografias-de-la-tundra-artica","21":"product_tag-fotografias-de-natacion","22":"product_tag-fotografias-de-osos-en-alta-resolucion","23":"product_tag-fotografias-de-osos-en-familia","24":"product_tag-fotografias-de-osos-en-su-elemento","25":"product_tag-fotografias-de-osos-para-coleccionistas","26":"product_tag-fotografias-dinamicas","27":"product_tag-fotografias-encantadoras","28":"product_tag-fotografias-macro-de-osos","29":"product_tag-fotografias-naturales","30":"product_tag-fotografias-profesionales","31":"product_tag-imagenes-asombrosas","32":"product_tag-imagenes-de-osos-en-la-naturaleza","33":"product_tag-imagenes-de-osos-grizzly","34":"product_tag-imagenes-detalladas","35":"product_tag-momentos-de-intimidad","36":"product_tag-momentos-unicos-de-osos","37":"product_tag-osos-del-artico","38":"product_tag-osos-del-mundo","39":"product_tag-osos-en-blanco-y-negro","40":"product_tag-osos-en-el-agua","41":"product_tag-osos-en-el-bosque","42":"product_tag-osos-en-la-montana","43":"product_tag-osos-en-movimiento-fotografias-dinamicas","44":"product_tag-osos-en-su-habitat-natural","45":"product_tag-osos-jugando","46":"product_tag-osos-salvajes-en-fotografias-de-calidad-premium","47":"product_tag-osos-y-sus-crias-en-fotografias-adorables","48":"product_tag-polares","49":"product_tag-vida-salvaje","51":"first","52":"instock","53":"taxable","54":"shipping-taxable","55":"product-type-external"},"_links":{"self":[{"href":"https:\/\/bancodefotografias.com\/inicio\/wp-json\/wp\/v2\/product\/987504101","targetHints":{"allow":["GET"]}}],"collection":[{"href":"https:\/\/bancodefotografias.com\/inicio\/wp-json\/wp\/v2\/product"}],"about":[{"href":"https:\/\/bancodefotografias.com\/inicio\/wp-json\/wp\/v2\/types\/product"}],"replies":[{"embeddable":true,"href":"https:\/\/bancodefotografias.com\/inicio\/wp-json\/wp\/v2\/comments?post=987504101"}],"wp:attachment":[{"href":"https:\/\/bancodefotografias.com\/inicio\/wp-json\/wp\/v2\/media?parent=987504101"}],"wp:term":[{"taxonomy":"product_brand","embeddable":true,"href":"https:\/\/bancodefotografias.com\/inicio\/wp-json\/wp\/v2\/product_brand?post=987504101"},{"taxonomy":"product_cat","embeddable":true,"href":"https:\/\/bancodefotografias.com\/inicio\/wp-json\/wp\/v2\/product_cat?post=987504101"},{"taxonomy":"product_tag","embeddable":true,"href":"https:\/\/bancodefotografias.com\/inicio\/wp-json\/wp\/v2\/product_tag?post=987504101"}],"curies":[{"name":"wp","href":"https:\/\/api.w.org\/{rel}","templated":true}]}}