{"id":987504049,"date":"2023-10-22T18:47:28","date_gmt":"2023-10-22T16:47:28","guid":{"rendered":"https:\/\/bancodefotografias.com\/?post_type=product&#038;p=987504049"},"modified":"2024-02-14T09:45:53","modified_gmt":"2024-02-14T08:45:53","slug":"banco-de-fotografias-dt-66","status":"publish","type":"product","link":"https:\/\/bancodefotografias.com\/inicio\/imagenes\/banco-de-fotografias-dt-66\/","title":{"rendered":"Banco de fotografias de animales,  dt66"},"content":{"rendered":"<h4>Banco de fotograf\u00edas e im\u00e1genes de animales\u00a0 \u00abMariposas\u00bb<\/h4>\n<p>Fotografia de una\u00a0 mariposa<\/p>\n<p>&nbsp;<\/p>\n<div class=\"flex-1 overflow-hidden\">\n<div class=\"react-scroll-to-bottom--css-yjnsg-79elbk h-full dark:bg-gray-800\">\n<div class=\"react-scroll-to-bottom--css-yjnsg-1n7m0yu\">\n<div class=\"flex flex-col text-sm dark:bg-gray-800\">\n<div class=\"group final-completion w-full text-token-text-primary border-b border-black\/10 gizmo:border-0 dark:border-gray-900\/50 gizmo:dark:border-0 bg-gray-50 gizmo:bg-transparent dark:bg-[#444654] gizmo:dark:bg-transparent\" data-testid=\"conversation-turn-183\">\n<div class=\"p-4 justify-center text-base md:gap-6 md:py-6 m-auto\">\n<div class=\"flex flex-1 gap-4 text-base mx-auto md:gap-6 gizmo:gap-3 gizmo:md:px-5 gizmo:lg:px-1 gizmo:xl:px-5 md:max-w-2xl lg:max-w-[38rem] gizmo:md:max-w-3xl gizmo:lg:max-w-[40rem] gizmo:xl:max-w-[48rem] xl:max-w-3xl }\">\n<div class=\"relative flex w-[calc(100%-50px)] flex-col gizmo:w-full lg:w-[calc(100%-115px)] agent-turn\">\n<div class=\"flex-col gap-1 md:gap-3\">\n<div class=\"flex flex-grow flex-col gap-3 max-w-full\">\n<div class=\"min-h-[20px] flex flex-col items-start gap-3 whitespace-pre-wrap break-words overflow-x-auto\">\n<div class=\"markdown prose w-full break-words dark:prose-invert light\">\n<p>\u201cDescubre la Belleza Ef\u00edmera: Fotos Online de Mariposas Exquisitas\u201d<\/p>\n<\/div>\n<\/div>\n<\/div>\n<p style=\"text-align: justify;\">Si necesitas realizar una sesi\u00f3n de fotograf\u00eda \u00fanica, \u00bb comuni\u00f3n, boda, bautizos, retrato, desnudo, lencer\u00eda, comercial, productos o de cualquier otro tipo\u00bb .<\/p>\n<p style=\"text-align: justify;\">Concierta una cita mandando un mensaje\u00a0 a INFORMACION@DETENIENDOELTIEMPO.ES o\u00a0 visitando\u00a0 nuestra pagina de fotograf\u00eda <a href=\"http:\/\/www.deteniendoeltiempo.es\" target=\"_blank\" rel=\"noopener\">http:\/\/www.deteniendoeltiempo.es<\/a><\/p>\n<p style=\"text-align: justify;\">Visita nuestro blog si te interesa leer alg\u00fan articulo, pulsa <a href=\"https:\/\/bancodefotografias.com\/blog\/\">AQUI<\/a><\/p>\n<p style=\"text-align: justify;\">Tambi\u00e9n PUEDES\u00a0 ver mas CATEGORIAS de fotograf\u00edas\u00a0 dentro del Banco de fotograf\u00edas , pulsa <a href=\"https:\/\/bancodefotografias.com\/banco-de-fotografias-2\/\">AQUI<\/a><\/p>\n<\/div>\n<\/div>\n<\/div>\n<\/div>\n<\/div>\n<\/div>\n<\/div>\n<\/div>\n<\/div>\n","protected":false},"excerpt":{"rendered":"<p>BANCO DE FOTOGRAFIAS<\/p>\n<p><strong>CATEGORIA:\u00a0 ANIMALES.- MARIPOSAS<\/strong><\/p>\n<p>&nbsp;<\/p>\n<p><strong>DATOS IMAGEN: <\/strong><\/p>\n<p><strong>\u00a0<\/strong><\/p>\n<p><strong>\u00a0<\/strong><\/p>\n<p><strong>Tipos de licencia para descarga.<\/strong><\/p>\n<p>ESTANDAR .<\/p>\n<ul>\n<li>Uso ilimitado de impresi\u00f3n para\u00a0 uso particular<\/li>\n<li>Uso ilimitado en creaci\u00f3n de paginas web, blog y art\u00edculos.<\/li>\n<li>Uso ilimitado en creaci\u00f3n de productos para decoraci\u00f3n para uso particular.<\/li>\n<\/ul>\n<ul>\n<li><\/li>\n<\/ul>\n<ul>\n<li style=\"list-style-type: none;\">\n<ul>\n<li style=\"list-style-type: none;\">\n<ul>\n<li>NO ES VALIDA LA LICENCIA PARA USO COMERCIAL&#8230;..<\/li>\n<\/ul>\n<\/li>\n<\/ul>\n<\/li>\n<\/ul>\n<p><strong>\u00a0 MEJORADA.-<\/strong><\/p>\n<ul>\n<li>Uso ilimitado de impresiones , particular o profesional.<\/li>\n<li>Uso ilimitado en creaci\u00f3n de paginas web, blog y art\u00edculos.<\/li>\n<li>Uso ilimitado en creaci\u00f3n de productos para decoraci\u00f3n para uso particular o comercial.<\/li>\n<li>Impresiones publicitarias ilimitadas para lugares p\u00fablicos.<\/li>\n<li>PERMITIDA SU COMERCIALIZACION PARA VENTA DE PRODUCTOS , PUBLICIDAD CON LA IMAGEN&#8230;.<\/li>\n<\/ul>\n<ul>\n<li><\/li>\n<\/ul>\n<ul>\n<li style=\"list-style-type: none;\">\n<ul>\n<li style=\"list-style-type: none;\">\n<ul>\n<li><em>NO VALIDA SU UTILIZACION PARA VENTA DE LA PROPIA IMAGEN COMO FICHERO DE DESCARGA O SIMILAR.<\/em><\/li>\n<\/ul>\n<\/li>\n<\/ul>\n<\/li>\n<li>Autorizaci\u00f3n para plantillas web.<\/li>\n<li>Decoraci\u00f3n en espacios personales y comerciales.<\/li>\n<\/ul>\n<p><strong>NOTAS .-<\/strong><\/p>\n<ul>\n<li>Puedes descargar 3 veces el fichero.<\/li>\n<li>Tienes 15 Dias para descargar Fichero una vez realizada la compra<\/li>\n<li>La marca de Agua desaparece al descargar fichero.<\/li>\n<\/ul>\n<p><strong>\u00a0<\/strong><\/p>\n<p>Si necesitas realizar una sesi\u00f3n de fotograf\u00eda \u00fanica, \u00bb comuni\u00f3n, boda, bautizos, retrato, desnudo, lencer\u00eda, comercial, productos o de cualquier otro tipo\u00bb .<\/p>\n<p>Concierta una cita mandando un mensaje\u00a0 a INFORMACION@DETENIENDOELTIEMPO.ES o\u00a0 visitando\u00a0 nuestra pagina de fotograf\u00eda <a href=\"http:\/\/www.deteniendoeltiempo.es\">http:\/\/www.deteniendoeltiempo.es<\/a><\/p>\n<p>Visita nuestro blog si te interesa leer alg\u00fan articulo, pulsa <a href=\"https:\/\/bancodefotografias.com\/blog\/\">AQUI<\/a><\/p>\n<p>Tambi\u00e9n PUEDES\u00a0 ver mas CATEGORIAS de fotograf\u00edas\u00a0 dentro del Banco de fotograf\u00edas , pulsa <a href=\"https:\/\/bancodefotografias.com\/banco-de-fotografias-2\/\">AQUI<\/a><\/p>\n","protected":false},"featured_media":0,"comment_status":"open","ping_status":"closed","template":"","meta":{"_et_pb_use_builder":"","_et_pb_old_content":"","_et_gb_content_width":""},"product_brand":[],"product_cat":[748,749,2277,922],"product_tag":[934,543,791,951,544,820,932,927,921,931,873,930,950,923,937,862,869,942,928,944,946,925,874,486,926,945,929,939,935,943,933,948,938,924,941,949,947,936,940],"class_list":{"0":"post-987504049","1":"product","2":"type-product","3":"status-publish","5":"product_cat-banco-de-fotografias","6":"product_cat-animales-banco-de-fotografias","7":"product_cat-gratuitas","8":"product_cat-mariposas","9":"product_tag-alas-de-belleza","10":"product_tag-banco-de-fotografias","11":"product_tag-banco-de-fotografias-de-animales","12":"product_tag-banco-de-fotografias-de-mariposas","13":"product_tag-banco-de-imagenes","14":"product_tag-banco-de-imagenes-de-animales","15":"product_tag-coleccion-de-mariposas-en-fotos-de-calidad","16":"product_tag-detalle-increible","17":"product_tag-detalles-fascinantes","18":"product_tag-elegantes-mariposas-en-fotografias-artisticas","19":"product_tag-fotografias-artisticas","20":"product_tag-fotografias-autenticas","21":"product_tag-fotografias-de-galeria","22":"product_tag-fotografias-de-mariposas-en-alta-resolucion","23":"product_tag-fotografias-de-mariposas-raras","24":"product_tag-fotografias-dinamicas","25":"product_tag-fotografias-encantadoras","26":"product_tag-fotografias-impactantes","27":"product_tag-fotografias-macro-de-mariposas","28":"product_tag-fotografias-naturales","29":"product_tag-fotografias-nocturnas","30":"product_tag-imagenes-asombrosas","31":"product_tag-imagenes-detalladas","32":"product_tag-mariposas","33":"product_tag-mariposas-coloridas-en-fotografias-profesionales","34":"product_tag-mariposas-de-noche","35":"product_tag-mariposas-del-mundo","36":"product_tag-mariposas-en-blanco-y-negro","37":"product_tag-mariposas-en-fotografias-hd","38":"product_tag-mariposas-en-jardines","39":"product_tag-mariposas-en-la-naturaleza","40":"product_tag-mariposas-en-macrofotografias-detalladas","41":"product_tag-mariposas-en-vuelo","42":"product_tag-mariposas-exoticas","43":"product_tag-mariposas-monarca","44":"product_tag-mariposas-tropicales-en-fotografias-de-alta-definicion","45":"product_tag-mariposas-y-flores-en-fotografias-romanticas","46":"product_tag-patrones-unicos","47":"product_tag-vida-de-mariposas-capturada-en-imagenes","49":"first","50":"instock","51":"taxable","52":"shipping-taxable","53":"purchasable","54":"product-type-variable"},"_links":{"self":[{"href":"https:\/\/bancodefotografias.com\/inicio\/wp-json\/wp\/v2\/product\/987504049","targetHints":{"allow":["GET"]}}],"collection":[{"href":"https:\/\/bancodefotografias.com\/inicio\/wp-json\/wp\/v2\/product"}],"about":[{"href":"https:\/\/bancodefotografias.com\/inicio\/wp-json\/wp\/v2\/types\/product"}],"replies":[{"embeddable":true,"href":"https:\/\/bancodefotografias.com\/inicio\/wp-json\/wp\/v2\/comments?post=987504049"}],"wp:attachment":[{"href":"https:\/\/bancodefotografias.com\/inicio\/wp-json\/wp\/v2\/media?parent=987504049"}],"wp:term":[{"taxonomy":"product_brand","embeddable":true,"href":"https:\/\/bancodefotografias.com\/inicio\/wp-json\/wp\/v2\/product_brand?post=987504049"},{"taxonomy":"product_cat","embeddable":true,"href":"https:\/\/bancodefotografias.com\/inicio\/wp-json\/wp\/v2\/product_cat?post=987504049"},{"taxonomy":"product_tag","embeddable":true,"href":"https:\/\/bancodefotografias.com\/inicio\/wp-json\/wp\/v2\/product_tag?post=987504049"}],"curies":[{"name":"wp","href":"https:\/\/api.w.org\/{rel}","templated":true}]}}